{"id":14990,"date":"2026-05-01T08:43:01","date_gmt":"2026-05-01T06:43:01","guid":{"rendered":"https:\/\/freizeit-technik.de\/cubos-cubos-de-espuma\/"},"modified":"2026-05-01T08:43:02","modified_gmt":"2026-05-01T06:43:02","slug":"cubos-cubos-de-espuma","status":"publish","type":"page","link":"https:\/\/freizeit-technik.de\/pt-pt\/cubos-cubos-de-espuma\/","title":{"rendered":"Cubos &#8211; cubos de espuma"},"content":{"rendered":"\n<h3 class=\"wp-block-heading\">Qualidade sem arestas<\/h3>\n\n<p>Como \u00e9 que podes aumentar a atratividade do teu parque de trampolins e poupar tempo e dinheiro ao mesmo tempo?  <br\/><strong>Com os nossos cubos de espuma!<\/strong><br\/>Gra\u00e7as \u00e0 qualidade \u00fanica dos JUMP-SPORTS, com superf\u00edcies lisas e cantos e arestas arredondados, t\u00eam um aspeto fant\u00e1stico, garantem uma aterragem particularmente suave e s\u00e3o extremamente robustos. Estas vantagens s\u00e3o poss\u00edveis gra\u00e7as \u00e0 espuma\u00e7\u00e3o individual de cada bloco, ao contr\u00e1rio dos blocos de espuma cortados convencionais. Desta forma, s\u00e3o criadas superf\u00edcies fechadas com contornos exteriores arredondados &#8211; e, por conseguinte, blocos resistentes, permanentemente atraentes e que quase n\u00e3o necessitam de ser soltos. Uma aterragem suave para os teus visitantes &#8211; pouco esfor\u00e7o para ti.   <br\/><br\/>Se estiveres interessado, contacta-nos <a href=\"https:\/\/freizeit-technik.de\/kontakt\/\" data-type=\"page\" data-id=\"116\"><strong>diretamente<\/strong><\/a>.<\/p>\n\n<div class=\"wp-block-columns is-layout-flex wp-container-core-columns-is-layout-28f84493 wp-block-columns-is-layout-flex\">\n<div class=\"wp-block-column is-layout-flow wp-block-column-is-layout-flow\">\n<figure class=\"wp-block-image size-full\"><img loading=\"lazy\" decoding=\"async\" width=\"600\" height=\"600\" src=\"https:\/\/freizeit-technik.de\/wp-content\/uploads\/2025\/01\/cube_schwarz_hand.jpg\" alt=\"\" class=\"wp-image-5363\" srcset=\"https:\/\/freizeit-technik.de\/wp-content\/uploads\/2025\/01\/cube_schwarz_hand.jpg 600w, https:\/\/freizeit-technik.de\/wp-content\/uploads\/2025\/01\/cube_schwarz_hand-300x300.jpg 300w, https:\/\/freizeit-technik.de\/wp-content\/uploads\/2025\/01\/cube_schwarz_hand-150x150.jpg 150w, https:\/\/freizeit-technik.de\/wp-content\/uploads\/2025\/01\/cube_schwarz_hand-324x324.jpg 324w, https:\/\/freizeit-technik.de\/wp-content\/uploads\/2025\/01\/cube_schwarz_hand-416x416.jpg 416w, https:\/\/freizeit-technik.de\/wp-content\/uploads\/2025\/01\/cube_schwarz_hand-100x100.jpg 100w\" sizes=\"auto, (max-width: 600px) 100vw, 600px\" \/><\/figure>\n<\/div>\n\n\n\n<div class=\"wp-block-column is-layout-flow wp-block-column-is-layout-flow\">\n<figure class=\"wp-block-image size-full\"><img loading=\"lazy\" decoding=\"async\" width=\"568\" height=\"600\" src=\"https:\/\/freizeit-technik.de\/wp-content\/uploads\/2025\/01\/cube_gelb-e1738330991282.jpg\" alt=\"\" class=\"wp-image-5361\" srcset=\"https:\/\/freizeit-technik.de\/wp-content\/uploads\/2025\/01\/cube_gelb-e1738330991282.jpg 568w, https:\/\/freizeit-technik.de\/wp-content\/uploads\/2025\/01\/cube_gelb-e1738330991282-284x300.jpg 284w, https:\/\/freizeit-technik.de\/wp-content\/uploads\/2025\/01\/cube_gelb-e1738330991282-142x150.jpg 142w, https:\/\/freizeit-technik.de\/wp-content\/uploads\/2025\/01\/cube_gelb-e1738330991282-324x342.jpg 324w, https:\/\/freizeit-technik.de\/wp-content\/uploads\/2025\/01\/cube_gelb-e1738330991282-416x439.jpg 416w\" sizes=\"auto, (max-width: 568px) 100vw, 568px\" \/><\/figure>\n<\/div>\n\n\n\n<div class=\"wp-block-column is-layout-flow wp-block-column-is-layout-flow\">\n<figure class=\"wp-block-image size-full\"><img loading=\"lazy\" decoding=\"async\" width=\"600\" height=\"600\" src=\"https:\/\/freizeit-technik.de\/wp-content\/uploads\/2025\/01\/cube_gelb_schwarz.jpg\" alt=\"Cubo de espuma cubo\" class=\"wp-image-5359\" srcset=\"https:\/\/freizeit-technik.de\/wp-content\/uploads\/2025\/01\/cube_gelb_schwarz.jpg 600w, https:\/\/freizeit-technik.de\/wp-content\/uploads\/2025\/01\/cube_gelb_schwarz-300x300.jpg 300w, https:\/\/freizeit-technik.de\/wp-content\/uploads\/2025\/01\/cube_gelb_schwarz-150x150.jpg 150w, https:\/\/freizeit-technik.de\/wp-content\/uploads\/2025\/01\/cube_gelb_schwarz-324x324.jpg 324w, https:\/\/freizeit-technik.de\/wp-content\/uploads\/2025\/01\/cube_gelb_schwarz-416x416.jpg 416w, https:\/\/freizeit-technik.de\/wp-content\/uploads\/2025\/01\/cube_gelb_schwarz-100x100.jpg 100w\" sizes=\"auto, (max-width: 600px) 100vw, 600px\" \/><\/figure>\n<\/div>\n<\/div>\n\n<h3 class=\"wp-block-heading\">V\u00ea o nosso v\u00eddeo:<\/h3>\n\n<hr class=\"wp-block-separator has-text-color has-luminous-vivid-orange-color has-alpha-channel-opacity has-luminous-vivid-orange-background-color has-background is-style-wide\"\/>\n\n<figure class=\"wp-block-video\"><video height=\"720\" style=\"aspect-ratio: 1280 \/ 720;\" width=\"1280\" controls=\"\" poster=\"https:\/\/freizeit-technik.de\/wp-content\/uploads\/2025\/02\/Bildschirmfoto-2025-02-06-um-11.38.43.png\" src=\"https:\/\/freizeit-technik.de\/wp-content\/uploads\/2019\/05\/JumpSportsCubes_low1.mov\"><\/video><\/figure>\n\n<hr class=\"wp-block-separator has-text-color has-luminous-vivid-orange-color has-alpha-channel-opacity has-luminous-vivid-orange-background-color has-background is-style-wide\"\/>\n\n<p><strong><mark style=\"background-color:rgba(0, 0, 0, 0)\" class=\"has-inline-color has-luminous-vivid-orange-color\">VANTAGENS:<\/mark><\/strong><br\/><strong>A MAIS ALTA QUALIDADE:<\/strong> Espuma europeia cuidadosamente processada, sem subst\u00e2ncias nocivas, n\u00e3o inflam\u00e1vel<br\/><strong>\u00daNICO: <\/strong>Design especial para uma experi\u00eancia de aterragem extraordin\u00e1ria<br\/><strong>DUR\u00c1VEL: <\/strong>Alta resili\u00eancia, quase nenhuma compress\u00e3o ou quebra de material<br\/><strong>F\u00c1CIL DE CUIDAR: <\/strong>Esfor\u00e7o de limpeza e de soltura significativamente reduzido<br\/><strong>ATRATIVO:<\/strong> Aspeto permanentemente fant\u00e1stico, possibilidade de cores vivas<\/p>\n","protected":false},"excerpt":{"rendered":"<p>Qualidade sem arestas Como \u00e9 que podes aumentar a atratividade do teu parque de trampolins e poupar tempo e dinheiro ao mesmo tempo? Com os nossos cubos de espuma!Gra\u00e7as \u00e0 qualidade \u00fanica dos JUMP-SPORTS, com superf\u00edcies lisas e cantos e arestas arredondados, t\u00eam um aspeto fant\u00e1stico, garantem uma aterragem particularmente suave e s\u00e3o extremamente robustos. [&hellip;]<\/p>\n","protected":false},"author":16,"featured_media":0,"parent":0,"menu_order":0,"comment_status":"closed","ping_status":"closed","template":"","meta":{"_acf_changed":false,"footnotes":""},"class_list":["post-14990","page","type-page","status-publish","hentry"],"acf":[],"_links":{"self":[{"href":"https:\/\/freizeit-technik.de\/pt-pt\/wp-json\/wp\/v2\/pages\/14990","targetHints":{"allow":["GET"]}}],"collection":[{"href":"https:\/\/freizeit-technik.de\/pt-pt\/wp-json\/wp\/v2\/pages"}],"about":[{"href":"https:\/\/freizeit-technik.de\/pt-pt\/wp-json\/wp\/v2\/types\/page"}],"author":[{"embeddable":true,"href":"https:\/\/freizeit-technik.de\/pt-pt\/wp-json\/wp\/v2\/users\/16"}],"replies":[{"embeddable":true,"href":"https:\/\/freizeit-technik.de\/pt-pt\/wp-json\/wp\/v2\/comments?post=14990"}],"version-history":[{"count":4,"href":"https:\/\/freizeit-technik.de\/pt-pt\/wp-json\/wp\/v2\/pages\/14990\/revisions"}],"predecessor-version":[{"id":14995,"href":"https:\/\/freizeit-technik.de\/pt-pt\/wp-json\/wp\/v2\/pages\/14990\/revisions\/14995"}],"wp:attachment":[{"href":"https:\/\/freizeit-technik.de\/pt-pt\/wp-json\/wp\/v2\/media?parent=14990"}],"curies":[{"name":"wp","href":"https:\/\/api.w.org\/{rel}","templated":true}]}}