{"id":15103,"date":"2026-05-01T08:43:54","date_gmt":"2026-05-01T06:43:54","guid":{"rendered":"https:\/\/freizeit-technik.de\/acessorios-para-trampolins-de-bungee\/"},"modified":"2026-05-01T08:43:56","modified_gmt":"2026-05-01T06:43:56","slug":"acessorios-para-trampolins-de-bungee","status":"publish","type":"page","link":"https:\/\/freizeit-technik.de\/pt-pt\/acessorios-para-trampolins-de-bungee\/","title":{"rendered":"Acess\u00f3rios para trampolins de bungee"},"content":{"rendered":"\n<p>Fornecemos acess\u00f3rios e pe\u00e7as sobresselentes para todos os sistemas de trampolins com el\u00e1stico utilizados comercialmente.  <br\/>Para al\u00e9m de numerosos artigos de marca, dispomos tamb\u00e9m das nossas pr\u00f3prias gamas de produtos que s\u00f3 encontrar\u00e1s aqui.  <br\/>Com uma gama incompar\u00e1vel de cordas el\u00e1sticas e arneses, podes obter exatamente aquilo de que precisas.  <\/p>\n\n<p>Est\u00e3o dispon\u00edveis pe\u00e7as sobresselentes mec\u00e2nicas para os nossos sistemas de trampolins de el\u00e1stico, bem como para os &#8220;Bungy-Trampolines 4in1&#8221; das marcas hist\u00f3ricas &#8220;Eurobungy&#8221; e &#8220;Funvision&#8221;. <strong><u><a href=\"https:\/\/freizeit-technik.de\/kontakt\/\" data-type=\"page\" data-id=\"116\">a pedido<\/a><\/u><\/strong>.  <\/p>\n\n<p><\/p>\n\n<p><\/p>\n\n<p><\/p>\n","protected":false},"excerpt":{"rendered":"<p>Fornecemos acess\u00f3rios e pe\u00e7as sobresselentes para todos os sistemas de trampolins com el\u00e1stico utilizados comercialmente. Para al\u00e9m de numerosos artigos de marca, dispomos tamb\u00e9m das nossas pr\u00f3prias gamas de produtos que s\u00f3 encontrar\u00e1s aqui. Com uma gama incompar\u00e1vel de cordas el\u00e1sticas e arneses, podes obter exatamente aquilo de que precisas. Est\u00e3o dispon\u00edveis pe\u00e7as sobresselentes mec\u00e2nicas [&hellip;]<\/p>\n","protected":false},"author":16,"featured_media":0,"parent":0,"menu_order":0,"comment_status":"closed","ping_status":"closed","template":"template-overview.php","meta":{"_acf_changed":false,"footnotes":""},"class_list":["post-15103","page","type-page","status-publish","hentry"],"acf":[],"_links":{"self":[{"href":"https:\/\/freizeit-technik.de\/pt-pt\/wp-json\/wp\/v2\/pages\/15103","targetHints":{"allow":["GET"]}}],"collection":[{"href":"https:\/\/freizeit-technik.de\/pt-pt\/wp-json\/wp\/v2\/pages"}],"about":[{"href":"https:\/\/freizeit-technik.de\/pt-pt\/wp-json\/wp\/v2\/types\/page"}],"author":[{"embeddable":true,"href":"https:\/\/freizeit-technik.de\/pt-pt\/wp-json\/wp\/v2\/users\/16"}],"replies":[{"embeddable":true,"href":"https:\/\/freizeit-technik.de\/pt-pt\/wp-json\/wp\/v2\/comments?post=15103"}],"version-history":[{"count":2,"href":"https:\/\/freizeit-technik.de\/pt-pt\/wp-json\/wp\/v2\/pages\/15103\/revisions"}],"predecessor-version":[{"id":15106,"href":"https:\/\/freizeit-technik.de\/pt-pt\/wp-json\/wp\/v2\/pages\/15103\/revisions\/15106"}],"wp:attachment":[{"href":"https:\/\/freizeit-technik.de\/pt-pt\/wp-json\/wp\/v2\/media?parent=15103"}],"curies":[{"name":"wp","href":"https:\/\/api.w.org\/{rel}","templated":true}]}}