{"id":15254,"date":"2026-05-02T20:59:31","date_gmt":"2026-05-02T18:59:31","guid":{"rendered":"https:\/\/freizeit-technik.de\/aventura-de-futebol-e-golfe\/"},"modified":"2026-05-02T20:59:42","modified_gmt":"2026-05-02T18:59:42","slug":"aventura-de-futebol-e-golfe","status":"publish","type":"page","link":"https:\/\/freizeit-technik.de\/pt-pt\/aventura-de-futebol-e-golfe\/","title":{"rendered":"Aventura de futebol e golfe"},"content":{"rendered":"<p>Adventure Soccer combina o conceito b\u00e1sico de mini-golfe com o futebol, o desporto nacional n\u00famero um, e tamb\u00e9m pode ser descrito como &#8220;mini-golfe de futebol&#8221;.<\/p>\n","protected":false},"excerpt":{"rendered":"<p>Adventure Soccer combina o conceito b\u00e1sico de mini-golfe com o futebol, o desporto nacional n\u00famero um, e tamb\u00e9m pode ser descrito como &#8220;mini-golfe de futebol&#8221;.<\/p>\n","protected":false},"author":1,"featured_media":0,"parent":0,"menu_order":0,"comment_status":"closed","ping_status":"closed","template":"template-overview.php","meta":{"_acf_changed":false,"footnotes":""},"class_list":["post-15254","page","type-page","status-publish","hentry"],"acf":[],"_links":{"self":[{"href":"https:\/\/freizeit-technik.de\/pt-pt\/wp-json\/wp\/v2\/pages\/15254","targetHints":{"allow":["GET"]}}],"collection":[{"href":"https:\/\/freizeit-technik.de\/pt-pt\/wp-json\/wp\/v2\/pages"}],"about":[{"href":"https:\/\/freizeit-technik.de\/pt-pt\/wp-json\/wp\/v2\/types\/page"}],"author":[{"embeddable":true,"href":"https:\/\/freizeit-technik.de\/pt-pt\/wp-json\/wp\/v2\/users\/1"}],"replies":[{"embeddable":true,"href":"https:\/\/freizeit-technik.de\/pt-pt\/wp-json\/wp\/v2\/comments?post=15254"}],"version-history":[{"count":1,"href":"https:\/\/freizeit-technik.de\/pt-pt\/wp-json\/wp\/v2\/pages\/15254\/revisions"}],"predecessor-version":[{"id":15273,"href":"https:\/\/freizeit-technik.de\/pt-pt\/wp-json\/wp\/v2\/pages\/15254\/revisions\/15273"}],"wp:attachment":[{"href":"https:\/\/freizeit-technik.de\/pt-pt\/wp-json\/wp\/v2\/media?parent=15254"}],"curies":[{"name":"wp","href":"https:\/\/api.w.org\/{rel}","templated":true}]}}