{"id":15381,"date":"2026-05-04T14:35:44","date_gmt":"2026-05-04T12:35:44","guid":{"rendered":"https:\/\/freizeit-technik.de\/instalacoes-de-trampolins-de-bungee\/"},"modified":"2026-05-04T14:35:45","modified_gmt":"2026-05-04T12:35:45","slug":"instalacoes-de-trampolins-de-bungee","status":"publish","type":"page","link":"https:\/\/freizeit-technik.de\/pt-pt\/instalacoes-de-trampolins-de-bungee\/","title":{"rendered":"Instala\u00e7\u00f5es de trampolins de bungee"},"content":{"rendered":"<p>Foi um palpite ou uma presun\u00e7\u00e3o? Provavelmente uma mistura de ambos.<br \/>\nH\u00e1 d\u00e9cadas atr\u00e1s, ainda era geralmente referido como uma &#8220;tend\u00eancia&#8221;, mas o nosso grande sistema de bungee trampolim recebeu o nome de &#8220;4tramp classic&#8221; logo no primeiro ano de produ\u00e7\u00e3o.<br \/>\nPorque \u00e9 que a alegria de uma sequ\u00eancia de movimentos fisicamente imposs\u00edvel e intensamente experimentada deveria diminuir em algum momento?<br \/>\nOs nossos sistemas de bungee trampolim tornaram-se um sucesso duradouro e mundial. E ainda hoje, um sistema de bungee trampolim feito por n\u00f3s no local certo \u00e9 um investimento ger\u00edvel com excelentes perspectivas de venda.<br \/>\nQuer seja m\u00f3vel ou estacion\u00e1rio, oferecemos uma solu\u00e7\u00e3o \u00f3ptima para cada local.  <\/p>\n","protected":false},"excerpt":{"rendered":"<p>Foi um palpite ou uma presun\u00e7\u00e3o? Provavelmente uma mistura de ambos. H\u00e1 d\u00e9cadas atr\u00e1s, ainda era geralmente referido como uma &#8220;tend\u00eancia&#8221;, mas o nosso grande sistema de bungee trampolim recebeu o nome de &#8220;4tramp classic&#8221; logo no primeiro ano de produ\u00e7\u00e3o. Porque \u00e9 que a alegria de uma sequ\u00eancia de movimentos fisicamente imposs\u00edvel e intensamente [&hellip;]<\/p>\n","protected":false},"author":1,"featured_media":0,"parent":0,"menu_order":0,"comment_status":"closed","ping_status":"closed","template":"template-overview.php","meta":{"_acf_changed":false,"footnotes":""},"class_list":["post-15381","page","type-page","status-publish","hentry"],"acf":[],"_links":{"self":[{"href":"https:\/\/freizeit-technik.de\/pt-pt\/wp-json\/wp\/v2\/pages\/15381","targetHints":{"allow":["GET"]}}],"collection":[{"href":"https:\/\/freizeit-technik.de\/pt-pt\/wp-json\/wp\/v2\/pages"}],"about":[{"href":"https:\/\/freizeit-technik.de\/pt-pt\/wp-json\/wp\/v2\/types\/page"}],"author":[{"embeddable":true,"href":"https:\/\/freizeit-technik.de\/pt-pt\/wp-json\/wp\/v2\/users\/1"}],"replies":[{"embeddable":true,"href":"https:\/\/freizeit-technik.de\/pt-pt\/wp-json\/wp\/v2\/comments?post=15381"}],"version-history":[{"count":1,"href":"https:\/\/freizeit-technik.de\/pt-pt\/wp-json\/wp\/v2\/pages\/15381\/revisions"}],"predecessor-version":[{"id":15421,"href":"https:\/\/freizeit-technik.de\/pt-pt\/wp-json\/wp\/v2\/pages\/15381\/revisions\/15421"}],"wp:attachment":[{"href":"https:\/\/freizeit-technik.de\/pt-pt\/wp-json\/wp\/v2\/media?parent=15381"}],"curies":[{"name":"wp","href":"https:\/\/api.w.org\/{rel}","templated":true}]}}