{"id":10983,"date":"2026-03-11T11:41:01","date_gmt":"2026-03-11T10:41:01","guid":{"rendered":"https:\/\/freizeit-technik.de\/shop\/tapete-de-saltos-pp-tipo-1-para-trampolins\/"},"modified":"2026-04-21T17:43:30","modified_gmt":"2026-04-21T15:43:30","slug":"tapete-de-saltos-pp-tipo-1-para-trampolins","status":"publish","type":"product","link":"https:\/\/freizeit-technik.de\/pt-pt\/shop\/tapete-de-saltos-pp-tipo-1-para-trampolins\/","title":{"rendered":"Tapete de saltos PP tipo 1 para trampolins"},"content":{"rendered":"<p><strong>largura m\u00e1xima: 450cm<br \/>\n<\/strong><strong>comprimento m\u00e1ximo: 20m<br \/>\n<\/strong><strong>Aplica\u00e7\u00e3o: interior e exterior<br \/>\n<\/strong><strong>cor: preto<br \/>\n<\/strong><strong>desempenho de lan\u00e7amento: ++<br \/>\n<\/strong><strong>elasticidade da ponta: ++<br \/>\n<\/strong><strong>resist\u00eancia aos raios UV: ++++<\/strong><strong><br \/>\n<\/strong><strong>Limpeza: ++<\/strong><\/p>\n<p><img loading=\"lazy\" decoding=\"async\" class=\"size-full wp-image-682 alignleft\" src=\"https:\/\/freizeit-technik.de\/wp-content\/uploads\/2017\/03\/Q_deutschland-1.gif\" alt=\"\" width=\"64\" height=\"64\"><\/p>\n","protected":false},"excerpt":{"rendered":"<p>O nosso tapete de saltos de tipo 1 em tecido PP preto \u00e9 robusto e tem sido utilizado em grande n\u00famero h\u00e1 anos. Um tapete de saltos com uma boa rela\u00e7\u00e3o pre\u00e7o\/desempenho. <\/p>\n<p>Fabricado \u00e0 medida na nossa pr\u00f3pria oficina de selaria em Estugarda.<\/p>\n<p><strong>Requisitos para as categorias de pre\u00e7os:<\/strong><\/p>\n<ul>\n<li><strong>Tamanho 1: <\/strong>At\u00e9 2m\u00b2 + nenhum lado com menos de 90cm, por exemplo, <strong>at\u00e9 140 x 140cm<\/strong><\/li>\n<li style=\"text-align: left;\"><strong>Tamanho 2: <\/strong>At\u00e9 5m\u00b2 + nenhum lado com menos de 120cm, por exemplo, <strong>at\u00e9 200 x 250cm<\/strong><\/li>\n<li style=\"text-align: left;\"><strong>Tamanho 3: <\/strong>At\u00e9 8,5m\u00b2 + nenhum lado com menos de 150cm, por exemplo, <strong>at\u00e9 195 x 435cm<\/strong><\/li>\n<li style=\"text-align: left;\"><strong>Tamanho 4: <\/strong>At\u00e9 12m\u00b2 + nenhum lado com menos de 180cm, por exemplo, <strong>at\u00e9 240 x 500cm<\/strong><\/li>\n<li><strong>Tamanho standard &#8220;M\u00f3dulo Multitramp tramp&#8221;  <\/strong><\/li>\n<li><strong>Tamanho standard &#8220;M\u00f3dulo de el\u00e1stico Multitramp&#8221;<\/strong><\/li>\n<\/ul>\n<p>Quadrado ou retangular. Para outras formas (redondas, triangulares, octogonais, etc.) e panos mais estreitos, envia-nos um pedido separado. <\/p>\n<p><strong>Pre\u00e7os graduados para folhas de saltos id\u00eanticas: <\/strong>Se aumentares o n\u00famero de pe\u00e7as para<br \/>\n2, 4, 6, 8 ou 10, o pre\u00e7o por unidade \u00e9 reduzido!<\/p>\n<p><strong>Processo de encomenda: <\/strong>Para as folhas de saltos multitramp, n\u00e3o necessitamos de quaisquer medidas da tua parte. Para o fabrico de equipamentos de outros fabricantes, consulta as encomendas anteriores ao fazeres a tua encomenda. Se ainda n\u00e3o tivermos registado o teu tapete de saltos com as dimens\u00f5es correspondentes, por favor informa-nos. Se precisares de ajuda, contacta-nos. Teremos todo o gosto em ajudar-te a determinar as dimens\u00f5es corretas!    <\/p>\n<p><strong>Prazo de entrega: <\/strong>normalmente 1-2 semanas.<\/p>\n<p><strong>Importante, prescrito de acordo com a norma DIN EN ISO 23659: <\/strong><\/p>\n<ul>\n<li><strong>Avental de seguran\u00e7a<\/strong> sobre o tapete de saltos, que fecha o espa\u00e7o entre o tapete de saltos e o acolchoamento (Fig. 2).<\/li>\n<li>A <strong>estrutura de cintas coloridas<\/strong> que marca a \u00e1rea segura para saltar (Fig. 3).<\/li>\n<li><strong>Rede de seguran\u00e7a redundante<\/strong> por baixo do tapete de saltos (Fig. 4).<\/li>\n<li>Diferen\u00e7a de cor claramente vis\u00edvel entre o enchimento do trampolim e o tapete de salto do trampolim<\/li>\n<\/ul>\n<p>Se, mesmo assim, quiseres renunciar a estes requisitos, envia-nos uma declara\u00e7\u00e3o de exonera\u00e7\u00e3o de responsabilidade por escrito imediatamente ap\u00f3s a realiza\u00e7\u00e3o da encomenda.<\/p>\n<p><strong>Operador de parque de trampolins<\/strong><br \/>\nDirige um parque de trampolins ou v\u00e1rias instala\u00e7\u00f5es de trampolins com grande procura, formas e tamanhos individuais? Apoiamos-te com a nossa experi\u00eancia e fornecemos-te um or\u00e7amento para a renova\u00e7\u00e3o dos teus trampolins e almofadas de trampolim. <\/p>\n","protected":false},"featured_media":11112,"comment_status":"open","ping_status":"closed","template":"","meta":{"_acf_changed":false},"product_brand":[],"product_cat":[198],"product_tag":[],"class_list":{"0":"post-10983","1":"product","2":"type-product","3":"status-publish","4":"has-post-thumbnail","6":"product_cat-folhas-de-saltos-em-trampolim","8":"first","9":"instock","10":"taxable","11":"shipping-taxable","12":"product-type-variable"},"acf":[],"_links":{"self":[{"href":"https:\/\/freizeit-technik.de\/pt-pt\/wp-json\/wp\/v2\/product\/10983","targetHints":{"allow":["GET"]}}],"collection":[{"href":"https:\/\/freizeit-technik.de\/pt-pt\/wp-json\/wp\/v2\/product"}],"about":[{"href":"https:\/\/freizeit-technik.de\/pt-pt\/wp-json\/wp\/v2\/types\/product"}],"replies":[{"embeddable":true,"href":"https:\/\/freizeit-technik.de\/pt-pt\/wp-json\/wp\/v2\/comments?post=10983"}],"wp:featuredmedia":[{"embeddable":true,"href":"https:\/\/freizeit-technik.de\/pt-pt\/wp-json\/wp\/v2\/media\/11112"}],"wp:attachment":[{"href":"https:\/\/freizeit-technik.de\/pt-pt\/wp-json\/wp\/v2\/media?parent=10983"}],"wp:term":[{"taxonomy":"product_brand","embeddable":true,"href":"https:\/\/freizeit-technik.de\/pt-pt\/wp-json\/wp\/v2\/product_brand?post=10983"},{"taxonomy":"product_cat","embeddable":true,"href":"https:\/\/freizeit-technik.de\/pt-pt\/wp-json\/wp\/v2\/product_cat?post=10983"},{"taxonomy":"product_tag","embeddable":true,"href":"https:\/\/freizeit-technik.de\/pt-pt\/wp-json\/wp\/v2\/product_tag?post=10983"}],"curies":[{"name":"wp","href":"https:\/\/api.w.org\/{rel}","templated":true}]}}