{"id":12254,"date":"2026-03-07T12:18:45","date_gmt":"2026-03-07T11:18:45","guid":{"rendered":"https:\/\/freizeit-technik.de\/shop\/tapete-de-salto-em-pvc-de-desempenho-tipo-4-cinzento-para-trampolins\/"},"modified":"2026-04-22T11:35:04","modified_gmt":"2026-04-22T09:35:04","slug":"tapete-de-salto-em-pvc-de-desempenho-tipo-4-cinzento-para-trampolins","status":"publish","type":"product","link":"https:\/\/freizeit-technik.de\/pt-pt\/shop\/tapete-de-salto-em-pvc-de-desempenho-tipo-4-cinzento-para-trampolins\/","title":{"rendered":"Tapete de salto em PVC de desempenho tipo 4 cinzento para trampolins"},"content":{"rendered":"<p><strong>largura m\u00e1xima: 320cm<br \/>\n<\/strong><strong>comprimento m\u00e1ximo: 800cm<br \/>\n<\/strong><strong>Aplica\u00e7\u00e3o: interior e exterior<br \/>\n<\/strong><strong>Cor: cinzento<br \/>\n<\/strong><strong>Capacidade de lan\u00e7amento: +++++<br \/>\n<\/strong><strong>Elasticidade da ponta: ++++<br \/>\n<\/strong><strong>Resist\u00eancia aos raios UV: ++++<\/strong><\/p>\n<p><strong>Limpeza: +++++<\/strong><\/p>\n<p><img loading=\"lazy\" decoding=\"async\" class=\"size-full wp-image-682 alignleft\" src=\"https:\/\/freizeit-technik.de\/wp-content\/uploads\/2017\/03\/Q_deutschland-1.gif\" alt=\"\" width=\"64\" height=\"64\"><\/p>\n<p>&nbsp;<\/p>\n<p>&nbsp;<\/p>\n","protected":false},"excerpt":{"rendered":"<p>O tapete de saltos do tipo 4 \u00e9 um tecido especial de malha de PVC com malhas largas e excelente fluxo de ar.<br \/>\nCombinado com as nossas molas n.\u00ba 2a, 2b e 3, proporciona um elevado desempenho de lan\u00e7amento de acordo com a norma DIN EN ISO 23659, dependendo do n\u00famero de molas ligadas. <\/p>\n<p>As malhas individuais n\u00e3o se deformam durante o funcionamento. O tecido requer pouca manuten\u00e7\u00e3o, \u00e9 muito f\u00e1cil de limpar e, em geral, tem um aspeto atrativo mesmo ap\u00f3s uma utiliza\u00e7\u00e3o prolongada. <\/p>\n<p>Com o nosso tapete de saltos tipo 4, obt\u00e9m um tecido de alto desempenho com uma rela\u00e7\u00e3o pre\u00e7o-desempenho excecional.<\/p>\n<p>Fabricado \u00e0 medida na nossa pr\u00f3pria oficina de selaria em Estugarda.<\/p>\n<p><strong> <\/strong><strong>Requisitos para as categorias de pre\u00e7os:<\/strong><\/p>\n<ul>\n<li><strong>Tamanho 1:<\/strong> At\u00e9 2m\u00b2 + nenhum lado com menos de 90cm, por exemplo, <strong>at\u00e9 140 x 140cm<\/strong><\/li>\n<li><strong>Tamanho 2:<\/strong> At\u00e9 5m\u00b2 + nenhum lado com menos de 120cm, por exemplo, <strong>at\u00e9 200 x 250cm<\/strong><\/li>\n<li><strong>Tamanho 3:<\/strong> At\u00e9 8,5m\u00b2 + nenhum lado com menos de 150cm, por exemplo, <strong>at\u00e9 195 x 435cm<\/strong><\/li>\n<li><strong>Tamanho 4: <\/strong>At\u00e9 12m\u00b2 + nenhum lado com menos de 180cm, por exemplo, <strong>at\u00e9 220 x 540cm<\/strong><\/li>\n<\/ul>\n<p>Quadrado ou retangular.<br \/>\nPara outras formas (redondas, triangulares, octogonais, etc.) e panos mais estreitos, envia-nos um pedido separado.<\/p>\n<p><strong>Pre\u00e7os escalonados: <\/strong>Se aumentares o n\u00famero de unidades para 2, 4, 6, 8 ou 10, o pre\u00e7o por unidade \u00e9 reduzido!<\/p>\n<p><strong>Processo de encomenda: <\/strong>Para o fabrico de sistemas a partir de produ\u00e7\u00e3o externa, consulta as encomendas anteriores ao fazeres a tua encomenda. Se ainda n\u00e3o tivermos registado o teu tapete de saltos com as dimens\u00f5es correspondentes, fornece-nos as mesmas. Se precisares de ajuda, contacta-nos. Teremos todo o gosto em ajudar-te a determinar as dimens\u00f5es corretas!   <\/p>\n<p><strong>Prazo de entrega: <\/strong>normalmente 1-2 semanas.<\/p>\n<p><strong>Importante, prescrito de acordo com a norma DIN EN ISO 23659: <\/strong><\/p>\n<ul>\n<li><strong>Avental de seguran\u00e7a<\/strong> sobre o tapete de saltos, que fecha o espa\u00e7o entre o tapete de saltos e o acolchoamento (Fig. 2).<\/li>\n<li><strong>Marca\u00e7\u00e3o<\/strong> da \u00e1rea segura para saltar (Fig. 3).<\/li>\n<li><strong>Rede de seguran\u00e7a redundante<\/strong> por baixo do tapete de saltos (Fig. 4).<\/li>\n<li>Diferen\u00e7a de cor claramente vis\u00edvel entre o enchimento do trampolim e o tapete de salto do trampolim<\/li>\n<\/ul>\n<p>Se, mesmo assim, quiseres renunciar a estes requisitos, envia-nos uma declara\u00e7\u00e3o de exonera\u00e7\u00e3o de responsabilidade por escrito imediatamente ap\u00f3s a realiza\u00e7\u00e3o da encomenda.<\/p>\n<p><strong>Operador de parque de trampolins<\/strong><br \/>\nDirige um parque de trampolins ou v\u00e1rias instala\u00e7\u00f5es de trampolins com grande procura, formas e tamanhos individuais? Apoiamos-te com a nossa experi\u00eancia e fornecemos-te um or\u00e7amento para a renova\u00e7\u00e3o dos teus trampolins e almofadas de trampolim. <\/p>\n","protected":false},"featured_media":12255,"comment_status":"open","ping_status":"closed","template":"","meta":{"_acf_changed":false},"product_brand":[],"product_cat":[198,197],"product_tag":[],"class_list":{"0":"post-12254","1":"product","2":"type-product","3":"status-publish","4":"has-post-thumbnail","6":"product_cat-folhas-de-saltos-em-trampolim","7":"product_cat-parque-de-trampolins-e-instalacoes-de-trampolins","9":"first","10":"instock","11":"taxable","12":"shipping-taxable","13":"product-type-variable"},"acf":[],"_links":{"self":[{"href":"https:\/\/freizeit-technik.de\/pt-pt\/wp-json\/wp\/v2\/product\/12254","targetHints":{"allow":["GET"]}}],"collection":[{"href":"https:\/\/freizeit-technik.de\/pt-pt\/wp-json\/wp\/v2\/product"}],"about":[{"href":"https:\/\/freizeit-technik.de\/pt-pt\/wp-json\/wp\/v2\/types\/product"}],"replies":[{"embeddable":true,"href":"https:\/\/freizeit-technik.de\/pt-pt\/wp-json\/wp\/v2\/comments?post=12254"}],"wp:featuredmedia":[{"embeddable":true,"href":"https:\/\/freizeit-technik.de\/pt-pt\/wp-json\/wp\/v2\/media\/12255"}],"wp:attachment":[{"href":"https:\/\/freizeit-technik.de\/pt-pt\/wp-json\/wp\/v2\/media?parent=12254"}],"wp:term":[{"taxonomy":"product_brand","embeddable":true,"href":"https:\/\/freizeit-technik.de\/pt-pt\/wp-json\/wp\/v2\/product_brand?post=12254"},{"taxonomy":"product_cat","embeddable":true,"href":"https:\/\/freizeit-technik.de\/pt-pt\/wp-json\/wp\/v2\/product_cat?post=12254"},{"taxonomy":"product_tag","embeddable":true,"href":"https:\/\/freizeit-technik.de\/pt-pt\/wp-json\/wp\/v2\/product_tag?post=12254"}],"curies":[{"name":"wp","href":"https:\/\/api.w.org\/{rel}","templated":true}]}}