{"id":13014,"date":"2026-03-08T21:44:44","date_gmt":"2026-03-08T20:44:44","guid":{"rendered":"https:\/\/freizeit-technik.de\/shop\/tapete-de-saltos-em-nylon-tipo-3-com-cordao-para-trampolins\/"},"modified":"2026-04-22T11:43:02","modified_gmt":"2026-04-22T09:43:02","slug":"tapete-de-saltos-em-nylon-tipo-3-com-cordao-para-trampolins","status":"publish","type":"product","link":"https:\/\/freizeit-technik.de\/pt-pt\/shop\/tapete-de-saltos-em-nylon-tipo-3-com-cordao-para-trampolins\/","title":{"rendered":"Tapete de saltos em nylon tipo 3 com cord\u00e3o para trampolins"},"content":{"rendered":"<p><span class=\"tx-ttproducts-pi1-wrap2\"><strong>largura m\u00e1xima: 195cm<br \/>\ncomprimento m\u00e1ximo: 440cm<br \/>\n<\/strong><strong>Cor: amarelo<br \/>\n<\/strong><\/span><strong>Desempenho de lan\u00e7amento: +++++<br \/>\n<\/strong><strong>Elasticidade da ponta: +++++<br \/>\n<\/strong><strong>Resist\u00eancia aos raios UV: ++++<\/strong><strong><br \/>\n<\/strong><strong>Limpeza: ++<\/strong><\/p>\n<p><img loading=\"lazy\" decoding=\"async\" class=\"size-full wp-image-682 alignleft\" src=\"https:\/\/freizeit-technik.de\/wp-content\/uploads\/2017\/03\/Q_deutschland-1.gif\" alt=\"\" width=\"64\" height=\"64\"><\/p>\n","protected":false},"excerpt":{"rendered":"<p>O tapete de saltos tipo 3 \u00e9 uma malha de nylon tipo rede com malhas largas, excelente fluxo de ar e muito boa elasticidade pontual.<br \/>\nCombinado com as nossas molas n.\u00ba 2a, 2b e 3, proporciona um elevado desempenho em conformidade com a norma DIN EN ISO 23659, dependendo do n\u00famero de molas instaladas. DIN EN ISO 23659.<br \/>\nDevido \u00e0 sua elevada elasticidade pontual &#8211; adapta-se muito bem aos p\u00e9s do saltador &#8211; tamb\u00e9m \u00e9 frequentemente utilizada com as nossas molas n.\u00ba 1 em parques infantis interiores.<br \/>\nNesta combina\u00e7\u00e3o, proporciona aos saltadores uma experi\u00eancia de salto equilibrada e &#8220;suave&#8221;. <\/p>\n<p>As malhas individuais n\u00e3o s\u00e3o absolutamente est\u00e1veis do ponto de vista dimensional, podem facilmente ficar distorcidas durante o funcionamento e t\u00eam de ser manualmente .<br \/>\nO tapete de saltos tipo 3 tamb\u00e9m est\u00e1 dispon\u00edvel com um cord\u00e3o ou an\u00e9is em V.  <strong>A vers\u00e3o aqui apresentada tem um cord\u00e3o!<\/strong><span class=\"tx-ttproducts-pi1-wrap2\"><br \/>\n<\/span><\/p>\n<p>Fabricado \u00e0 medida na nossa pr\u00f3pria oficina de selaria em Estugarda.<\/p>\n<p><strong>Requisitos para as categorias de pre\u00e7os:<\/strong><\/p>\n<ul>\n<li><strong>Tamanho 1:<\/strong> At\u00e9 2m\u00b2 + nenhum lado com menos de 90cm, por exemplo, at\u00e9 140 x 140cm<\/li>\n<li><strong>Tamanho 2:<\/strong> At\u00e9 5m\u00b2 + nenhum lado com menos de 120cm, por exemplo, at\u00e9 200 x 250cm<\/li>\n<li><strong>Tamanho 3<\/strong>: At\u00e9 8,5m\u00b2 + nenhum lado com menos de 150cm, por exemplo, at\u00e9 195 x 435cm<\/li>\n<\/ul>\n<p>Quadrado ou retangular.<br \/>\nPara outras formas (redondas, triangulares, octogonais, etc.) e panos mais estreitos, envia-nos um pedido separado.<\/p>\n<p><strong>Pre\u00e7os graduados para folhas de salto id\u00eanticas: <\/strong>Se aumentares a quantidade<br \/>\npara 2, 4, 6, 8 ou 10, o pre\u00e7o por unidade \u00e9 reduzido!<\/p>\n<p><strong>Processo de encomenda: <\/strong>Para as folhas de saltos multitramp, n\u00e3o necessitamos de quaisquer medidas da tua parte. Para o fabrico de equipamentos de outros fabricantes, consulta as encomendas anteriores ao fazeres a tua encomenda. Se ainda n\u00e3o tivermos registado o teu tapete de saltos com as dimens\u00f5es correspondentes, por favor informa-nos. Se precisares de ajuda, contacta-nos. Teremos todo o gosto em ajudar-te a determinar as dimens\u00f5es corretas!    <\/p>\n<p><strong>Prazo de entrega: <\/strong>normalmente 1-2 semanas.<\/p>\n<p><strong>Importante, prescrito de acordo com a norma DIN EN ISO 23659: <\/strong><\/p>\n<ul>\n<li><strong>Avental de seguran\u00e7a<\/strong> sobre o tapete de saltos, que fecha o espa\u00e7o entre o tapete de saltos e o acolchoamento (Fig. 2).<\/li>\n<li><strong>Marca\u00e7\u00e3o<\/strong> da \u00e1rea segura para saltar (Fig. 3).<\/li>\n<li><strong>Rede de seguran\u00e7a redundante<\/strong> por baixo do tapete de saltos (Fig. 4).<\/li>\n<li>Diferen\u00e7a de cor claramente vis\u00edvel entre o enchimento do trampolim e o tapete de salto do trampolim<\/li>\n<\/ul>\n<p>Se, mesmo assim, quiseres renunciar a estes requisitos, envia-nos uma declara\u00e7\u00e3o de exonera\u00e7\u00e3o de responsabilidade por escrito imediatamente ap\u00f3s a realiza\u00e7\u00e3o da encomenda.<\/p>\n<p><strong>Operador de parque de trampolins<\/strong><br \/>\nDirige um parque de trampolins ou v\u00e1rias instala\u00e7\u00f5es de trampolins com grande procura, formas e tamanhos individuais? Apoiamos-te com a nossa experi\u00eancia e fornecemos-te um or\u00e7amento para a renova\u00e7\u00e3o dos teus trampolins e almofadas de trampolim. <\/p>\n","protected":false},"featured_media":13015,"comment_status":"open","ping_status":"closed","template":"","meta":{"_acf_changed":false},"product_brand":[],"product_cat":[198,197],"product_tag":[],"class_list":{"0":"post-13014","1":"product","2":"type-product","3":"status-publish","4":"has-post-thumbnail","6":"product_cat-folhas-de-saltos-em-trampolim","7":"product_cat-parque-de-trampolins-e-instalacoes-de-trampolins","9":"first","10":"instock","11":"taxable","12":"shipping-taxable","13":"product-type-variable"},"acf":[],"_links":{"self":[{"href":"https:\/\/freizeit-technik.de\/pt-pt\/wp-json\/wp\/v2\/product\/13014","targetHints":{"allow":["GET"]}}],"collection":[{"href":"https:\/\/freizeit-technik.de\/pt-pt\/wp-json\/wp\/v2\/product"}],"about":[{"href":"https:\/\/freizeit-technik.de\/pt-pt\/wp-json\/wp\/v2\/types\/product"}],"replies":[{"embeddable":true,"href":"https:\/\/freizeit-technik.de\/pt-pt\/wp-json\/wp\/v2\/comments?post=13014"}],"wp:featuredmedia":[{"embeddable":true,"href":"https:\/\/freizeit-technik.de\/pt-pt\/wp-json\/wp\/v2\/media\/13015"}],"wp:attachment":[{"href":"https:\/\/freizeit-technik.de\/pt-pt\/wp-json\/wp\/v2\/media?parent=13014"}],"wp:term":[{"taxonomy":"product_brand","embeddable":true,"href":"https:\/\/freizeit-technik.de\/pt-pt\/wp-json\/wp\/v2\/product_brand?post=13014"},{"taxonomy":"product_cat","embeddable":true,"href":"https:\/\/freizeit-technik.de\/pt-pt\/wp-json\/wp\/v2\/product_cat?post=13014"},{"taxonomy":"product_tag","embeddable":true,"href":"https:\/\/freizeit-technik.de\/pt-pt\/wp-json\/wp\/v2\/product_tag?post=13014"}],"curies":[{"name":"wp","href":"https:\/\/api.w.org\/{rel}","templated":true}]}}