{"id":13120,"date":"2020-04-07T14:32:26","date_gmt":"2020-04-07T12:32:26","guid":{"rendered":"https:\/\/freizeit-technik.de\/shop\/tapete-de-salto-para-estrutura-de-aco-de-12-ou-365cm-por-exemplo-highflyer-powerjumper-com-72-molas\/"},"modified":"2026-04-23T21:08:05","modified_gmt":"2026-04-23T19:08:05","slug":"tapete-de-salto-para-estrutura-de-aco-de-12-ou-365cm-por-exemplo-highflyer-powerjumper-com-72-molas","status":"publish","type":"product","link":"https:\/\/freizeit-technik.de\/pt-pt\/shop\/tapete-de-salto-para-estrutura-de-aco-de-12-ou-365cm-por-exemplo-highflyer-powerjumper-com-72-molas\/","title":{"rendered":"Tapete de salto para estrutura de a\u00e7o de 12&#8243; ou 365cm, por exemplo, Highflyer\/Powerjumper com 72 molas"},"content":{"rendered":"<p><span class=\"tx-ttproducts-pi1-wrap2\"><strong>Tamanho: para 12&#8243;<br \/>\nPeso: 4 kg<br \/>\nTamanho da embalagem: 43 x 40 x 15 cm<\/strong><\/span><\/p>\n","protected":false},"excerpt":{"rendered":"<p>Tapete de saltos padr\u00e3o PP adequado para trampolins de 12&#8243; ou 365cm, por exemplo, Highflyer e Powerjumper, no qual est\u00e1 prevista a fixa\u00e7\u00e3o de <strong>72 molas de 175mm de comprimento (relaxadas)<\/strong>.<\/p>\n<p><strong><u>Nota importante:<\/u><\/strong><br \/>\nOs trampolins de jardim e os acess\u00f3rios Jumpfree Royal e Proline s\u00e3o classificados como &#8220;Linha Premium&#8221; quando utilizados em sistemas de trampolim com el\u00e1stico. A qualidade dos produtos \u00e9 elevada. No entanto, estes produtos s\u00e3o apenas adequados para utiliza\u00e7\u00e3o comercial em combina\u00e7\u00e3o com o sistema de el\u00e1stico e n\u00e3o substituem de forma alguma um sistema de trampolim profissional (por exemplo, Multitramp). Estes produtos n\u00e3o foram concebidos para este tipo de utiliza\u00e7\u00e3o!   <span class=\"apple-converted-space\"> <\/span><\/p>\n","protected":false},"featured_media":13106,"comment_status":"open","ping_status":"closed","template":"","meta":{"_acf_changed":false},"product_brand":[],"product_cat":[221,228],"product_tag":[],"class_list":{"0":"post-13120","1":"product","2":"type-product","3":"status-publish","4":"has-post-thumbnail","6":"product_cat-instalacoes-de-trampolins-de-bungee","7":"product_cat-trampolins-laterais","9":"first","10":"instock","11":"taxable","12":"shipping-taxable","13":"product-type-simple"},"acf":[],"_links":{"self":[{"href":"https:\/\/freizeit-technik.de\/pt-pt\/wp-json\/wp\/v2\/product\/13120","targetHints":{"allow":["GET"]}}],"collection":[{"href":"https:\/\/freizeit-technik.de\/pt-pt\/wp-json\/wp\/v2\/product"}],"about":[{"href":"https:\/\/freizeit-technik.de\/pt-pt\/wp-json\/wp\/v2\/types\/product"}],"replies":[{"embeddable":true,"href":"https:\/\/freizeit-technik.de\/pt-pt\/wp-json\/wp\/v2\/comments?post=13120"}],"wp:featuredmedia":[{"embeddable":true,"href":"https:\/\/freizeit-technik.de\/pt-pt\/wp-json\/wp\/v2\/media\/13106"}],"wp:attachment":[{"href":"https:\/\/freizeit-technik.de\/pt-pt\/wp-json\/wp\/v2\/media?parent=13120"}],"wp:term":[{"taxonomy":"product_brand","embeddable":true,"href":"https:\/\/freizeit-technik.de\/pt-pt\/wp-json\/wp\/v2\/product_brand?post=13120"},{"taxonomy":"product_cat","embeddable":true,"href":"https:\/\/freizeit-technik.de\/pt-pt\/wp-json\/wp\/v2\/product_cat?post=13120"},{"taxonomy":"product_tag","embeddable":true,"href":"https:\/\/freizeit-technik.de\/pt-pt\/wp-json\/wp\/v2\/product_tag?post=13120"}],"curies":[{"name":"wp","href":"https:\/\/api.w.org\/{rel}","templated":true}]}}