{"id":13175,"date":"2026-04-19T20:27:02","date_gmt":"2026-04-19T18:27:02","guid":{"rendered":"https:\/\/freizeit-technik.de\/shop\/preco-especial-8-mosquetoes-rollclip-a-com-roldana\/"},"modified":"2026-04-23T21:44:37","modified_gmt":"2026-04-23T19:44:37","slug":"preco-especial-8-mosquetoes-rollclip-a-com-roldana","status":"publish","type":"product","link":"https:\/\/freizeit-technik.de\/pt-pt\/shop\/preco-especial-8-mosquetoes-rollclip-a-com-roldana\/","title":{"rendered":"Pre\u00e7o especial: 8 mosquet\u00f5es Rollclip A com roldana"},"content":{"rendered":"<ul>\n<li>Material: Alum\u00ednio<\/li>\n<li>Di\u00e2metro m\u00ednimo: 7 mm<\/li>\n<li>Di\u00e2metro m\u00e1x.: 13 mm<\/li>\n<li>Di\u00e2metro da roldana: 18 mm<\/li>\n<li>Carga m\u00e1xima de trabalho: 2 x 2 = 4 kN<\/li>\n<li>Efici\u00eancia: 85%.<\/li>\n<li>Carga de rutura longitudinal: 20 kN<\/li>\n<li>Carga de rutura transversal: 8 kN<\/li>\n<li>Carga de rutura do fecho aberto: 7 kN<\/li>\n<\/ul>\n","protected":false},"excerpt":{"rendered":"<p class=\"productSubtitle\">Mosquet\u00e3o com roldana para prender facilmente a corda quando o mosquet\u00e3o est\u00e1 preso ao ponto de ancoragem<\/p>\n<div class=\"productCaracteristiquesPosition inlineblock\">\n<p class=\"productCaracteristiques inlineblock\">O mosquet\u00e3o com roldana ROLLCLIP A tem uma porta que se abre em dire\u00e7\u00e3o \u00e0 roldana para facilitar a fixa\u00e7\u00e3o da corda quando esta est\u00e1 presa ao ponto de ancoragem. Est\u00e1 dispon\u00edvel com o sistema de bloqueio autom\u00e1tico TRIACT-LOCK ou sem sistema de bloqueio. O ROLLCLIP A pode ser combinado com o suporte de posicionamento CAPTIV para favorecer a carga do mosquet\u00e3o no eixo longitudinal, evitar a sua tor\u00e7\u00e3o e garantir que forma uma unidade fixa com o dispositivo.  <\/p>\n<\/div>\n","protected":false},"featured_media":10797,"comment_status":"open","ping_status":"closed","template":"","meta":{"_acf_changed":false},"product_brand":[],"product_cat":[221,231],"product_tag":[],"class_list":{"0":"post-13175","1":"product","2":"type-product","3":"status-publish","4":"has-post-thumbnail","6":"product_cat-instalacoes-de-trampolins-de-bungee","7":"product_cat-mosquetao-co","9":"first","10":"instock","11":"taxable","12":"shipping-taxable","13":"product-type-simple"},"acf":[],"_links":{"self":[{"href":"https:\/\/freizeit-technik.de\/pt-pt\/wp-json\/wp\/v2\/product\/13175","targetHints":{"allow":["GET"]}}],"collection":[{"href":"https:\/\/freizeit-technik.de\/pt-pt\/wp-json\/wp\/v2\/product"}],"about":[{"href":"https:\/\/freizeit-technik.de\/pt-pt\/wp-json\/wp\/v2\/types\/product"}],"replies":[{"embeddable":true,"href":"https:\/\/freizeit-technik.de\/pt-pt\/wp-json\/wp\/v2\/comments?post=13175"}],"wp:featuredmedia":[{"embeddable":true,"href":"https:\/\/freizeit-technik.de\/pt-pt\/wp-json\/wp\/v2\/media\/10797"}],"wp:attachment":[{"href":"https:\/\/freizeit-technik.de\/pt-pt\/wp-json\/wp\/v2\/media?parent=13175"}],"wp:term":[{"taxonomy":"product_brand","embeddable":true,"href":"https:\/\/freizeit-technik.de\/pt-pt\/wp-json\/wp\/v2\/product_brand?post=13175"},{"taxonomy":"product_cat","embeddable":true,"href":"https:\/\/freizeit-technik.de\/pt-pt\/wp-json\/wp\/v2\/product_cat?post=13175"},{"taxonomy":"product_tag","embeddable":true,"href":"https:\/\/freizeit-technik.de\/pt-pt\/wp-json\/wp\/v2\/product_tag?post=13175"}],"curies":[{"name":"wp","href":"https:\/\/api.w.org\/{rel}","templated":true}]}}