{"id":13181,"date":"2026-04-16T21:33:46","date_gmt":"2026-04-16T19:33:46","guid":{"rendered":"https:\/\/freizeit-technik.de\/shop\/preco-especial-8-mosquetoes-de-aluminio-com-fecho-triplo-edelrid\/"},"modified":"2026-04-23T21:44:46","modified_gmt":"2026-04-23T19:44:46","slug":"preco-especial-8-mosquetoes-de-aluminio-com-fecho-triplo-edelrid","status":"publish","type":"product","link":"https:\/\/freizeit-technik.de\/pt-pt\/shop\/preco-especial-8-mosquetoes-de-aluminio-com-fecho-triplo-edelrid\/","title":{"rendered":"Pre\u00e7o especial: 8 mosquet\u00f5es de alum\u00ednio com fecho triplo &#8220;Edelrid&#8221;"},"content":{"rendered":"","protected":false},"excerpt":{"rendered":"<p>8 mosquet\u00f5es de fecho triplo a um pre\u00e7o especial.<\/p>\n<p>Para abrir o fecho, tens de puxar primeiro e depois rodar.<\/p>\n","protected":false},"featured_media":10664,"comment_status":"open","ping_status":"closed","template":"","meta":{"_acf_changed":false},"product_brand":[],"product_cat":[221,231],"product_tag":[],"class_list":{"0":"post-13181","1":"product","2":"type-product","3":"status-publish","4":"has-post-thumbnail","6":"product_cat-instalacoes-de-trampolins-de-bungee","7":"product_cat-mosquetao-co","9":"first","10":"instock","11":"taxable","12":"shipping-taxable","13":"product-type-simple"},"acf":[],"_links":{"self":[{"href":"https:\/\/freizeit-technik.de\/pt-pt\/wp-json\/wp\/v2\/product\/13181","targetHints":{"allow":["GET"]}}],"collection":[{"href":"https:\/\/freizeit-technik.de\/pt-pt\/wp-json\/wp\/v2\/product"}],"about":[{"href":"https:\/\/freizeit-technik.de\/pt-pt\/wp-json\/wp\/v2\/types\/product"}],"replies":[{"embeddable":true,"href":"https:\/\/freizeit-technik.de\/pt-pt\/wp-json\/wp\/v2\/comments?post=13181"}],"wp:featuredmedia":[{"embeddable":true,"href":"https:\/\/freizeit-technik.de\/pt-pt\/wp-json\/wp\/v2\/media\/10664"}],"wp:attachment":[{"href":"https:\/\/freizeit-technik.de\/pt-pt\/wp-json\/wp\/v2\/media?parent=13181"}],"wp:term":[{"taxonomy":"product_brand","embeddable":true,"href":"https:\/\/freizeit-technik.de\/pt-pt\/wp-json\/wp\/v2\/product_brand?post=13181"},{"taxonomy":"product_cat","embeddable":true,"href":"https:\/\/freizeit-technik.de\/pt-pt\/wp-json\/wp\/v2\/product_cat?post=13181"},{"taxonomy":"product_tag","embeddable":true,"href":"https:\/\/freizeit-technik.de\/pt-pt\/wp-json\/wp\/v2\/product_tag?post=13181"}],"curies":[{"name":"wp","href":"https:\/\/api.w.org\/{rel}","templated":true}]}}