{"id":13188,"date":"2026-04-19T19:25:29","date_gmt":"2026-04-19T17:25:29","guid":{"rendered":"https:\/\/freizeit-technik.de\/shop\/preco-especial-mosquetao-de-aluminio-com-parafuso-ct\/"},"modified":"2026-04-23T21:44:55","modified_gmt":"2026-04-23T19:44:55","slug":"preco-especial-mosquetao-de-aluminio-com-parafuso-ct","status":"publish","type":"product","link":"https:\/\/freizeit-technik.de\/pt-pt\/shop\/preco-especial-mosquetao-de-aluminio-com-parafuso-ct\/","title":{"rendered":"Pre\u00e7o especial: Mosquet\u00e3o de alum\u00ednio com parafuso CT"},"content":{"rendered":"","protected":false},"excerpt":{"rendered":"<p>Mosquet\u00e3o de alum\u00ednio de alta qualidade com fecho de rosca manual de produ\u00e7\u00e3o europeia.<\/p>\n","protected":false},"featured_media":10746,"comment_status":"open","ping_status":"closed","template":"","meta":{"_acf_changed":false},"product_brand":[],"product_cat":[221,231],"product_tag":[],"class_list":{"0":"post-13188","1":"product","2":"type-product","3":"status-publish","4":"has-post-thumbnail","6":"product_cat-instalacoes-de-trampolins-de-bungee","7":"product_cat-mosquetao-co","9":"first","10":"instock","11":"taxable","12":"shipping-taxable","13":"product-type-simple"},"acf":[],"_links":{"self":[{"href":"https:\/\/freizeit-technik.de\/pt-pt\/wp-json\/wp\/v2\/product\/13188","targetHints":{"allow":["GET"]}}],"collection":[{"href":"https:\/\/freizeit-technik.de\/pt-pt\/wp-json\/wp\/v2\/product"}],"about":[{"href":"https:\/\/freizeit-technik.de\/pt-pt\/wp-json\/wp\/v2\/types\/product"}],"replies":[{"embeddable":true,"href":"https:\/\/freizeit-technik.de\/pt-pt\/wp-json\/wp\/v2\/comments?post=13188"}],"wp:featuredmedia":[{"embeddable":true,"href":"https:\/\/freizeit-technik.de\/pt-pt\/wp-json\/wp\/v2\/media\/10746"}],"wp:attachment":[{"href":"https:\/\/freizeit-technik.de\/pt-pt\/wp-json\/wp\/v2\/media?parent=13188"}],"wp:term":[{"taxonomy":"product_brand","embeddable":true,"href":"https:\/\/freizeit-technik.de\/pt-pt\/wp-json\/wp\/v2\/product_brand?post=13188"},{"taxonomy":"product_cat","embeddable":true,"href":"https:\/\/freizeit-technik.de\/pt-pt\/wp-json\/wp\/v2\/product_cat?post=13188"},{"taxonomy":"product_tag","embeddable":true,"href":"https:\/\/freizeit-technik.de\/pt-pt\/wp-json\/wp\/v2\/product_tag?post=13188"}],"curies":[{"name":"wp","href":"https:\/\/api.w.org\/{rel}","templated":true}]}}