{"id":13199,"date":"2017-06-10T15:48:47","date_gmt":"2017-06-10T13:48:47","guid":{"rendered":"https:\/\/freizeit-technik.de\/shop\/mosquetao-trilock-em-aluminio-ct\/"},"modified":"2026-04-23T21:45:17","modified_gmt":"2026-04-23T19:45:17","slug":"mosquetao-trilock-em-aluminio-ct","status":"publish","type":"product","link":"https:\/\/freizeit-technik.de\/pt-pt\/shop\/mosquetao-trilock-em-aluminio-ct\/","title":{"rendered":"Mosquet\u00e3o trilock em alum\u00ednio &#8220;CT"},"content":{"rendered":"<p><span class=\"tx-ttproducts-pi1-wrap2\"><strong>Peso: 0,091 kg<br \/>\nCor: preto mate<br \/>\n<\/strong><strong>Capacidade de carga est\u00e1tica:<\/strong><strong> 22 kN<br \/>\nCertifica\u00e7\u00e3o: EN 362:2004<\/strong><\/span><\/p>\n<p><strong> <\/strong><\/p>\n<p><img loading=\"lazy\" decoding=\"async\" class=\"alignnone size-full wp-image-684\" src=\"https:\/\/freizeit-technik.de\/wp-content\/uploads\/2017\/03\/Q_eu-1.gif\" alt=\"\" width=\"64\" height=\"64\"><img loading=\"lazy\" decoding=\"async\" class=\"alignnone size-full wp-image-694\" src=\"https:\/\/freizeit-technik.de\/wp-content\/uploads\/2017\/03\/premium_line.gif\" alt=\"\" width=\"119\" height=\"64\"><img loading=\"lazy\" decoding=\"async\" class=\"alignnone size-full wp-image-448\" src=\"https:\/\/freizeit-technik.de\/wp-content\/uploads\/2017\/02\/exclusively_JS.gif\" alt=\"\" width=\"119\" height=\"64\"><\/p>\n","protected":false},"excerpt":{"rendered":"<p>Mosquet\u00e3o de alum\u00ednio com fecho de seguran\u00e7a Trilock. Pratica primeiro a sequ\u00eancia de movimentos para trocar os el\u00e1sticos individuais para ajustar o peso. O fecho de seguran\u00e7a Trilock garante a m\u00e1xima seguran\u00e7a contra uma abertura involunt\u00e1ria.  <\/p>\n<p>Provenientes de uma produ\u00e7\u00e3o europeia de renome, estes mosquet\u00f5es caracterizam-se por um trabalho preciso ao mais alto n\u00edvel de qualidade. N\u00e3o tem um ponto de captura na abertura do mosquet\u00e3o para um trabalho r\u00e1pido. <\/p>\n","protected":false},"featured_media":13200,"comment_status":"open","ping_status":"closed","template":"","meta":{"_acf_changed":false},"product_brand":[],"product_cat":[231],"product_tag":[],"class_list":{"0":"post-13199","1":"product","2":"type-product","3":"status-publish","4":"has-post-thumbnail","6":"product_cat-mosquetao-co","8":"first","9":"instock","10":"taxable","11":"shipping-taxable","12":"purchasable","13":"product-type-simple"},"acf":[],"_links":{"self":[{"href":"https:\/\/freizeit-technik.de\/pt-pt\/wp-json\/wp\/v2\/product\/13199","targetHints":{"allow":["GET"]}}],"collection":[{"href":"https:\/\/freizeit-technik.de\/pt-pt\/wp-json\/wp\/v2\/product"}],"about":[{"href":"https:\/\/freizeit-technik.de\/pt-pt\/wp-json\/wp\/v2\/types\/product"}],"replies":[{"embeddable":true,"href":"https:\/\/freizeit-technik.de\/pt-pt\/wp-json\/wp\/v2\/comments?post=13199"}],"wp:featuredmedia":[{"embeddable":true,"href":"https:\/\/freizeit-technik.de\/pt-pt\/wp-json\/wp\/v2\/media\/13200"}],"wp:attachment":[{"href":"https:\/\/freizeit-technik.de\/pt-pt\/wp-json\/wp\/v2\/media?parent=13199"}],"wp:term":[{"taxonomy":"product_brand","embeddable":true,"href":"https:\/\/freizeit-technik.de\/pt-pt\/wp-json\/wp\/v2\/product_brand?post=13199"},{"taxonomy":"product_cat","embeddable":true,"href":"https:\/\/freizeit-technik.de\/pt-pt\/wp-json\/wp\/v2\/product_cat?post=13199"},{"taxonomy":"product_tag","embeddable":true,"href":"https:\/\/freizeit-technik.de\/pt-pt\/wp-json\/wp\/v2\/product_tag?post=13199"}],"curies":[{"name":"wp","href":"https:\/\/api.w.org\/{rel}","templated":true}]}}