{"id":13208,"date":"2017-06-01T15:50:41","date_gmt":"2017-06-01T13:50:41","guid":{"rendered":"https:\/\/freizeit-technik.de\/shop\/mosquetao-petzl-em-aluminio-com-fecho-de-bascula\/"},"modified":"2026-04-23T21:45:23","modified_gmt":"2026-04-23T19:45:23","slug":"mosquetao-petzl-em-aluminio-com-fecho-de-bascula","status":"publish","type":"product","link":"https:\/\/freizeit-technik.de\/pt-pt\/shop\/mosquetao-petzl-em-aluminio-com-fecho-de-bascula\/","title":{"rendered":"Mosquet\u00e3o &#8220;Petzl&#8221; em alum\u00ednio com fecho de b\u00e1scula"},"content":{"rendered":"<p><span class=\"tx-ttproducts-pi1-wrap2\"><strong>Peso: 0,094 kg<br \/>\nCor: cinzento-violeta<br \/>\nCapacidade de carga est\u00e1tica: 28 kN<br \/>\nCertifica\u00e7\u00e3o: EN 362:2004<\/strong><\/span><\/p>\n","protected":false},"excerpt":{"rendered":"<p>Mosquet\u00e3o de alum\u00ednio grande, em forma de pera, com fecho de bola. Para abrir o mosquet\u00e3o, carrega na bola verde e roda o fecho ao mesmo tempo. A bola de bloqueio garante-te a m\u00e1xima seguran\u00e7a.  <\/p>\n<p>Mosquet\u00e3o de alta qualidade com a qualidade comprovada da Petzl.<\/p>\n","protected":false},"featured_media":13209,"comment_status":"open","ping_status":"closed","template":"","meta":{"_acf_changed":false},"product_brand":[],"product_cat":[231],"product_tag":[],"class_list":{"0":"post-13208","1":"product","2":"type-product","3":"status-publish","4":"has-post-thumbnail","6":"product_cat-mosquetao-co","8":"first","9":"instock","10":"taxable","11":"shipping-taxable","12":"purchasable","13":"product-type-simple"},"acf":[],"_links":{"self":[{"href":"https:\/\/freizeit-technik.de\/pt-pt\/wp-json\/wp\/v2\/product\/13208","targetHints":{"allow":["GET"]}}],"collection":[{"href":"https:\/\/freizeit-technik.de\/pt-pt\/wp-json\/wp\/v2\/product"}],"about":[{"href":"https:\/\/freizeit-technik.de\/pt-pt\/wp-json\/wp\/v2\/types\/product"}],"replies":[{"embeddable":true,"href":"https:\/\/freizeit-technik.de\/pt-pt\/wp-json\/wp\/v2\/comments?post=13208"}],"wp:featuredmedia":[{"embeddable":true,"href":"https:\/\/freizeit-technik.de\/pt-pt\/wp-json\/wp\/v2\/media\/13209"}],"wp:attachment":[{"href":"https:\/\/freizeit-technik.de\/pt-pt\/wp-json\/wp\/v2\/media?parent=13208"}],"wp:term":[{"taxonomy":"product_brand","embeddable":true,"href":"https:\/\/freizeit-technik.de\/pt-pt\/wp-json\/wp\/v2\/product_brand?post=13208"},{"taxonomy":"product_cat","embeddable":true,"href":"https:\/\/freizeit-technik.de\/pt-pt\/wp-json\/wp\/v2\/product_cat?post=13208"},{"taxonomy":"product_tag","embeddable":true,"href":"https:\/\/freizeit-technik.de\/pt-pt\/wp-json\/wp\/v2\/product_tag?post=13208"}],"curies":[{"name":"wp","href":"https:\/\/api.w.org\/{rel}","templated":true}]}}