{"id":13228,"date":"2017-06-25T15:47:01","date_gmt":"2017-06-25T13:47:01","guid":{"rendered":"https:\/\/freizeit-technik.de\/shop\/mosquetao-de-aluminio-com-fecho-de-torcao-jsbasic\/"},"modified":"2026-04-23T21:45:32","modified_gmt":"2026-04-23T19:45:32","slug":"mosquetao-de-aluminio-com-fecho-de-torcao-jsbasic","status":"publish","type":"product","link":"https:\/\/freizeit-technik.de\/pt-pt\/shop\/mosquetao-de-aluminio-com-fecho-de-torcao-jsbasic\/","title":{"rendered":"Mosquet\u00e3o de alum\u00ednio com fecho de tor\u00e7\u00e3o &#8220;JSbasic&#8221;"},"content":{"rendered":"<p><span class=\"tx-ttproducts-pi1-wrap2\"><strong>Peso: 0,085 kg<br \/>\nCor: prateado<br \/>\n<\/strong><strong>Capacidade de carga est\u00e1tica:<\/strong><strong> <\/strong><strong>22 kN<br \/>\nCertifica\u00e7\u00e3o: EN 362:2004<\/strong><\/span><\/p>\n<p><strong> <\/strong><\/p>\n<p><img loading=\"lazy\" decoding=\"async\" class=\"alignnone size-full wp-image-688\" src=\"https:\/\/freizeit-technik.de\/wp-content\/uploads\/2017\/03\/Q_asia-1.gif\" alt=\"\" width=\"64\" height=\"64\"><img loading=\"lazy\" decoding=\"async\" class=\"alignnone size-full wp-image-739\" src=\"https:\/\/freizeit-technik.de\/wp-content\/uploads\/2017\/03\/basic_line.jpg.gif\" alt=\"\" width=\"119\" height=\"64\"><\/p>\n","protected":false},"excerpt":{"rendered":"<p>Mosquet\u00e3o de alum\u00ednio com dispositivo de seguran\u00e7a twistlock. A sequ\u00eancia de movimentos para substituir os el\u00e1sticos individuais para ajustar o peso \u00e9 extremamente simples e \u00e9 f\u00e1cil mesmo para utilizadores inexperientes. O dispositivo de seguran\u00e7a twistlock garante um elevado n\u00edvel de seguran\u00e7a contra uma abertura involunt\u00e1ria.  <\/p>\n<p>Observa as nossas explica\u00e7\u00f5es sobre as etiquetas da linha Basic.<\/p>\n","protected":false},"featured_media":13229,"comment_status":"open","ping_status":"closed","template":"","meta":{"_acf_changed":false},"product_brand":[],"product_cat":[231],"product_tag":[],"class_list":{"0":"post-13228","1":"product","2":"type-product","3":"status-publish","4":"has-post-thumbnail","6":"product_cat-mosquetao-co","8":"first","9":"instock","10":"taxable","11":"shipping-taxable","12":"purchasable","13":"product-type-simple"},"acf":[],"_links":{"self":[{"href":"https:\/\/freizeit-technik.de\/pt-pt\/wp-json\/wp\/v2\/product\/13228","targetHints":{"allow":["GET"]}}],"collection":[{"href":"https:\/\/freizeit-technik.de\/pt-pt\/wp-json\/wp\/v2\/product"}],"about":[{"href":"https:\/\/freizeit-technik.de\/pt-pt\/wp-json\/wp\/v2\/types\/product"}],"replies":[{"embeddable":true,"href":"https:\/\/freizeit-technik.de\/pt-pt\/wp-json\/wp\/v2\/comments?post=13228"}],"wp:featuredmedia":[{"embeddable":true,"href":"https:\/\/freizeit-technik.de\/pt-pt\/wp-json\/wp\/v2\/media\/13229"}],"wp:attachment":[{"href":"https:\/\/freizeit-technik.de\/pt-pt\/wp-json\/wp\/v2\/media?parent=13228"}],"wp:term":[{"taxonomy":"product_brand","embeddable":true,"href":"https:\/\/freizeit-technik.de\/pt-pt\/wp-json\/wp\/v2\/product_brand?post=13228"},{"taxonomy":"product_cat","embeddable":true,"href":"https:\/\/freizeit-technik.de\/pt-pt\/wp-json\/wp\/v2\/product_cat?post=13228"},{"taxonomy":"product_tag","embeddable":true,"href":"https:\/\/freizeit-technik.de\/pt-pt\/wp-json\/wp\/v2\/product_tag?post=13228"}],"curies":[{"name":"wp","href":"https:\/\/api.w.org\/{rel}","templated":true}]}}