{"id":13236,"date":"2017-06-19T15:45:09","date_gmt":"2017-06-19T13:45:09","guid":{"rendered":"https:\/\/freizeit-technik.de\/shop\/mosquetao-de-aluminio-com-fecho-de-torcao-ct\/"},"modified":"2026-04-23T21:45:38","modified_gmt":"2026-04-23T19:45:38","slug":"mosquetao-de-aluminio-com-fecho-de-torcao-ct","status":"publish","type":"product","link":"https:\/\/freizeit-technik.de\/pt-pt\/shop\/mosquetao-de-aluminio-com-fecho-de-torcao-ct\/","title":{"rendered":"Mosquet\u00e3o de alum\u00ednio com fecho de tor\u00e7\u00e3o &#8220;CT"},"content":{"rendered":"<p><span class=\"tx-ttproducts-pi1-wrap2\"><strong>Peso: 0,088 kg<br \/>\nCor: preto mate<br \/>\n<\/strong><strong>Capacidade de carga est\u00e1tica:<\/strong><strong> <\/strong><strong>22 kN<br \/>\nCertifica\u00e7\u00e3o: EN 362<\/strong><\/span><\/p>\n<p><strong> <\/strong><\/p>\n<p><img loading=\"lazy\" decoding=\"async\" class=\"alignnone size-full wp-image-690\" src=\"https:\/\/freizeit-technik.de\/wp-content\/uploads\/2017\/03\/empfehlung.gif\" alt=\"\" width=\"198\" height=\"64\"><img loading=\"lazy\" decoding=\"async\" class=\"alignnone size-full wp-image-684\" src=\"https:\/\/freizeit-technik.de\/wp-content\/uploads\/2017\/03\/Q_eu-1.gif\" alt=\"\" width=\"64\" height=\"64\"><img loading=\"lazy\" decoding=\"async\" class=\"alignnone size-full wp-image-694\" src=\"https:\/\/freizeit-technik.de\/wp-content\/uploads\/2017\/03\/premium_line.gif\" alt=\"\" width=\"119\" height=\"64\"><img loading=\"lazy\" decoding=\"async\" class=\"alignnone size-full wp-image-448\" src=\"https:\/\/freizeit-technik.de\/wp-content\/uploads\/2017\/02\/exclusively_JS.gif\" alt=\"\" width=\"119\" height=\"64\"><\/p>\n","protected":false},"excerpt":{"rendered":"<p>Mosquet\u00e3o de alum\u00ednio com dispositivo de seguran\u00e7a twistlock. A sequ\u00eancia de movimentos para substituir os el\u00e1sticos individuais para ajustar o peso \u00e9 extremamente simples e \u00e9 f\u00e1cil mesmo para utilizadores inexperientes. O dispositivo de seguran\u00e7a twistlock garante um elevado n\u00edvel de seguran\u00e7a contra uma abertura involunt\u00e1ria.  <\/p>\n<p>Provenientes de uma produ\u00e7\u00e3o europeia de renome, estes mosquet\u00f5es caracterizam-se por um trabalho preciso ao mais alto n\u00edvel de qualidade. N\u00e3o tem um ponto de captura na abertura do mosquet\u00e3o para um trabalho r\u00e1pido. <\/p>\n","protected":false},"featured_media":13237,"comment_status":"open","ping_status":"closed","template":"","meta":{"_acf_changed":false},"product_brand":[],"product_cat":[221,231],"product_tag":[],"class_list":{"0":"post-13236","1":"product","2":"type-product","3":"status-publish","4":"has-post-thumbnail","6":"product_cat-instalacoes-de-trampolins-de-bungee","7":"product_cat-mosquetao-co","9":"first","10":"instock","11":"taxable","12":"shipping-taxable","13":"purchasable","14":"product-type-simple"},"acf":[],"_links":{"self":[{"href":"https:\/\/freizeit-technik.de\/pt-pt\/wp-json\/wp\/v2\/product\/13236","targetHints":{"allow":["GET"]}}],"collection":[{"href":"https:\/\/freizeit-technik.de\/pt-pt\/wp-json\/wp\/v2\/product"}],"about":[{"href":"https:\/\/freizeit-technik.de\/pt-pt\/wp-json\/wp\/v2\/types\/product"}],"replies":[{"embeddable":true,"href":"https:\/\/freizeit-technik.de\/pt-pt\/wp-json\/wp\/v2\/comments?post=13236"}],"wp:featuredmedia":[{"embeddable":true,"href":"https:\/\/freizeit-technik.de\/pt-pt\/wp-json\/wp\/v2\/media\/13237"}],"wp:attachment":[{"href":"https:\/\/freizeit-technik.de\/pt-pt\/wp-json\/wp\/v2\/media?parent=13236"}],"wp:term":[{"taxonomy":"product_brand","embeddable":true,"href":"https:\/\/freizeit-technik.de\/pt-pt\/wp-json\/wp\/v2\/product_brand?post=13236"},{"taxonomy":"product_cat","embeddable":true,"href":"https:\/\/freizeit-technik.de\/pt-pt\/wp-json\/wp\/v2\/product_cat?post=13236"},{"taxonomy":"product_tag","embeddable":true,"href":"https:\/\/freizeit-technik.de\/pt-pt\/wp-json\/wp\/v2\/product_tag?post=13236"}],"curies":[{"name":"wp","href":"https:\/\/api.w.org\/{rel}","templated":true}]}}