{"id":13250,"date":"2017-06-27T15:43:47","date_gmt":"2017-06-27T13:43:47","guid":{"rendered":"https:\/\/freizeit-technik.de\/shop\/mosquetao-de-rosca-em-aluminio-ct\/"},"modified":"2026-04-23T21:45:49","modified_gmt":"2026-04-23T19:45:49","slug":"mosquetao-de-rosca-em-aluminio-ct","status":"publish","type":"product","link":"https:\/\/freizeit-technik.de\/pt-pt\/shop\/mosquetao-de-rosca-em-aluminio-ct\/","title":{"rendered":"Mosquet\u00e3o de rosca em alum\u00ednio &#8220;CT"},"content":{"rendered":"<p><span class=\"tx-ttproducts-pi1-wrap2\"><strong>Peso: 0,085 kg<br \/>\nCor: preto mate e prateado<br \/>\n<\/strong><strong>Capacidade de carga est\u00e1tica:<\/strong><strong> 22 kN<br \/>\nCertifica\u00e7\u00e3o: EN 362:2004<\/strong><strong><br \/>\n<\/strong><\/span><\/p>\n<p>&nbsp;<\/p>\n","protected":false},"excerpt":{"rendered":"<p>Mosquet\u00e3o de alum\u00ednio com fecho de rosca.<\/p>\n<p>Provenientes de uma produ\u00e7\u00e3o europeia de renome, estes mosquet\u00f5es caracterizam-se por um trabalho preciso ao mais alto n\u00edvel de qualidade. N\u00e3o tem um ponto de captura na abertura do mosquet\u00e3o para um trabalho r\u00e1pido. <\/p>\n","protected":false},"featured_media":13251,"comment_status":"open","ping_status":"closed","template":"","meta":{"_acf_changed":false},"product_brand":[],"product_cat":[221,231],"product_tag":[],"class_list":{"0":"post-13250","1":"product","2":"type-product","3":"status-publish","4":"has-post-thumbnail","6":"product_cat-instalacoes-de-trampolins-de-bungee","7":"product_cat-mosquetao-co","9":"first","10":"instock","11":"taxable","12":"shipping-taxable","13":"purchasable","14":"product-type-simple"},"acf":[],"_links":{"self":[{"href":"https:\/\/freizeit-technik.de\/pt-pt\/wp-json\/wp\/v2\/product\/13250","targetHints":{"allow":["GET"]}}],"collection":[{"href":"https:\/\/freizeit-technik.de\/pt-pt\/wp-json\/wp\/v2\/product"}],"about":[{"href":"https:\/\/freizeit-technik.de\/pt-pt\/wp-json\/wp\/v2\/types\/product"}],"replies":[{"embeddable":true,"href":"https:\/\/freizeit-technik.de\/pt-pt\/wp-json\/wp\/v2\/comments?post=13250"}],"wp:featuredmedia":[{"embeddable":true,"href":"https:\/\/freizeit-technik.de\/pt-pt\/wp-json\/wp\/v2\/media\/13251"}],"wp:attachment":[{"href":"https:\/\/freizeit-technik.de\/pt-pt\/wp-json\/wp\/v2\/media?parent=13250"}],"wp:term":[{"taxonomy":"product_brand","embeddable":true,"href":"https:\/\/freizeit-technik.de\/pt-pt\/wp-json\/wp\/v2\/product_brand?post=13250"},{"taxonomy":"product_cat","embeddable":true,"href":"https:\/\/freizeit-technik.de\/pt-pt\/wp-json\/wp\/v2\/product_cat?post=13250"},{"taxonomy":"product_tag","embeddable":true,"href":"https:\/\/freizeit-technik.de\/pt-pt\/wp-json\/wp\/v2\/product_tag?post=13250"}],"curies":[{"name":"wp","href":"https:\/\/api.w.org\/{rel}","templated":true}]}}