{"id":13296,"date":"2026-04-19T20:15:43","date_gmt":"2026-04-19T18:15:43","guid":{"rendered":"https:\/\/freizeit-technik.de\/shop\/preco-especial-44-articulacoes-em-aco-inoxidavel\/"},"modified":"2026-04-24T10:14:31","modified_gmt":"2026-04-24T08:14:31","slug":"preco-especial-44-articulacoes-em-aco-inoxidavel","status":"publish","type":"product","link":"https:\/\/freizeit-technik.de\/pt-pt\/shop\/preco-especial-44-articulacoes-em-aco-inoxidavel\/","title":{"rendered":"Pre\u00e7o especial: 44 articula\u00e7\u00f5es em a\u00e7o inoxid\u00e1vel"},"content":{"rendered":"","protected":false},"excerpt":{"rendered":"<p>44 roldanas em a\u00e7o inoxid\u00e1vel para um di\u00e2metro de corda at\u00e9 10 mm. Pre\u00e7o do pacote para 44 pe\u00e7as. Vende o stock restante.  <\/p>\n","protected":false},"featured_media":10789,"comment_status":"open","ping_status":"closed","template":"","meta":{"_acf_changed":false},"product_brand":[],"product_cat":[221,231],"product_tag":[],"class_list":{"0":"post-13296","1":"product","2":"type-product","3":"status-publish","4":"has-post-thumbnail","6":"product_cat-instalacoes-de-trampolins-de-bungee","7":"product_cat-mosquetao-co","9":"first","10":"instock","11":"taxable","12":"shipping-taxable","13":"product-type-simple"},"acf":[],"_links":{"self":[{"href":"https:\/\/freizeit-technik.de\/pt-pt\/wp-json\/wp\/v2\/product\/13296","targetHints":{"allow":["GET"]}}],"collection":[{"href":"https:\/\/freizeit-technik.de\/pt-pt\/wp-json\/wp\/v2\/product"}],"about":[{"href":"https:\/\/freizeit-technik.de\/pt-pt\/wp-json\/wp\/v2\/types\/product"}],"replies":[{"embeddable":true,"href":"https:\/\/freizeit-technik.de\/pt-pt\/wp-json\/wp\/v2\/comments?post=13296"}],"wp:featuredmedia":[{"embeddable":true,"href":"https:\/\/freizeit-technik.de\/pt-pt\/wp-json\/wp\/v2\/media\/10789"}],"wp:attachment":[{"href":"https:\/\/freizeit-technik.de\/pt-pt\/wp-json\/wp\/v2\/media?parent=13296"}],"wp:term":[{"taxonomy":"product_brand","embeddable":true,"href":"https:\/\/freizeit-technik.de\/pt-pt\/wp-json\/wp\/v2\/product_brand?post=13296"},{"taxonomy":"product_cat","embeddable":true,"href":"https:\/\/freizeit-technik.de\/pt-pt\/wp-json\/wp\/v2\/product_cat?post=13296"},{"taxonomy":"product_tag","embeddable":true,"href":"https:\/\/freizeit-technik.de\/pt-pt\/wp-json\/wp\/v2\/product_tag?post=13296"}],"curies":[{"name":"wp","href":"https:\/\/api.w.org\/{rel}","templated":true}]}}