{"id":13322,"date":"2026-03-19T12:00:54","date_gmt":"2026-03-19T11:00:54","guid":{"rendered":"https:\/\/freizeit-technik.de\/shop\/sistema-de-disco-de-rotor-para-tiras-de-latex-de-tipo-4-4-rodas-incluidas\/"},"modified":"2026-04-24T10:14:50","modified_gmt":"2026-04-24T08:14:50","slug":"sistema-de-disco-de-rotor-para-tiras-de-latex-de-tipo-4-4-rodas-incluidas","status":"publish","type":"product","link":"https:\/\/freizeit-technik.de\/pt-pt\/shop\/sistema-de-disco-de-rotor-para-tiras-de-latex-de-tipo-4-4-rodas-incluidas\/","title":{"rendered":"Sistema de disco de rotor para tiras de l\u00e1tex de tipo 4, 4 rodas inclu\u00eddas!"},"content":{"rendered":"<div style=\"width: 720px;\" class=\"wp-video\"><video class=\"wp-video-shortcode\" id=\"video-13322-1\" width=\"720\" height=\"1280\" preload=\"metadata\" controls=\"controls\"><source type=\"video\/mp4\" src=\"https:\/\/freizeit-technik.de\/wp-content\/uploads\/2026\/03\/rotor-discs-einhaengen.mp4?_=1\" \/><a href=\"https:\/\/freizeit-technik.de\/wp-content\/uploads\/2026\/03\/rotor-discs-einhaengen.mp4\">https:\/\/freizeit-technik.de\/wp-content\/uploads\/2026\/03\/rotor-discs-einhaengen.mp4<\/a><\/video><\/div>\n<div>\n<div style=\"width: 980px;\" class=\"wp-video\"><video class=\"wp-video-shortcode\" id=\"video-13322-2\" width=\"980\" height=\"551\" preload=\"metadata\" controls=\"controls\"><source type=\"video\/mp4\" src=\"https:\/\/freizeit-technik.de\/wp-content\/uploads\/2026\/03\/rotor_discs_video_1.mp4?_=2\" \/><a href=\"https:\/\/freizeit-technik.de\/wp-content\/uploads\/2026\/03\/rotor_discs_video_1.mp4\">https:\/\/freizeit-technik.de\/wp-content\/uploads\/2026\/03\/rotor_discs_video_1.mp4<\/a><\/video><\/div>\n<p><span class=\"tx-ttproducts-pi1-wrap2\"><strong>Cada disco com um suporte girat\u00f3rio em a\u00e7o inoxid\u00e1vel integrado<\/strong><\/span><\/p>\n<\/div>\n<div id=\"tab_fragment_1\" class=\"ui-tabs-panel ui-widget-content ui-corner-bottom ui-tabs-hide\"><span class=\"tx-ttproducts-pi1-wrap2\"><strong>Peso: 0,58 kg<br \/>\nTamanho da embalagem: 23 x 12 x 12 cm<br \/>\nCor: azul<br \/>\nCertifica\u00e7\u00e3o: Teste de tipo T\u00dcV (testes de carga de rutura)<\/strong><\/span><\/div>\n<div class=\"ui-tabs-panel ui-widget-content ui-corner-bottom ui-tabs-hide\"><\/div>\n","protected":false},"excerpt":{"rendered":"<p>O sistema Rotor-Disk permite ao operador definir rapidamente o peso correto do saltador com tiras de l\u00e1tex do tipo 4.<\/p>\n<p><strong>Inova\u00e7\u00f5es 2026:<\/strong><br \/>\nRedu\u00e7\u00e3o de pre\u00e7o e pre\u00e7o unit\u00e1rio ainda mais baixo com 4 sistemas para um bungee trampolim de 4 lugares.<br \/>\nO disco superior foi agora tamb\u00e9m equipado com uma articula\u00e7\u00e3o, de modo a que <strong>um total de quatro articula\u00e7\u00f5es de funcionamento suave <\/strong> estejam j\u00e1 integradas neste sistema.<\/p>\n<p><strong>Como funciona:<\/strong><br \/>\nAs tiras de l\u00e1tex do tipo 4 s\u00e3o inseridas no disco superior com ranhuras mais estreitas e a\u00ed permanecem sempre. Os discos inferiores do jumper t\u00eam 2 suportes mais estreitos, nos quais permanecem sempre 2 cordas de borracha (normalmente 2 x 10kg = 20kg).<br \/>\nAs sali\u00eancias longas das tiras na extremidade inferior significam que o peso do jumper pode ser ajustado r\u00e1pida e facilmente para al\u00e9m dos 20kg j\u00e1 fixados.<br \/>\nAs duas rota\u00e7\u00f5es na parte superior e inferior significam que as tiras dificilmente ficam presas. <\/p>\n<p><strong>Vantagens:<br \/>\n<\/strong>&#8211; 4 articula\u00e7\u00f5es de a\u00e7o inoxid\u00e1vel de alta qualidade, j\u00e1 integradas, por conjunto.<br \/>\n&#8211; Assim, s\u00e3o menos necess\u00e1rios pelo menos 2 mosquet\u00f5es e articula\u00e7\u00f5es do que com outras configura\u00e7\u00f5es.<br \/>\n&#8211; Cinta de reten\u00e7\u00e3o para prote\u00e7\u00e3o do material de l\u00e1tex e maior vida \u00fatil.<br \/>\n&#8211; Custos de funcionamento mais baixos.<br \/>\n&#8211; Maior seguran\u00e7a do que quando se utilizam outros sistemas de reten\u00e7\u00e3o para mangueiras de l\u00e1tex devido \u00e0 dist\u00e2ncia da cinta.<\/p>\n<p><strong>\u00c2mbito de fornecimento e informa\u00e7\u00f5es sobre pre\u00e7os:<\/strong><br \/>\nSe encomendares a quantidade &#8220;1&#8221;, receber\u00e1s <strong>4 discos <\/strong>(2 superiores e 2 inferiores com fita tecida)<strong> para uma \u00e1rea de saltos.<br \/>\n<\/strong>Se encomendares<strong> 4 sistemas <\/strong>para um sistema de trampolim de el\u00e1stico com 4 dobras<strong>, o pre\u00e7o unit\u00e1rio \u00e9 reduzido!<\/strong><\/p>\n<p><strong>Variantes de equipamento recomendadas por conjunto de plataforma de saltos (encomendar separadamente):<br \/>\n<\/strong>&#8211; Para um peso m\u00e1ximo de 90 kg do saltador: 16 pe\u00e7as de 10 kg e 4 pe\u00e7as de 5 kg<br \/>\n&#8211; Para um peso m\u00e1ximo de 95 kg do saltador: 18 pe\u00e7as de 10 kg e 2 pe\u00e7as de 5 kg<br \/>\n&#8211; Para um peso m\u00e1ximo de 100 kg do saltador: 20 pe\u00e7as de 10 kg (sem 5 kg)   <strong><br \/>\n<\/strong><\/p>\n<p>Dispon\u00edvel de imediato! As tiras de l\u00e1tex de corda de borracha tipo 4 mostradas s\u00e3o apenas para fins ilustrativos e n\u00e3o est\u00e3o inclu\u00eddas no \u00e2mbito da entrega. T\u00eam de ser encomendadas separadamente.  <\/p>\n<p><strong>Interessado mas inseguro?<\/strong><br \/>\nPede o nosso <strong>conjunto de teste<\/strong>, que <strong>te emprestamos<\/strong> (sujeito a disponibilidade)!<\/p>\n","protected":false},"featured_media":13339,"comment_status":"open","ping_status":"closed","template":"","meta":{"_acf_changed":false},"product_brand":[],"product_cat":[244,245,246,231],"product_tag":[],"class_list":{"0":"post-13322","1":"product","2":"type-product","3":"status-publish","4":"has-post-thumbnail","6":"product_cat-elasticos-e-cordas","7":"product_cat-elasticos-prontos-a-usar","8":"product_cat-faz-tu-mesmo","9":"product_cat-mosquetao-co","11":"first","12":"instock","13":"taxable","14":"shipping-taxable","15":"product-type-simple"},"acf":[],"_links":{"self":[{"href":"https:\/\/freizeit-technik.de\/pt-pt\/wp-json\/wp\/v2\/product\/13322","targetHints":{"allow":["GET"]}}],"collection":[{"href":"https:\/\/freizeit-technik.de\/pt-pt\/wp-json\/wp\/v2\/product"}],"about":[{"href":"https:\/\/freizeit-technik.de\/pt-pt\/wp-json\/wp\/v2\/types\/product"}],"replies":[{"embeddable":true,"href":"https:\/\/freizeit-technik.de\/pt-pt\/wp-json\/wp\/v2\/comments?post=13322"}],"wp:featuredmedia":[{"embeddable":true,"href":"https:\/\/freizeit-technik.de\/pt-pt\/wp-json\/wp\/v2\/media\/13339"}],"wp:attachment":[{"href":"https:\/\/freizeit-technik.de\/pt-pt\/wp-json\/wp\/v2\/media?parent=13322"}],"wp:term":[{"taxonomy":"product_brand","embeddable":true,"href":"https:\/\/freizeit-technik.de\/pt-pt\/wp-json\/wp\/v2\/product_brand?post=13322"},{"taxonomy":"product_cat","embeddable":true,"href":"https:\/\/freizeit-technik.de\/pt-pt\/wp-json\/wp\/v2\/product_cat?post=13322"},{"taxonomy":"product_tag","embeddable":true,"href":"https:\/\/freizeit-technik.de\/pt-pt\/wp-json\/wp\/v2\/product_tag?post=13322"}],"curies":[{"name":"wp","href":"https:\/\/api.w.org\/{rel}","templated":true}]}}