{"id":13347,"date":"2017-07-30T15:55:53","date_gmt":"2017-07-30T13:55:53","guid":{"rendered":"https:\/\/freizeit-technik.de\/shop\/ct-giratorio\/"},"modified":"2026-04-24T10:14:52","modified_gmt":"2026-04-24T08:14:52","slug":"ct-giratorio","status":"publish","type":"product","link":"https:\/\/freizeit-technik.de\/pt-pt\/shop\/ct-giratorio\/","title":{"rendered":"CT&#8221; girat\u00f3rio"},"content":{"rendered":"<p><span class=\"tx-ttproducts-pi1-wrap2\"><strong>Peso: 0,074 kg<br \/>\nCor: cinzento-laranja<br \/>\nCapacidade de carga est\u00e1tica: 24 kN<br \/>\nCertifica\u00e7\u00e3o: EN 354:2003<\/strong><\/span><\/p>\n<p><strong> <\/strong><img loading=\"lazy\" decoding=\"async\" class=\"size-full wp-image-690 alignleft\" src=\"https:\/\/freizeit-technik.de\/wp-content\/uploads\/2017\/03\/empfehlung.gif\" alt=\"\" width=\"198\" height=\"64\"><img loading=\"lazy\" decoding=\"async\" class=\"size-full wp-image-684 alignleft\" src=\"https:\/\/freizeit-technik.de\/wp-content\/uploads\/2017\/03\/Q_eu-1.gif\" alt=\"\" width=\"64\" height=\"64\"><img loading=\"lazy\" decoding=\"async\" class=\"size-full wp-image-694 alignleft\" src=\"https:\/\/freizeit-technik.de\/wp-content\/uploads\/2017\/03\/premium_line.gif\" alt=\"\" width=\"119\" height=\"64\"><\/p>\n","protected":false},"excerpt":{"rendered":"<p>Esta pe\u00e7a girat\u00f3ria \u00e9 a primeira escolha para utiliza\u00e7\u00e3o em sistemas de trampolins com el\u00e1stico.<br \/>\nDe funcionamento muito suave, pequena e leve. Fabricado com uma qualidade perfeita a partir de uma produ\u00e7\u00e3o europeia de renome e embalado individualmente. Com o r\u00f3tulo Jump-Sports, compramo-los em grandes quantidades.  <\/p>\n<p>Para os nossos clientes, isto significa uma rela\u00e7\u00e3o pre\u00e7o\/desempenho \u00fanica.<\/p>\n","protected":false},"featured_media":13349,"comment_status":"open","ping_status":"closed","template":"","meta":{"_acf_changed":false},"product_brand":[],"product_cat":[231],"product_tag":[],"class_list":{"0":"post-13347","1":"product","2":"type-product","3":"status-publish","4":"has-post-thumbnail","6":"product_cat-mosquetao-co","8":"first","9":"instock","10":"taxable","11":"shipping-taxable","12":"purchasable","13":"product-type-simple"},"acf":[],"_links":{"self":[{"href":"https:\/\/freizeit-technik.de\/pt-pt\/wp-json\/wp\/v2\/product\/13347","targetHints":{"allow":["GET"]}}],"collection":[{"href":"https:\/\/freizeit-technik.de\/pt-pt\/wp-json\/wp\/v2\/product"}],"about":[{"href":"https:\/\/freizeit-technik.de\/pt-pt\/wp-json\/wp\/v2\/types\/product"}],"replies":[{"embeddable":true,"href":"https:\/\/freizeit-technik.de\/pt-pt\/wp-json\/wp\/v2\/comments?post=13347"}],"wp:featuredmedia":[{"embeddable":true,"href":"https:\/\/freizeit-technik.de\/pt-pt\/wp-json\/wp\/v2\/media\/13349"}],"wp:attachment":[{"href":"https:\/\/freizeit-technik.de\/pt-pt\/wp-json\/wp\/v2\/media?parent=13347"}],"wp:term":[{"taxonomy":"product_brand","embeddable":true,"href":"https:\/\/freizeit-technik.de\/pt-pt\/wp-json\/wp\/v2\/product_brand?post=13347"},{"taxonomy":"product_cat","embeddable":true,"href":"https:\/\/freizeit-technik.de\/pt-pt\/wp-json\/wp\/v2\/product_cat?post=13347"},{"taxonomy":"product_tag","embeddable":true,"href":"https:\/\/freizeit-technik.de\/pt-pt\/wp-json\/wp\/v2\/product_tag?post=13347"}],"curies":[{"name":"wp","href":"https:\/\/api.w.org\/{rel}","templated":true}]}}