{"id":13388,"date":"2017-07-20T15:59:50","date_gmt":"2017-07-20T13:59:50","guid":{"rendered":"https:\/\/freizeit-technik.de\/shop\/giratoria-petzl-open\/"},"modified":"2026-04-24T10:15:37","modified_gmt":"2026-04-24T08:15:37","slug":"giratoria-petzl-open","status":"publish","type":"product","link":"https:\/\/freizeit-technik.de\/pt-pt\/shop\/giratoria-petzl-open\/","title":{"rendered":"Girat\u00f3ria &#8220;Petzl OPEN&#8221;"},"content":{"rendered":"","protected":false},"excerpt":{"rendered":"<p><span class=\"tx-ttproducts-pi1-wrap2\">Gira com uma abertura larga em ambos os lados. Ideal para prenderes aos arneses de saltos de trampolim com bungee. Ao eliminares a necessidade de um mosquet\u00e3o, ganhas um valioso curso de suspens\u00e3o. Ao mesmo tempo, esta pe\u00e7a girat\u00f3ria permite uma utiliza\u00e7\u00e3o segura no arn\u00eas, uma vez que a elimina\u00e7\u00e3o de um mosquet\u00e3o desloca o perigoso ponto de articula\u00e7\u00e3o para baixo &#8211; longe das m\u00e3os do saltador.<br \/>\nCom a qualidade comprovada da Petzl.   <\/span><\/p>\n","protected":false},"featured_media":10705,"comment_status":"open","ping_status":"closed","template":"","meta":{"_acf_changed":false},"product_brand":[],"product_cat":[231],"product_tag":[],"class_list":{"0":"post-13388","1":"product","2":"type-product","3":"status-publish","4":"has-post-thumbnail","6":"product_cat-mosquetao-co","8":"first","9":"instock","10":"taxable","11":"shipping-taxable","12":"purchasable","13":"product-type-simple"},"acf":[],"_links":{"self":[{"href":"https:\/\/freizeit-technik.de\/pt-pt\/wp-json\/wp\/v2\/product\/13388","targetHints":{"allow":["GET"]}}],"collection":[{"href":"https:\/\/freizeit-technik.de\/pt-pt\/wp-json\/wp\/v2\/product"}],"about":[{"href":"https:\/\/freizeit-technik.de\/pt-pt\/wp-json\/wp\/v2\/types\/product"}],"replies":[{"embeddable":true,"href":"https:\/\/freizeit-technik.de\/pt-pt\/wp-json\/wp\/v2\/comments?post=13388"}],"wp:featuredmedia":[{"embeddable":true,"href":"https:\/\/freizeit-technik.de\/pt-pt\/wp-json\/wp\/v2\/media\/10705"}],"wp:attachment":[{"href":"https:\/\/freizeit-technik.de\/pt-pt\/wp-json\/wp\/v2\/media?parent=13388"}],"wp:term":[{"taxonomy":"product_brand","embeddable":true,"href":"https:\/\/freizeit-technik.de\/pt-pt\/wp-json\/wp\/v2\/product_brand?post=13388"},{"taxonomy":"product_cat","embeddable":true,"href":"https:\/\/freizeit-technik.de\/pt-pt\/wp-json\/wp\/v2\/product_cat?post=13388"},{"taxonomy":"product_tag","embeddable":true,"href":"https:\/\/freizeit-technik.de\/pt-pt\/wp-json\/wp\/v2\/product_tag?post=13388"}],"curies":[{"name":"wp","href":"https:\/\/api.w.org\/{rel}","templated":true}]}}