{"id":13406,"date":"2017-07-28T16:00:58","date_gmt":"2017-07-28T14:00:58","guid":{"rendered":"https:\/\/freizeit-technik.de\/shop\/giratoria-petzl-micro\/"},"modified":"2026-04-24T10:15:45","modified_gmt":"2026-04-24T08:15:45","slug":"giratoria-petzl-micro","status":"publish","type":"product","link":"https:\/\/freizeit-technik.de\/pt-pt\/shop\/giratoria-petzl-micro\/","title":{"rendered":"Girat\u00f3ria &#8220;Petzl Micro"},"content":{"rendered":"","protected":false},"excerpt":{"rendered":"<p><span class=\"tx-ttproducts-pi1-wrap2\">A articula\u00e7\u00e3o roscada compacta foi concebida para ser combinada com um mosquet\u00e3o de bloqueio para evitar que as correias se tor\u00e7am e para garantir o posicionamento correto dos dispositivos. O design sem rolamentos permite que a pe\u00e7a girat\u00f3ria rode livremente quando n\u00e3o est\u00e1 sob carga e evita que se mova sob carga para manter os dispositivos na posi\u00e7\u00e3o correta. <\/span><\/p>\n","protected":false},"featured_media":13407,"comment_status":"open","ping_status":"closed","template":"","meta":{"_acf_changed":false},"product_brand":[],"product_cat":[231],"product_tag":[],"class_list":{"0":"post-13406","1":"product","2":"type-product","3":"status-publish","4":"has-post-thumbnail","6":"product_cat-mosquetao-co","8":"first","9":"instock","10":"taxable","11":"shipping-taxable","12":"purchasable","13":"product-type-simple"},"acf":[],"_links":{"self":[{"href":"https:\/\/freizeit-technik.de\/pt-pt\/wp-json\/wp\/v2\/product\/13406","targetHints":{"allow":["GET"]}}],"collection":[{"href":"https:\/\/freizeit-technik.de\/pt-pt\/wp-json\/wp\/v2\/product"}],"about":[{"href":"https:\/\/freizeit-technik.de\/pt-pt\/wp-json\/wp\/v2\/types\/product"}],"replies":[{"embeddable":true,"href":"https:\/\/freizeit-technik.de\/pt-pt\/wp-json\/wp\/v2\/comments?post=13406"}],"wp:featuredmedia":[{"embeddable":true,"href":"https:\/\/freizeit-technik.de\/pt-pt\/wp-json\/wp\/v2\/media\/13407"}],"wp:attachment":[{"href":"https:\/\/freizeit-technik.de\/pt-pt\/wp-json\/wp\/v2\/media?parent=13406"}],"wp:term":[{"taxonomy":"product_brand","embeddable":true,"href":"https:\/\/freizeit-technik.de\/pt-pt\/wp-json\/wp\/v2\/product_brand?post=13406"},{"taxonomy":"product_cat","embeddable":true,"href":"https:\/\/freizeit-technik.de\/pt-pt\/wp-json\/wp\/v2\/product_cat?post=13406"},{"taxonomy":"product_tag","embeddable":true,"href":"https:\/\/freizeit-technik.de\/pt-pt\/wp-json\/wp\/v2\/product_tag?post=13406"}],"curies":[{"name":"wp","href":"https:\/\/api.w.org\/{rel}","templated":true}]}}