{"id":13513,"date":"2026-04-12T15:22:41","date_gmt":"2026-04-12T13:22:41","guid":{"rendered":"https:\/\/freizeit-technik.de\/shop\/tapetes-de-jogos\/"},"modified":"2026-04-24T11:27:41","modified_gmt":"2026-04-24T09:27:41","slug":"tapetes-de-jogos","status":"publish","type":"product","link":"https:\/\/freizeit-technik.de\/pt-pt\/shop\/tapetes-de-jogos\/","title":{"rendered":"Tapetes de jogos"},"content":{"rendered":"<p>Di\u00e2metro interior: 52 mm (desvio poss\u00edvel de 1 mm)<\/p>\n<p>Espessura da parede: 17 mm (desvio poss\u00edvel de 1 mm)<\/p>\n","protected":false},"excerpt":{"rendered":"<p>Tem em aten\u00e7\u00e3o que os portes de envio dentro da Alemanha (excluindo as ilhas) j\u00e1 est\u00e3o inclu\u00eddos no pre\u00e7o deste produto.<\/p>\n<p>Uma unidade de embalagem (UP) corresponde a 27 pe\u00e7as com um comprimento de 2480 mm cada (\u00e9 poss\u00edvel um desvio at\u00e9 30 mm). O comprimento total por embalagem \u00e9 de 66,96 metros.<\/p>\n<p><strong>Os Playbads est\u00e3o dispon\u00edveis nas seguintes cores:  <\/strong><\/p>\n<p><strong>Azul, azul claro, preto, laranja, amarelo, vermelho, rosa, roxo, verde, verde claro, castanho claro, castanho escuro, prateado  <\/strong><\/p>\n<p><strong>Introduz as tuas prefer\u00eancias de cor no checkout, na rubrica &#8220;Notas sobre a encomenda&#8221;.<\/strong><\/p>\n<p>&nbsp;<\/p>\n<p>&nbsp;<\/p>\n<p><strong>Tem em aten\u00e7\u00e3o os nossos pre\u00e7os graduados<\/strong><\/p>\n<p>1 PU = 399,00 euros + 60,00 euros de custos de envio<\/p>\n<p>2 PU = 393,00 euros por PU + 40,00 euros de custos de envio por PU<\/p>\n<p>3 PU = 387,00 euros por PU + 35,00 euros de custos de envio por PU<\/p>\n<p>A partir de 4 PU= 367,00 \u20ac por PU (envio gratuito)<\/p>\n<p>&nbsp;<\/p>\n","protected":false},"featured_media":13528,"comment_status":"open","ping_status":"closed","template":"","meta":{"_acf_changed":false},"product_brand":[],"product_cat":[260,222,261],"product_tag":[],"class_list":{"0":"post-13513","1":"product","2":"type-product","3":"status-publish","4":"has-post-thumbnail","6":"product_cat-acessorios-para-parques-infantis","7":"product_cat-diversos","8":"product_cat-redes-laterais-para-trampolins","10":"first","11":"instock","12":"taxable","13":"shipping-taxable","14":"product-type-simple"},"acf":[],"_links":{"self":[{"href":"https:\/\/freizeit-technik.de\/pt-pt\/wp-json\/wp\/v2\/product\/13513","targetHints":{"allow":["GET"]}}],"collection":[{"href":"https:\/\/freizeit-technik.de\/pt-pt\/wp-json\/wp\/v2\/product"}],"about":[{"href":"https:\/\/freizeit-technik.de\/pt-pt\/wp-json\/wp\/v2\/types\/product"}],"replies":[{"embeddable":true,"href":"https:\/\/freizeit-technik.de\/pt-pt\/wp-json\/wp\/v2\/comments?post=13513"}],"wp:featuredmedia":[{"embeddable":true,"href":"https:\/\/freizeit-technik.de\/pt-pt\/wp-json\/wp\/v2\/media\/13528"}],"wp:attachment":[{"href":"https:\/\/freizeit-technik.de\/pt-pt\/wp-json\/wp\/v2\/media?parent=13513"}],"wp:term":[{"taxonomy":"product_brand","embeddable":true,"href":"https:\/\/freizeit-technik.de\/pt-pt\/wp-json\/wp\/v2\/product_brand?post=13513"},{"taxonomy":"product_cat","embeddable":true,"href":"https:\/\/freizeit-technik.de\/pt-pt\/wp-json\/wp\/v2\/product_cat?post=13513"},{"taxonomy":"product_tag","embeddable":true,"href":"https:\/\/freizeit-technik.de\/pt-pt\/wp-json\/wp\/v2\/product_tag?post=13513"}],"curies":[{"name":"wp","href":"https:\/\/api.w.org\/{rel}","templated":true}]}}