{"id":13814,"date":"2026-04-12T15:20:32","date_gmt":"2026-04-12T13:20:32","guid":{"rendered":"https:\/\/freizeit-technik.de\/shop\/100-abracadeiras-play-com-cabeca-plana\/"},"modified":"2026-04-24T11:28:29","modified_gmt":"2026-04-24T09:28:29","slug":"100-abracadeiras-play-com-cabeca-plana","status":"publish","type":"product","link":"https:\/\/freizeit-technik.de\/pt-pt\/shop\/100-abracadeiras-play-com-cabeca-plana\/","title":{"rendered":"100 Abra\u00e7adeiras Play com cabe\u00e7a plana"},"content":{"rendered":"","protected":false},"excerpt":{"rendered":"<p>Tamb\u00e9m te podem interessar os <a href=\"https:\/\/freizeit-technik.de\/pt-pt\/?post_type=product&#038;p=13513\">tapetes de brincar a cores<\/a><\/p>\n","protected":false},"featured_media":10032,"comment_status":"open","ping_status":"closed","template":"","meta":{"_acf_changed":false},"product_brand":[],"product_cat":[260,222,197,261],"product_tag":[],"class_list":{"0":"post-13814","1":"product","2":"type-product","3":"status-publish","4":"has-post-thumbnail","6":"product_cat-acessorios-para-parques-infantis","7":"product_cat-diversos","8":"product_cat-parque-de-trampolins-e-instalacoes-de-trampolins","9":"product_cat-redes-laterais-para-trampolins","11":"first","12":"instock","13":"taxable","14":"shipping-taxable","15":"product-type-variable","16":"has-default-attributes"},"acf":[],"_links":{"self":[{"href":"https:\/\/freizeit-technik.de\/pt-pt\/wp-json\/wp\/v2\/product\/13814","targetHints":{"allow":["GET"]}}],"collection":[{"href":"https:\/\/freizeit-technik.de\/pt-pt\/wp-json\/wp\/v2\/product"}],"about":[{"href":"https:\/\/freizeit-technik.de\/pt-pt\/wp-json\/wp\/v2\/types\/product"}],"replies":[{"embeddable":true,"href":"https:\/\/freizeit-technik.de\/pt-pt\/wp-json\/wp\/v2\/comments?post=13814"}],"wp:featuredmedia":[{"embeddable":true,"href":"https:\/\/freizeit-technik.de\/pt-pt\/wp-json\/wp\/v2\/media\/10032"}],"wp:attachment":[{"href":"https:\/\/freizeit-technik.de\/pt-pt\/wp-json\/wp\/v2\/media?parent=13814"}],"wp:term":[{"taxonomy":"product_brand","embeddable":true,"href":"https:\/\/freizeit-technik.de\/pt-pt\/wp-json\/wp\/v2\/product_brand?post=13814"},{"taxonomy":"product_cat","embeddable":true,"href":"https:\/\/freizeit-technik.de\/pt-pt\/wp-json\/wp\/v2\/product_cat?post=13814"},{"taxonomy":"product_tag","embeddable":true,"href":"https:\/\/freizeit-technik.de\/pt-pt\/wp-json\/wp\/v2\/product_tag?post=13814"}],"curies":[{"name":"wp","href":"https:\/\/api.w.org\/{rel}","templated":true}]}}