{"id":14388,"date":"2017-07-29T15:38:36","date_gmt":"2017-07-29T13:38:36","guid":{"rendered":"https:\/\/freizeit-technik.de\/shop\/arnes-s-para-trampolim-tipo-1-bungee\/"},"modified":"2026-04-25T21:43:45","modified_gmt":"2026-04-25T19:43:45","slug":"arnes-s-para-trampolim-tipo-1-bungee","status":"publish","type":"product","link":"https:\/\/freizeit-technik.de\/pt-pt\/shop\/arnes-s-para-trampolim-tipo-1-bungee\/","title":{"rendered":"Arn\u00eas S para trampolim tipo 1 Bungee"},"content":{"rendered":"<p><span class=\"tx-ttproducts-pi1-wrap2\"><strong>Peso: 1,10 kg<br \/>\nCor: azul<br \/>\nEnsaios de carga de rutura: em conformidade com a norma DIN EN 813<\/strong><\/span><\/p>\n","protected":false},"excerpt":{"rendered":"<p>O nosso arn\u00eas de trampolim de el\u00e1stico de tipo 1 atual foi continuamente desenvolvido ao longo dos anos e goza de um elevado n\u00edvel de satisfa\u00e7\u00e3o dos clientes.<br \/>\nPerfeitamente acolchoado e com um amplo apoio para as pernas, oferece o m\u00e1ximo conforto.<br \/>\nOs arneses de trampolim de el\u00e1stico de tipo 1 t\u00eam sec\u00e7\u00f5es de pernas separadas e pontos de fixa\u00e7\u00e3o posicionados uns sobre os outros.<br \/>\nSe escolheres os pontos de fixa\u00e7\u00e3o superiores para prender as cordas el\u00e1sticas, evitas ou dificultas a realiza\u00e7\u00e3o de cambalhotas.<br \/>\nSe escolheres os pontos de fixa\u00e7\u00e3o inferiores, facilitas a realiza\u00e7\u00e3o de cambalhotas devido ao ponto de articula\u00e7\u00e3o inferior.<\/p>\n","protected":false},"featured_media":14390,"comment_status":"open","ping_status":"closed","template":"","meta":{"_acf_changed":false},"product_brand":[],"product_cat":[271,221],"product_tag":[],"class_list":{"0":"post-14388","1":"product","2":"type-product","3":"status-publish","4":"has-post-thumbnail","6":"product_cat-arnes-de-salto","7":"product_cat-instalacoes-de-trampolins-de-bungee","9":"first","10":"instock","11":"taxable","12":"shipping-taxable","13":"product-type-simple"},"acf":[],"_links":{"self":[{"href":"https:\/\/freizeit-technik.de\/pt-pt\/wp-json\/wp\/v2\/product\/14388","targetHints":{"allow":["GET"]}}],"collection":[{"href":"https:\/\/freizeit-technik.de\/pt-pt\/wp-json\/wp\/v2\/product"}],"about":[{"href":"https:\/\/freizeit-technik.de\/pt-pt\/wp-json\/wp\/v2\/types\/product"}],"replies":[{"embeddable":true,"href":"https:\/\/freizeit-technik.de\/pt-pt\/wp-json\/wp\/v2\/comments?post=14388"}],"wp:featuredmedia":[{"embeddable":true,"href":"https:\/\/freizeit-technik.de\/pt-pt\/wp-json\/wp\/v2\/media\/14390"}],"wp:attachment":[{"href":"https:\/\/freizeit-technik.de\/pt-pt\/wp-json\/wp\/v2\/media?parent=14388"}],"wp:term":[{"taxonomy":"product_brand","embeddable":true,"href":"https:\/\/freizeit-technik.de\/pt-pt\/wp-json\/wp\/v2\/product_brand?post=14388"},{"taxonomy":"product_cat","embeddable":true,"href":"https:\/\/freizeit-technik.de\/pt-pt\/wp-json\/wp\/v2\/product_cat?post=14388"},{"taxonomy":"product_tag","embeddable":true,"href":"https:\/\/freizeit-technik.de\/pt-pt\/wp-json\/wp\/v2\/product_tag?post=14388"}],"curies":[{"name":"wp","href":"https:\/\/api.w.org\/{rel}","templated":true}]}}