{"id":14430,"date":"2012-06-03T13:40:07","date_gmt":"2012-06-03T11:40:07","guid":{"rendered":"https:\/\/freizeit-technik.de\/shop\/arnes-s-para-trampolim-tipo-3-bungee\/"},"modified":"2026-04-25T22:19:14","modified_gmt":"2026-04-25T20:19:14","slug":"arnes-s-para-trampolim-tipo-3-bungee","status":"publish","type":"product","link":"https:\/\/freizeit-technik.de\/pt-pt\/shop\/arnes-s-para-trampolim-tipo-3-bungee\/","title":{"rendered":"Arn\u00eas S para trampolim tipo 3 Bungee"},"content":{"rendered":"<p><strong>Ensaios de carga de rutura: em conformidade com a norma DIN EN 813<\/strong><\/p>\n","protected":false},"excerpt":{"rendered":"<p>Os arneses de saltos de trampolim com el\u00e1stico do tipo 3 t\u00eam o mesmo design que os do tipo 2, mas s\u00e3o feitos de materiais diferentes e t\u00eam uma forma de almofada ligeiramente diferente.<br \/>\nAs sec\u00e7\u00f5es das pernas est\u00e3o ligadas entre si, os pontos de fixa\u00e7\u00e3o s\u00e3o profundos e paralelos.<br \/>\nOs tamanhos dos arneses de saltos do tipo 3 s\u00e3o iguais aos do tipo 1.<\/p>\n","protected":false},"featured_media":14431,"comment_status":"open","ping_status":"closed","template":"","meta":{"_acf_changed":false},"product_brand":[],"product_cat":[271],"product_tag":[],"class_list":{"0":"post-14430","1":"product","2":"type-product","3":"status-publish","4":"has-post-thumbnail","6":"product_cat-arnes-de-salto","8":"first","9":"instock","10":"taxable","11":"shipping-taxable","12":"product-type-simple"},"acf":[],"_links":{"self":[{"href":"https:\/\/freizeit-technik.de\/pt-pt\/wp-json\/wp\/v2\/product\/14430","targetHints":{"allow":["GET"]}}],"collection":[{"href":"https:\/\/freizeit-technik.de\/pt-pt\/wp-json\/wp\/v2\/product"}],"about":[{"href":"https:\/\/freizeit-technik.de\/pt-pt\/wp-json\/wp\/v2\/types\/product"}],"replies":[{"embeddable":true,"href":"https:\/\/freizeit-technik.de\/pt-pt\/wp-json\/wp\/v2\/comments?post=14430"}],"wp:featuredmedia":[{"embeddable":true,"href":"https:\/\/freizeit-technik.de\/pt-pt\/wp-json\/wp\/v2\/media\/14431"}],"wp:attachment":[{"href":"https:\/\/freizeit-technik.de\/pt-pt\/wp-json\/wp\/v2\/media?parent=14430"}],"wp:term":[{"taxonomy":"product_brand","embeddable":true,"href":"https:\/\/freizeit-technik.de\/pt-pt\/wp-json\/wp\/v2\/product_brand?post=14430"},{"taxonomy":"product_cat","embeddable":true,"href":"https:\/\/freizeit-technik.de\/pt-pt\/wp-json\/wp\/v2\/product_cat?post=14430"},{"taxonomy":"product_tag","embeddable":true,"href":"https:\/\/freizeit-technik.de\/pt-pt\/wp-json\/wp\/v2\/product_tag?post=14430"}],"curies":[{"name":"wp","href":"https:\/\/api.w.org\/{rel}","templated":true}]}}