{"id":14527,"date":"2026-04-19T21:02:05","date_gmt":"2026-04-19T19:02:05","guid":{"rendered":"https:\/\/freizeit-technik.de\/shop\/preco-especial-polia-grande-de-aco-inoxidavel\/"},"modified":"2026-04-29T12:42:36","modified_gmt":"2026-04-29T10:42:36","slug":"preco-especial-polia-grande-de-aco-inoxidavel","status":"publish","type":"product","link":"https:\/\/freizeit-technik.de\/pt-pt\/shop\/preco-especial-polia-grande-de-aco-inoxidavel\/","title":{"rendered":"Pre\u00e7o especial: polia grande de a\u00e7o inoxid\u00e1vel"},"content":{"rendered":"","protected":false},"excerpt":{"rendered":"<p class=\"productSubtitle\">Polia grande em a\u00e7o inoxid\u00e1vel com rolamentos de esferas.<br \/>\nFuncionamento particularmente suave para cordas at\u00e9 9,5 mm.<br \/>\nN\u00e3o certificado, n\u00e3o aprovado para transportar\/segurar\/puxar pessoas.<br \/>\nVenda a um pre\u00e7o especial.<\/p>\n","protected":false},"featured_media":10806,"comment_status":"open","ping_status":"closed","template":"","meta":{"_acf_changed":false},"product_brand":[],"product_cat":[221,231],"product_tag":[],"class_list":{"0":"post-14527","1":"product","2":"type-product","3":"status-publish","4":"has-post-thumbnail","6":"product_cat-instalacoes-de-trampolins-de-bungee","7":"product_cat-mosquetao-co","9":"first","10":"instock","11":"taxable","12":"shipping-taxable","13":"purchasable","14":"product-type-simple"},"acf":[],"_links":{"self":[{"href":"https:\/\/freizeit-technik.de\/pt-pt\/wp-json\/wp\/v2\/product\/14527","targetHints":{"allow":["GET"]}}],"collection":[{"href":"https:\/\/freizeit-technik.de\/pt-pt\/wp-json\/wp\/v2\/product"}],"about":[{"href":"https:\/\/freizeit-technik.de\/pt-pt\/wp-json\/wp\/v2\/types\/product"}],"replies":[{"embeddable":true,"href":"https:\/\/freizeit-technik.de\/pt-pt\/wp-json\/wp\/v2\/comments?post=14527"}],"wp:featuredmedia":[{"embeddable":true,"href":"https:\/\/freizeit-technik.de\/pt-pt\/wp-json\/wp\/v2\/media\/10806"}],"wp:attachment":[{"href":"https:\/\/freizeit-technik.de\/pt-pt\/wp-json\/wp\/v2\/media?parent=14527"}],"wp:term":[{"taxonomy":"product_brand","embeddable":true,"href":"https:\/\/freizeit-technik.de\/pt-pt\/wp-json\/wp\/v2\/product_brand?post=14527"},{"taxonomy":"product_cat","embeddable":true,"href":"https:\/\/freizeit-technik.de\/pt-pt\/wp-json\/wp\/v2\/product_cat?post=14527"},{"taxonomy":"product_tag","embeddable":true,"href":"https:\/\/freizeit-technik.de\/pt-pt\/wp-json\/wp\/v2\/product_tag?post=14527"}],"curies":[{"name":"wp","href":"https:\/\/api.w.org\/{rel}","templated":true}]}}