{"id":14573,"date":"2026-04-08T12:27:40","date_gmt":"2026-04-08T10:27:40","guid":{"rendered":"https:\/\/freizeit-technik.de\/shop\/850gr-de-adesivo-de-lona-com-40gr-de-reticulante\/"},"modified":"2026-04-29T12:44:38","modified_gmt":"2026-04-29T10:44:38","slug":"850gr-de-adesivo-de-lona-com-40gr-de-reticulante","status":"publish","type":"product","link":"https:\/\/freizeit-technik.de\/pt-pt\/shop\/850gr-de-adesivo-de-lona-com-40gr-de-reticulante\/","title":{"rendered":"850gr de adesivo de lona com 40gr de reticulante"},"content":{"rendered":"","protected":false},"excerpt":{"rendered":"<p>Adesivo em spray com um padr\u00e3o de pulveriza\u00e7\u00e3o potente e uma v\u00e1lvula especial para uma largura de pulveriza\u00e7\u00e3o vari\u00e1vel; ideal para uma colagem r\u00e1pida e permanente de uma vasta gama de combina\u00e7\u00f5es de materiais, por exemplo, espumas em madeira e metal e, at\u00e9 certo ponto, para material de lona.<\/p>\n","protected":false},"featured_media":10024,"comment_status":"open","ping_status":"closed","template":"","meta":{"_acf_changed":false},"product_brand":[],"product_cat":[260,222],"product_tag":[],"class_list":{"0":"post-14573","1":"product","2":"type-product","3":"status-publish","4":"has-post-thumbnail","6":"product_cat-acessorios-para-parques-infantis","7":"product_cat-diversos","9":"first","10":"instock","11":"taxable","12":"shipping-taxable","13":"purchasable","14":"product-type-simple"},"acf":[],"_links":{"self":[{"href":"https:\/\/freizeit-technik.de\/pt-pt\/wp-json\/wp\/v2\/product\/14573","targetHints":{"allow":["GET"]}}],"collection":[{"href":"https:\/\/freizeit-technik.de\/pt-pt\/wp-json\/wp\/v2\/product"}],"about":[{"href":"https:\/\/freizeit-technik.de\/pt-pt\/wp-json\/wp\/v2\/types\/product"}],"replies":[{"embeddable":true,"href":"https:\/\/freizeit-technik.de\/pt-pt\/wp-json\/wp\/v2\/comments?post=14573"}],"wp:featuredmedia":[{"embeddable":true,"href":"https:\/\/freizeit-technik.de\/pt-pt\/wp-json\/wp\/v2\/media\/10024"}],"wp:attachment":[{"href":"https:\/\/freizeit-technik.de\/pt-pt\/wp-json\/wp\/v2\/media?parent=14573"}],"wp:term":[{"taxonomy":"product_brand","embeddable":true,"href":"https:\/\/freizeit-technik.de\/pt-pt\/wp-json\/wp\/v2\/product_brand?post=14573"},{"taxonomy":"product_cat","embeddable":true,"href":"https:\/\/freizeit-technik.de\/pt-pt\/wp-json\/wp\/v2\/product_cat?post=14573"},{"taxonomy":"product_tag","embeddable":true,"href":"https:\/\/freizeit-technik.de\/pt-pt\/wp-json\/wp\/v2\/product_tag?post=14573"}],"curies":[{"name":"wp","href":"https:\/\/api.w.org\/{rel}","templated":true}]}}