{"id":14633,"date":"2026-04-12T15:21:32","date_gmt":"2026-04-12T13:21:32","guid":{"rendered":"https:\/\/freizeit-technik.de\/shop\/almofada-de-tubo-100mm-60mm\/"},"modified":"2026-04-30T09:06:21","modified_gmt":"2026-04-30T07:06:21","slug":"almofada-de-tubo-100mm-60mm","status":"publish","type":"product","link":"https:\/\/freizeit-technik.de\/pt-pt\/shop\/almofada-de-tubo-100mm-60mm\/","title":{"rendered":"Almofada de tubo 100mm\/60mm"},"content":{"rendered":"","protected":false},"excerpt":{"rendered":"<p>Almofadas de tubo com um di\u00e2metro interior de 60 mm e um di\u00e2metro exterior de 100 mm.<br \/>\nS\u00e3o utilizadas, entre outras coisas, em postes de rede de sistemas multitramp.<br \/>\nPara estas almofadas de tubo, fabricamos tiras de lona de PVC coloridas por encomenda separada, que s\u00e3o colocadas \u00e0 volta da almofada de tubo e fechadas com o fecho de velcro cosido.<\/p>\n<p>1 caixa cont\u00e9m 20 almofadas tubulares com 2 m de comprimento, ou seja, 40 metros.<br \/>\nVendido em caixas inteiras<\/p>\n<p><strong>Tem em aten\u00e7\u00e3o os nossos pre\u00e7os graduados<\/strong><\/p>\n<p>1 PU = 112,00 euros + 70,00 euros de custos de envio<\/p>\n<p>2 PU = 108,00 euros por PU + 50,00 euros de custos de envio por PU<\/p>\n<p>3 PU = 104,00 euros por PU + 40,00 euros de custos de envio por PU<\/p>\n<p>4 PU = 100,00 \u20ac por PU + 35,00 \u20ac de custos de envio por PU<\/p>\n","protected":false},"featured_media":9832,"comment_status":"open","ping_status":"closed","template":"","meta":{"_acf_changed":false},"product_brand":[],"product_cat":[260,222,281,261],"product_tag":[],"class_list":{"0":"post-14633","1":"product","2":"type-product","3":"status-publish","4":"has-post-thumbnail","6":"product_cat-acessorios-para-parques-infantis","7":"product_cat-diversos","8":"product_cat-parque-infantil-interior-e-material-para-eventos","9":"product_cat-redes-laterais-para-trampolins","11":"first","12":"instock","13":"taxable","14":"shipping-taxable","15":"purchasable","16":"product-type-variable"},"acf":[],"_links":{"self":[{"href":"https:\/\/freizeit-technik.de\/pt-pt\/wp-json\/wp\/v2\/product\/14633","targetHints":{"allow":["GET"]}}],"collection":[{"href":"https:\/\/freizeit-technik.de\/pt-pt\/wp-json\/wp\/v2\/product"}],"about":[{"href":"https:\/\/freizeit-technik.de\/pt-pt\/wp-json\/wp\/v2\/types\/product"}],"replies":[{"embeddable":true,"href":"https:\/\/freizeit-technik.de\/pt-pt\/wp-json\/wp\/v2\/comments?post=14633"}],"wp:featuredmedia":[{"embeddable":true,"href":"https:\/\/freizeit-technik.de\/pt-pt\/wp-json\/wp\/v2\/media\/9832"}],"wp:attachment":[{"href":"https:\/\/freizeit-technik.de\/pt-pt\/wp-json\/wp\/v2\/media?parent=14633"}],"wp:term":[{"taxonomy":"product_brand","embeddable":true,"href":"https:\/\/freizeit-technik.de\/pt-pt\/wp-json\/wp\/v2\/product_brand?post=14633"},{"taxonomy":"product_cat","embeddable":true,"href":"https:\/\/freizeit-technik.de\/pt-pt\/wp-json\/wp\/v2\/product_cat?post=14633"},{"taxonomy":"product_tag","embeddable":true,"href":"https:\/\/freizeit-technik.de\/pt-pt\/wp-json\/wp\/v2\/product_tag?post=14633"}],"curies":[{"name":"wp","href":"https:\/\/api.w.org\/{rel}","templated":true}]}}