{"id":14647,"date":"2026-04-12T10:47:58","date_gmt":"2026-04-12T08:47:58","guid":{"rendered":"https:\/\/freizeit-technik.de\/shop\/conector-de-bungee-para-almofadas-de-tubo\/"},"modified":"2026-04-30T09:07:28","modified_gmt":"2026-04-30T07:07:28","slug":"conector-de-bungee-para-almofadas-de-tubo","status":"publish","type":"product","link":"https:\/\/freizeit-technik.de\/pt-pt\/shop\/conector-de-bungee-para-almofadas-de-tubo\/","title":{"rendered":"Conector de bungee para almofadas de tubo"},"content":{"rendered":"","protected":false},"excerpt":{"rendered":"<p>Ligadores de el\u00e1stico pretos para fixar faixas, almofadas, redes n\u00e3o relacionadas com a seguran\u00e7a, etc. a tapetes de 100 mm de di\u00e2metro.<\/p>\n<p>&nbsp;<\/p>\n<p>&nbsp;<\/p>\n","protected":false},"featured_media":14648,"comment_status":"open","ping_status":"closed","template":"","meta":{"_acf_changed":false},"product_brand":[],"product_cat":[260,222,197,281,261],"product_tag":[],"class_list":{"0":"post-14647","1":"product","2":"type-product","3":"status-publish","4":"has-post-thumbnail","6":"product_cat-acessorios-para-parques-infantis","7":"product_cat-diversos","8":"product_cat-parque-de-trampolins-e-instalacoes-de-trampolins","9":"product_cat-parque-infantil-interior-e-material-para-eventos","10":"product_cat-redes-laterais-para-trampolins","12":"first","13":"instock","14":"taxable","15":"shipping-taxable","16":"purchasable","17":"product-type-simple"},"acf":[],"_links":{"self":[{"href":"https:\/\/freizeit-technik.de\/pt-pt\/wp-json\/wp\/v2\/product\/14647","targetHints":{"allow":["GET"]}}],"collection":[{"href":"https:\/\/freizeit-technik.de\/pt-pt\/wp-json\/wp\/v2\/product"}],"about":[{"href":"https:\/\/freizeit-technik.de\/pt-pt\/wp-json\/wp\/v2\/types\/product"}],"replies":[{"embeddable":true,"href":"https:\/\/freizeit-technik.de\/pt-pt\/wp-json\/wp\/v2\/comments?post=14647"}],"wp:featuredmedia":[{"embeddable":true,"href":"https:\/\/freizeit-technik.de\/pt-pt\/wp-json\/wp\/v2\/media\/14648"}],"wp:attachment":[{"href":"https:\/\/freizeit-technik.de\/pt-pt\/wp-json\/wp\/v2\/media?parent=14647"}],"wp:term":[{"taxonomy":"product_brand","embeddable":true,"href":"https:\/\/freizeit-technik.de\/pt-pt\/wp-json\/wp\/v2\/product_brand?post=14647"},{"taxonomy":"product_cat","embeddable":true,"href":"https:\/\/freizeit-technik.de\/pt-pt\/wp-json\/wp\/v2\/product_cat?post=14647"},{"taxonomy":"product_tag","embeddable":true,"href":"https:\/\/freizeit-technik.de\/pt-pt\/wp-json\/wp\/v2\/product_tag?post=14647"}],"curies":[{"name":"wp","href":"https:\/\/api.w.org\/{rel}","templated":true}]}}