{"id":14659,"date":"2026-04-12T11:50:37","date_gmt":"2026-04-12T09:50:37","guid":{"rendered":"https:\/\/freizeit-technik.de\/shop\/cordao-de-ligacao-3mm-pe-preto-260m\/"},"modified":"2026-04-30T09:07:39","modified_gmt":"2026-04-30T07:07:39","slug":"cordao-de-ligacao-3mm-pe-preto-260m","status":"publish","type":"product","link":"https:\/\/freizeit-technik.de\/pt-pt\/shop\/cordao-de-ligacao-3mm-pe-preto-260m\/","title":{"rendered":"Cord\u00e3o de liga\u00e7\u00e3o 3mm PE preto, 260m"},"content":{"rendered":"<p><strong>Comprimento: 260m<br \/>\nEspessura: 3mm<br \/>\nMaterial: PE<\/strong><\/p>\n","protected":false},"excerpt":{"rendered":"<p>Ideal para a integra\u00e7\u00e3o de redes de seguran\u00e7a em estruturas desportivas e l\u00fadicas.<\/p>\n","protected":false},"featured_media":14660,"comment_status":"open","ping_status":"closed","template":"","meta":{"_acf_changed":false},"product_brand":[],"product_cat":[260,222,197,261],"product_tag":[],"class_list":{"0":"post-14659","1":"product","2":"type-product","3":"status-publish","4":"has-post-thumbnail","6":"product_cat-acessorios-para-parques-infantis","7":"product_cat-diversos","8":"product_cat-parque-de-trampolins-e-instalacoes-de-trampolins","9":"product_cat-redes-laterais-para-trampolins","11":"first","12":"instock","13":"taxable","14":"shipping-taxable","15":"purchasable","16":"product-type-simple"},"acf":[],"_links":{"self":[{"href":"https:\/\/freizeit-technik.de\/pt-pt\/wp-json\/wp\/v2\/product\/14659","targetHints":{"allow":["GET"]}}],"collection":[{"href":"https:\/\/freizeit-technik.de\/pt-pt\/wp-json\/wp\/v2\/product"}],"about":[{"href":"https:\/\/freizeit-technik.de\/pt-pt\/wp-json\/wp\/v2\/types\/product"}],"replies":[{"embeddable":true,"href":"https:\/\/freizeit-technik.de\/pt-pt\/wp-json\/wp\/v2\/comments?post=14659"}],"wp:featuredmedia":[{"embeddable":true,"href":"https:\/\/freizeit-technik.de\/pt-pt\/wp-json\/wp\/v2\/media\/14660"}],"wp:attachment":[{"href":"https:\/\/freizeit-technik.de\/pt-pt\/wp-json\/wp\/v2\/media?parent=14659"}],"wp:term":[{"taxonomy":"product_brand","embeddable":true,"href":"https:\/\/freizeit-technik.de\/pt-pt\/wp-json\/wp\/v2\/product_brand?post=14659"},{"taxonomy":"product_cat","embeddable":true,"href":"https:\/\/freizeit-technik.de\/pt-pt\/wp-json\/wp\/v2\/product_cat?post=14659"},{"taxonomy":"product_tag","embeddable":true,"href":"https:\/\/freizeit-technik.de\/pt-pt\/wp-json\/wp\/v2\/product_tag?post=14659"}],"curies":[{"name":"wp","href":"https:\/\/api.w.org\/{rel}","templated":true}]}}