{"id":14679,"date":"2026-03-15T12:12:55","date_gmt":"2026-03-15T11:12:55","guid":{"rendered":"https:\/\/freizeit-technik.de\/shop\/mola-para-trampolim-playground-n-o-1-270-mm-oe-28-mm\/"},"modified":"2026-04-30T09:22:48","modified_gmt":"2026-04-30T07:22:48","slug":"mola-para-trampolim-playground-n-o-1-270-mm-oe-28-mm","status":"publish","type":"product","link":"https:\/\/freizeit-technik.de\/pt-pt\/shop\/mola-para-trampolim-playground-n-o-1-270-mm-oe-28-mm\/","title":{"rendered":"Mola para trampolim &#8220;Playground&#8221; n.\u00ba 1, 270 mm \u00d8 28 mm"},"content":{"rendered":"<p><strong>Comprimento: 270 mm<br \/>\nDi\u00e2metro: 28 mm<br \/>\nCategoria: Playground<br \/>\n<\/strong> Desempenho de lan\u00e7amento<strong>: ++<br \/>\nDureza: +<\/strong><br \/>\n<strong>Peso ideal do utilizador \u00d8: 20 &#8211; 60kg<br \/>\n<\/strong>(capacidade de carga m\u00e1xima superior)<\/p>\n","protected":false},"excerpt":{"rendered":"<p>Estas molas de trampolim s\u00e3o optimizadas para um peso de utilizador alvo de 20 kg a 60 kg. Proporcionam um ressalto muito suave com um curso longo.<br \/>\nOptimizadas para utiliza\u00e7\u00e3o em trampolins utilizados principalmente por crian\u00e7as, por exemplo, em parques infantis cobertos.<br \/>\nEstas molas de trampolim n.\u00ba 1 formam uma combina\u00e7\u00e3o harmoniosa com o nosso tapete de saltos do tipo 3, com uma elasticidade de ponto particularmente elevada. <\/p>\n<p>Adequado para trampolins de v\u00e1rios fabricantes.<\/p>\n<p><span style=\"color: #ff0000;\"><span style=\"color: #808080;\">Devido ao peso mais elevado desta mola n.\u00ba 1, uma unidade de envio cont\u00e9m um total de <strong>96 molas<\/strong> em vez das habituais 100 molas.<\/span><br \/>\nPara um envio com custos optimizados, introduz um n\u00famero que seja <strong>divis\u00edvel por 96<\/strong>.<\/span><\/p>\n<p><strong>Processo de encomenda<\/strong><br \/>\nPrimeiro, seleciona uma categoria de pre\u00e7o com base no n\u00famero total de molas de trampolim necess\u00e1rias para este tipo de mola.<br \/>\nDepois, introduz o n\u00famero exato de molas que pretende.<br \/>\nO n\u00famero de molas introduzido deve estar dentro do intervalo da categoria de pre\u00e7o selecionada.<\/p>\n","protected":false},"featured_media":14680,"comment_status":"open","ping_status":"closed","template":"","meta":{"_acf_changed":false},"product_brand":[],"product_cat":[285,197],"product_tag":[],"class_list":{"0":"post-14679","1":"product","2":"type-product","3":"status-publish","4":"has-post-thumbnail","6":"product_cat-molas-de-trampolim","7":"product_cat-parque-de-trampolins-e-instalacoes-de-trampolins","9":"first","10":"instock","11":"taxable","12":"shipping-taxable","13":"purchasable","14":"product-type-variable"},"acf":[],"_links":{"self":[{"href":"https:\/\/freizeit-technik.de\/pt-pt\/wp-json\/wp\/v2\/product\/14679","targetHints":{"allow":["GET"]}}],"collection":[{"href":"https:\/\/freizeit-technik.de\/pt-pt\/wp-json\/wp\/v2\/product"}],"about":[{"href":"https:\/\/freizeit-technik.de\/pt-pt\/wp-json\/wp\/v2\/types\/product"}],"replies":[{"embeddable":true,"href":"https:\/\/freizeit-technik.de\/pt-pt\/wp-json\/wp\/v2\/comments?post=14679"}],"wp:featuredmedia":[{"embeddable":true,"href":"https:\/\/freizeit-technik.de\/pt-pt\/wp-json\/wp\/v2\/media\/14680"}],"wp:attachment":[{"href":"https:\/\/freizeit-technik.de\/pt-pt\/wp-json\/wp\/v2\/media?parent=14679"}],"wp:term":[{"taxonomy":"product_brand","embeddable":true,"href":"https:\/\/freizeit-technik.de\/pt-pt\/wp-json\/wp\/v2\/product_brand?post=14679"},{"taxonomy":"product_cat","embeddable":true,"href":"https:\/\/freizeit-technik.de\/pt-pt\/wp-json\/wp\/v2\/product_cat?post=14679"},{"taxonomy":"product_tag","embeddable":true,"href":"https:\/\/freizeit-technik.de\/pt-pt\/wp-json\/wp\/v2\/product_tag?post=14679"}],"curies":[{"name":"wp","href":"https:\/\/api.w.org\/{rel}","templated":true}]}}