{"id":14715,"date":"2026-03-22T09:20:13","date_gmt":"2026-03-22T08:20:13","guid":{"rendered":"https:\/\/freizeit-technik.de\/shop\/oferta-especial-almofada-de-armacao-para-proline-213-retangular-tamanho-da-armacao-275-x-190cm-na-cor-verde\/"},"modified":"2026-04-30T09:22:55","modified_gmt":"2026-04-30T07:22:55","slug":"oferta-especial-almofada-de-armacao-para-proline-213-retangular-tamanho-da-armacao-275-x-190cm-na-cor-verde","status":"publish","type":"product","link":"https:\/\/freizeit-technik.de\/pt-pt\/shop\/oferta-especial-almofada-de-armacao-para-proline-213-retangular-tamanho-da-armacao-275-x-190cm-na-cor-verde\/","title":{"rendered":"Oferta especial: Almofada de arma\u00e7\u00e3o para Proline 213 retangular, tamanho da arma\u00e7\u00e3o 275 x 190cm na cor verde"},"content":{"rendered":"","protected":false},"excerpt":{"rendered":"<p><span class=\"tx-ttproducts-pi1-wrap2\">Forro da estrutura para trampolim retangular Proline 213. Dimens\u00f5es da estrutura 275 x 190cm. <\/span><\/p>\n","protected":false},"featured_media":14716,"comment_status":"open","ping_status":"closed","template":"","meta":{"_acf_changed":false},"product_brand":[],"product_cat":[221,228],"product_tag":[],"class_list":{"0":"post-14715","1":"product","2":"type-product","3":"status-publish","4":"has-post-thumbnail","6":"product_cat-instalacoes-de-trampolins-de-bungee","7":"product_cat-trampolins-laterais","9":"first","10":"instock","11":"taxable","12":"shipping-taxable","13":"purchasable","14":"product-type-variable"},"acf":[],"_links":{"self":[{"href":"https:\/\/freizeit-technik.de\/pt-pt\/wp-json\/wp\/v2\/product\/14715","targetHints":{"allow":["GET"]}}],"collection":[{"href":"https:\/\/freizeit-technik.de\/pt-pt\/wp-json\/wp\/v2\/product"}],"about":[{"href":"https:\/\/freizeit-technik.de\/pt-pt\/wp-json\/wp\/v2\/types\/product"}],"replies":[{"embeddable":true,"href":"https:\/\/freizeit-technik.de\/pt-pt\/wp-json\/wp\/v2\/comments?post=14715"}],"wp:featuredmedia":[{"embeddable":true,"href":"https:\/\/freizeit-technik.de\/pt-pt\/wp-json\/wp\/v2\/media\/14716"}],"wp:attachment":[{"href":"https:\/\/freizeit-technik.de\/pt-pt\/wp-json\/wp\/v2\/media?parent=14715"}],"wp:term":[{"taxonomy":"product_brand","embeddable":true,"href":"https:\/\/freizeit-technik.de\/pt-pt\/wp-json\/wp\/v2\/product_brand?post=14715"},{"taxonomy":"product_cat","embeddable":true,"href":"https:\/\/freizeit-technik.de\/pt-pt\/wp-json\/wp\/v2\/product_cat?post=14715"},{"taxonomy":"product_tag","embeddable":true,"href":"https:\/\/freizeit-technik.de\/pt-pt\/wp-json\/wp\/v2\/product_tag?post=14715"}],"curies":[{"name":"wp","href":"https:\/\/api.w.org\/{rel}","templated":true}]}}