{"id":14719,"date":"2026-03-15T09:08:43","date_gmt":"2026-03-15T08:08:43","guid":{"rendered":"https:\/\/freizeit-technik.de\/shop\/mola-para-trampolim-allround-n-o-3-235-mm-oe-29-mm\/"},"modified":"2026-04-30T09:22:58","modified_gmt":"2026-04-30T07:22:58","slug":"mola-para-trampolim-allround-n-o-3-235-mm-oe-29-mm","status":"publish","type":"product","link":"https:\/\/freizeit-technik.de\/pt-pt\/shop\/mola-para-trampolim-allround-n-o-3-235-mm-oe-29-mm\/","title":{"rendered":"Mola para trampolim &#8220;Allround&#8221; n.\u00ba 3, 235 mm \u00d8 29 mm"},"content":{"rendered":"<p><strong>Comprimento: 235 mm<br \/>\nDi\u00e2metro: 29 mm<br \/>\nCategoria: Allround<br \/>\n<\/strong> Desempenho de lan\u00e7amento<strong>: ++++<br \/>\nDureza: +++<\/strong><br \/>\n<strong>Peso ideal do utilizador \u00d8: 30 &#8211; 90kg<br \/>\n<\/strong>(capacidade de carga m\u00e1xima superior)<\/p>\n","protected":false},"excerpt":{"rendered":"<p>As nossas molas de trampolim n.\u00ba 3 t\u00eam as mesmas propriedades que as molas de trampolim n.\u00ba 2a. Tamb\u00e9m s\u00e3o muito adequadas para um vasto grupo-alvo e harmonizam-se bem com os tipos de tapetes de saltos 1 a 4. <\/p>\n<p>No entanto, devido ao comprimento mais curto, precisar\u00e1s de uma capa de almofada mais pequena para esta mola.<\/p>\n<p>Adequado para trampolins de v\u00e1rios fabricantes.<\/p>\n<p>Uma unidade de envio cont\u00e9m 100 molas.<br \/>\nPara otimizar os custos de envio, introduz uma quantidade que seja <strong>divis\u00edvel por 100<\/strong>.<\/p>\n<p><strong>Processo de encomenda<\/strong><br \/>\nPrimeiro, seleciona uma categoria de pre\u00e7o com base no n\u00famero total de molas de trampolim necess\u00e1rias para este tipo de mola.<br \/>\nDepois, introduz o n\u00famero exato de molas que pretende.<br \/>\nO n\u00famero de molas introduzido deve estar dentro do intervalo da categoria de pre\u00e7o selecionada.<\/p>\n","protected":false},"featured_media":14720,"comment_status":"open","ping_status":"closed","template":"","meta":{"_acf_changed":false},"product_brand":[],"product_cat":[285,197],"product_tag":[],"class_list":{"0":"post-14719","1":"product","2":"type-product","3":"status-publish","4":"has-post-thumbnail","6":"product_cat-molas-de-trampolim","7":"product_cat-parque-de-trampolins-e-instalacoes-de-trampolins","9":"first","10":"instock","11":"taxable","12":"shipping-taxable","13":"purchasable","14":"product-type-variable"},"acf":[],"_links":{"self":[{"href":"https:\/\/freizeit-technik.de\/pt-pt\/wp-json\/wp\/v2\/product\/14719","targetHints":{"allow":["GET"]}}],"collection":[{"href":"https:\/\/freizeit-technik.de\/pt-pt\/wp-json\/wp\/v2\/product"}],"about":[{"href":"https:\/\/freizeit-technik.de\/pt-pt\/wp-json\/wp\/v2\/types\/product"}],"replies":[{"embeddable":true,"href":"https:\/\/freizeit-technik.de\/pt-pt\/wp-json\/wp\/v2\/comments?post=14719"}],"wp:featuredmedia":[{"embeddable":true,"href":"https:\/\/freizeit-technik.de\/pt-pt\/wp-json\/wp\/v2\/media\/14720"}],"wp:attachment":[{"href":"https:\/\/freizeit-technik.de\/pt-pt\/wp-json\/wp\/v2\/media?parent=14719"}],"wp:term":[{"taxonomy":"product_brand","embeddable":true,"href":"https:\/\/freizeit-technik.de\/pt-pt\/wp-json\/wp\/v2\/product_brand?post=14719"},{"taxonomy":"product_cat","embeddable":true,"href":"https:\/\/freizeit-technik.de\/pt-pt\/wp-json\/wp\/v2\/product_cat?post=14719"},{"taxonomy":"product_tag","embeddable":true,"href":"https:\/\/freizeit-technik.de\/pt-pt\/wp-json\/wp\/v2\/product_tag?post=14719"}],"curies":[{"name":"wp","href":"https:\/\/api.w.org\/{rel}","templated":true}]}}