{"id":14765,"date":"2026-03-22T10:25:15","date_gmt":"2026-03-22T09:25:15","guid":{"rendered":"https:\/\/freizeit-technik.de\/shop\/oferta-especial-trampolim-proline-23-retangular-mobile-peca-de-exposicao-montada-a-preco-especial-colecao-stuttgart\/"},"modified":"2026-04-30T09:23:10","modified_gmt":"2026-04-30T07:23:10","slug":"oferta-especial-trampolim-proline-23-retangular-mobile-peca-de-exposicao-montada-a-preco-especial-colecao-stuttgart","status":"publish","type":"product","link":"https:\/\/freizeit-technik.de\/pt-pt\/shop\/oferta-especial-trampolim-proline-23-retangular-mobile-peca-de-exposicao-montada-a-preco-especial-colecao-stuttgart\/","title":{"rendered":"Oferta especial: trampolim Proline 23 retangular &#8220;Mobile&#8221;, pe\u00e7a de exposi\u00e7\u00e3o montada a pre\u00e7o especial. Cole\u00e7\u00e3o Stuttgart"},"content":{"rendered":"<div class=\"ui-tabs-panel ui-widget-content ui-corner-bottom ui-tabs-hide\"><span class=\"tx-ttproducts-pi1-wrap2\"><strong><img loading=\"lazy\" decoding=\"async\" src=\"http:\/\/shop.freizeit-technik.de\/images\/content\/tuevgs.jpg\" alt=\"\" width=\"70\" height=\"32\" align=\"absMiddle\"><\/strong><\/span><\/div>\n<div id=\"tab_fragment_1\" class=\"ui-tabs-panel ui-widget-content ui-corner-bottom ui-tabs-hide\"><span class=\"tx-ttproducts-pi1-wrap2\"><span class=\"tx-ttproducts-pi1-wrap2\"><strong>Dimens\u00f5es: 3,00 x 2,30 m<br \/>\nPeso: 72 kg<br \/>\nPeso m\u00e1ximo do utilizador: 120 kg Espessura do tubo: 2 mm N\u00famero de molas: 60 Cor da cobertura da estrutura: azul  Peso do utilizador: 120 kg<br \/>\nEspessura do tubo: 2 mm<br \/>\nN\u00famero de molas: 60<br \/>\nCor da cobertura da estrutura: azul<br \/>\nEspessura da almofada: 25 mm<br \/>\nCertifica\u00e7\u00e3o: T\u00dcV\/GS<br \/>\nTamanho da embalagem: 175 x 47 x 34 cm <\/strong><\/span><\/span><\/div>\n<p>&nbsp;<\/p>\n","protected":false},"excerpt":{"rendered":"<p>Este trampolim tem pernas dobr\u00e1veis e pode, por isso, ser transportado completamente montado num atrelado ou num ve\u00edculo adequado. Uma excelente solu\u00e7\u00e3o para sistemas de trampolins bungee em utiliza\u00e7\u00e3o m\u00f3vel com uma poupan\u00e7a de tempo at\u00e9 50% na montagem e desmontagem.<\/p>\n<p>A qualidade dos trampolins da marca Proline corresponde em grande parte \u00e0 dos produtos Jumpfree de alta qualidade.<\/p>\n<p><strong>Carater\u00edstica especial:<\/strong> A Proline 23 dobr\u00e1vel \u00e9 produzida exclusivamente para n\u00f3s com uma cobertura de quadro azul robusta, com 25 mm de espessura.<\/p>\n","protected":false},"featured_media":14766,"comment_status":"open","ping_status":"closed","template":"","meta":{"_acf_changed":false},"product_brand":[],"product_cat":[221,228],"product_tag":[],"class_list":{"0":"post-14765","1":"product","2":"type-product","3":"status-publish","4":"has-post-thumbnail","6":"product_cat-instalacoes-de-trampolins-de-bungee","7":"product_cat-trampolins-laterais","9":"first","10":"instock","11":"taxable","12":"shipping-taxable","13":"purchasable","14":"product-type-simple"},"acf":[],"_links":{"self":[{"href":"https:\/\/freizeit-technik.de\/pt-pt\/wp-json\/wp\/v2\/product\/14765","targetHints":{"allow":["GET"]}}],"collection":[{"href":"https:\/\/freizeit-technik.de\/pt-pt\/wp-json\/wp\/v2\/product"}],"about":[{"href":"https:\/\/freizeit-technik.de\/pt-pt\/wp-json\/wp\/v2\/types\/product"}],"replies":[{"embeddable":true,"href":"https:\/\/freizeit-technik.de\/pt-pt\/wp-json\/wp\/v2\/comments?post=14765"}],"wp:featuredmedia":[{"embeddable":true,"href":"https:\/\/freizeit-technik.de\/pt-pt\/wp-json\/wp\/v2\/media\/14766"}],"wp:attachment":[{"href":"https:\/\/freizeit-technik.de\/pt-pt\/wp-json\/wp\/v2\/media?parent=14765"}],"wp:term":[{"taxonomy":"product_brand","embeddable":true,"href":"https:\/\/freizeit-technik.de\/pt-pt\/wp-json\/wp\/v2\/product_brand?post=14765"},{"taxonomy":"product_cat","embeddable":true,"href":"https:\/\/freizeit-technik.de\/pt-pt\/wp-json\/wp\/v2\/product_cat?post=14765"},{"taxonomy":"product_tag","embeddable":true,"href":"https:\/\/freizeit-technik.de\/pt-pt\/wp-json\/wp\/v2\/product_tag?post=14765"}],"curies":[{"name":"wp","href":"https:\/\/api.w.org\/{rel}","templated":true}]}}