{"id":14783,"date":"2026-03-22T10:30:13","date_gmt":"2026-03-22T09:30:13","guid":{"rendered":"https:\/\/freizeit-technik.de\/shop\/oferta-especial-trampolim-de-jardim-jumpfree-royal-de-14-4-30-1-peca-a-cobranca-no-armazem-de-stuttgart\/"},"modified":"2026-04-30T09:23:29","modified_gmt":"2026-04-30T07:23:29","slug":"oferta-especial-trampolim-de-jardim-jumpfree-royal-de-14-4-30-1-peca-a-cobranca-no-armazem-de-stuttgart","status":"publish","type":"product","link":"https:\/\/freizeit-technik.de\/pt-pt\/shop\/oferta-especial-trampolim-de-jardim-jumpfree-royal-de-14-4-30-1-peca-a-cobranca-no-armazem-de-stuttgart\/","title":{"rendered":"Oferta especial: Trampolim de jardim Jumpfree Royal de 14&#8221; (4.30), 1 pe\u00e7a \u00e0 cobran\u00e7a no armaz\u00e9m de Stuttgart"},"content":{"rendered":"<p><strong>Di\u00e2metro: 4,30 m<br \/>\nPeso: 100 kg<br \/>\nPeso m\u00e1ximo do utilizador: 140 kg Espessura do tubo: 2 mm Peso do utilizador: 140 kg<br \/>\nEspessura do tubo: 2 mm<br \/>\nN\u00famero de molas: 104<br \/>\nCor da cobertura da estrutura: azul<br \/>\nEspessura da almofada: 30 mm<br \/>\nCertifica\u00e7\u00e3o: T\u00dcV\/GS<\/strong><br \/>\n<strong> Tamanho da embalagem: 178 x 55 x 43 cm<br \/>\n<\/strong><\/p>\n<p>&nbsp;<\/p>\n<p><strong> <\/strong><\/p>\n","protected":false},"excerpt":{"rendered":"<p>Os trampolins da marca Jumpfree beneficiam das d\u00e9cadas de experi\u00eancia da lend\u00e1ria empresa antecessora Jumpking (EUA). Apenas os trampolins Jumpfree Exclusive ou Royal s\u00e3o utilizados nas nossas grandes instala\u00e7\u00f5es de bungee utilizadas comercialmente. N\u00e3o sem raz\u00e3o!  <\/p>\n<p>Em termos de qualidade, os trampolins de jardim Jumpfree estabelecem o padr\u00e3o pelo qual todos os outros fabricantes t\u00eam de se medir.<br \/>\n<strong><u>Nota importante:<br \/>\n<\/u><\/strong>Os trampolins de jardim e os acess\u00f3rios Jumpfree Royal e Proline s\u00e3o classificados como &#8220;Linha Premium&#8221; quando utilizados em sistemas de trampolim com el\u00e1stico. A qualidade dos produtos \u00e9 elevada. No entanto, estes produtos s\u00e3o apenas adequados para utiliza\u00e7\u00e3o comercial em combina\u00e7\u00e3o com o sistema de el\u00e1stico e n\u00e3o substituem de forma alguma um sistema de trampolim profissional (por exemplo, Multitramp). Estes produtos n\u00e3o foram concebidos para este tipo de utiliza\u00e7\u00e3o!   <\/p>\n","protected":false},"featured_media":14784,"comment_status":"open","ping_status":"closed","template":"","meta":{"_acf_changed":false},"product_brand":[],"product_cat":[221,228],"product_tag":[],"class_list":{"0":"post-14783","1":"product","2":"type-product","3":"status-publish","4":"has-post-thumbnail","6":"product_cat-instalacoes-de-trampolins-de-bungee","7":"product_cat-trampolins-laterais","9":"first","10":"instock","11":"taxable","12":"shipping-taxable","13":"purchasable","14":"product-type-simple"},"acf":[],"_links":{"self":[{"href":"https:\/\/freizeit-technik.de\/pt-pt\/wp-json\/wp\/v2\/product\/14783","targetHints":{"allow":["GET"]}}],"collection":[{"href":"https:\/\/freizeit-technik.de\/pt-pt\/wp-json\/wp\/v2\/product"}],"about":[{"href":"https:\/\/freizeit-technik.de\/pt-pt\/wp-json\/wp\/v2\/types\/product"}],"replies":[{"embeddable":true,"href":"https:\/\/freizeit-technik.de\/pt-pt\/wp-json\/wp\/v2\/comments?post=14783"}],"wp:featuredmedia":[{"embeddable":true,"href":"https:\/\/freizeit-technik.de\/pt-pt\/wp-json\/wp\/v2\/media\/14784"}],"wp:attachment":[{"href":"https:\/\/freizeit-technik.de\/pt-pt\/wp-json\/wp\/v2\/media?parent=14783"}],"wp:term":[{"taxonomy":"product_brand","embeddable":true,"href":"https:\/\/freizeit-technik.de\/pt-pt\/wp-json\/wp\/v2\/product_brand?post=14783"},{"taxonomy":"product_cat","embeddable":true,"href":"https:\/\/freizeit-technik.de\/pt-pt\/wp-json\/wp\/v2\/product_cat?post=14783"},{"taxonomy":"product_tag","embeddable":true,"href":"https:\/\/freizeit-technik.de\/pt-pt\/wp-json\/wp\/v2\/product_tag?post=14783"}],"curies":[{"name":"wp","href":"https:\/\/api.w.org\/{rel}","templated":true}]}}