{"id":14804,"date":"2026-03-30T12:43:23","date_gmt":"2026-03-30T10:43:23","guid":{"rendered":"https:\/\/freizeit-technik.de\/shop\/preco-especial-bolas-macias-de-70-mm-com-pele-protetora-pu-250-unidades-em-laranja-codigo-so-1\/"},"modified":"2026-04-30T09:23:50","modified_gmt":"2026-04-30T07:23:50","slug":"preco-especial-bolas-macias-de-70-mm-com-pele-protetora-pu-250-unidades-em-laranja-codigo-so-1","status":"publish","type":"product","link":"https:\/\/freizeit-technik.de\/pt-pt\/shop\/preco-especial-bolas-macias-de-70-mm-com-pele-protetora-pu-250-unidades-em-laranja-codigo-so-1\/","title":{"rendered":"Pre\u00e7o especial: Bolas macias de 70 mm, com pele protetora PU: 250 unidades em laranja, c\u00f3digo SO-1"},"content":{"rendered":"<p>Bolas de softball de 70 mm de uma s\u00f3 cor, cor de laranja. 250 unidades a um pre\u00e7o especial. Apenas foram reembaladas.  <\/p>\n<p>As bolas macias caracterizam-se por uma densidade elevada e, consequentemente, por carater\u00edsticas de voo muito boas.<br \/>\n<strong>A pele protetora exterior e lisa \u00e9 resistente ao desgaste e contribui para a durabilidade acima da m\u00e9dia destas bolas macias.<\/strong><\/p>\n","protected":false},"excerpt":{"rendered":"<p>Bolas de softball de 70 mm de uma s\u00f3 cor, cor de laranja. 250 unidades a um pre\u00e7o especial. Apenas foram reembaladas.  <\/p>\n<p>&nbsp;<\/p>\n<p><strong> <\/strong><\/p>\n","protected":false},"featured_media":14805,"comment_status":"open","ping_status":"closed","template":"","meta":{"_acf_changed":false},"product_brand":[],"product_cat":[292,293],"product_tag":[],"class_list":{"0":"post-14804","1":"product","2":"type-product","3":"status-publish","4":"has-post-thumbnail","6":"product_cat-atirador-divertido","7":"product_cat-bolas-de-softbol","9":"first","10":"instock","11":"taxable","12":"shipping-taxable","13":"purchasable","14":"product-type-simple"},"acf":[],"_links":{"self":[{"href":"https:\/\/freizeit-technik.de\/pt-pt\/wp-json\/wp\/v2\/product\/14804","targetHints":{"allow":["GET"]}}],"collection":[{"href":"https:\/\/freizeit-technik.de\/pt-pt\/wp-json\/wp\/v2\/product"}],"about":[{"href":"https:\/\/freizeit-technik.de\/pt-pt\/wp-json\/wp\/v2\/types\/product"}],"replies":[{"embeddable":true,"href":"https:\/\/freizeit-technik.de\/pt-pt\/wp-json\/wp\/v2\/comments?post=14804"}],"wp:featuredmedia":[{"embeddable":true,"href":"https:\/\/freizeit-technik.de\/pt-pt\/wp-json\/wp\/v2\/media\/14805"}],"wp:attachment":[{"href":"https:\/\/freizeit-technik.de\/pt-pt\/wp-json\/wp\/v2\/media?parent=14804"}],"wp:term":[{"taxonomy":"product_brand","embeddable":true,"href":"https:\/\/freizeit-technik.de\/pt-pt\/wp-json\/wp\/v2\/product_brand?post=14804"},{"taxonomy":"product_cat","embeddable":true,"href":"https:\/\/freizeit-technik.de\/pt-pt\/wp-json\/wp\/v2\/product_cat?post=14804"},{"taxonomy":"product_tag","embeddable":true,"href":"https:\/\/freizeit-technik.de\/pt-pt\/wp-json\/wp\/v2\/product_tag?post=14804"}],"curies":[{"name":"wp","href":"https:\/\/api.w.org\/{rel}","templated":true}]}}