{"id":14885,"date":"2026-03-15T10:56:55","date_gmt":"2026-03-15T09:56:55","guid":{"rendered":"https:\/\/freizeit-technik.de\/shop\/mola-para-trampolim-performance-n-o-2b-260-mm-oe-29-mm\/"},"modified":"2026-04-30T09:24:30","modified_gmt":"2026-04-30T07:24:30","slug":"mola-para-trampolim-performance-n-o-2b-260-mm-oe-29-mm","status":"publish","type":"product","link":"https:\/\/freizeit-technik.de\/pt-pt\/shop\/mola-para-trampolim-performance-n-o-2b-260-mm-oe-29-mm\/","title":{"rendered":"Mola para trampolim &#8220;Performance&#8221; n.\u00ba 2b, 260 mm \u00d8 29 mm"},"content":{"rendered":"<p><strong>Comprimento: 260 mm<br \/>\nDi\u00e2metro: 29 mm<br \/>\nCategoria: Desempenho<br \/>\n<\/strong> Desempenho de lan\u00e7amento<strong>: +++++<br \/>\nDureza: +++++<\/strong><br \/>\n<strong>Peso ideal do utilizador \u00d8: 60 &#8211; 90kg<br \/>\nou saltadores desportivos<br \/>\n<\/strong>(capacidade de carga m\u00e1xima superior)<\/p>\n","protected":false},"excerpt":{"rendered":"<p>As molas de trampolim &#8220;Performance&#8221; n.\u00ba 2b s\u00e3o id\u00eanticas \u00e0s molas n.\u00ba 2a em termos de constru\u00e7\u00e3o, mas t\u00eam uma pr\u00e9-carga significativamente mais elevada. Combinadas com superf\u00edcies de salto de tipo 2, 3 ou 4, atingem valores de acelera\u00e7\u00e3o elevados.<br \/>\nAten\u00e7\u00e3o: Dependendo do n\u00famero de molas, esta combina\u00e7\u00e3o transforma rapidamente um trampolim num trampolim de alto desempenho, de acordo com a norma DIN EN 23659, com obriga\u00e7\u00f5es alargadas para o operador.  <\/p>\n<p>Carater\u00edstica especial: As nossas molas n.\u00ba 2b tamb\u00e9m s\u00e3o utilizadas em menor n\u00famero nos nossos sistemas multitramp em m\u00f3dulos de el\u00e1stico e combinadas com um tapete de saltos PP tipo 1.<\/p>\n<p>Adequado para trampolins de v\u00e1rios fabricantes.<\/p>\n<p>Uma unidade de envio cont\u00e9m 100 molas.<br \/>\nPara otimizar os custos de envio, introduz uma quantidade que seja <strong>divis\u00edvel por 100<\/strong>.<\/p>\n<p><strong>Processo de encomenda<\/strong><br \/>\nPrimeiro, seleciona uma categoria de pre\u00e7o com base no n\u00famero total de molas de trampolim necess\u00e1rias para este tipo de mola.<br \/>\nDepois, introduz o n\u00famero exato de molas que pretende.<br \/>\nO n\u00famero de molas introduzido deve estar dentro do intervalo da categoria de pre\u00e7o selecionada.<\/p>\n","protected":false},"featured_media":14886,"comment_status":"open","ping_status":"closed","template":"","meta":{"_acf_changed":false},"product_brand":[],"product_cat":[285,197],"product_tag":[],"class_list":{"0":"post-14885","1":"product","2":"type-product","3":"status-publish","4":"has-post-thumbnail","6":"product_cat-molas-de-trampolim","7":"product_cat-parque-de-trampolins-e-instalacoes-de-trampolins","9":"first","10":"instock","11":"taxable","12":"shipping-taxable","13":"purchasable","14":"product-type-variable"},"acf":[],"_links":{"self":[{"href":"https:\/\/freizeit-technik.de\/pt-pt\/wp-json\/wp\/v2\/product\/14885","targetHints":{"allow":["GET"]}}],"collection":[{"href":"https:\/\/freizeit-technik.de\/pt-pt\/wp-json\/wp\/v2\/product"}],"about":[{"href":"https:\/\/freizeit-technik.de\/pt-pt\/wp-json\/wp\/v2\/types\/product"}],"replies":[{"embeddable":true,"href":"https:\/\/freizeit-technik.de\/pt-pt\/wp-json\/wp\/v2\/comments?post=14885"}],"wp:featuredmedia":[{"embeddable":true,"href":"https:\/\/freizeit-technik.de\/pt-pt\/wp-json\/wp\/v2\/media\/14886"}],"wp:attachment":[{"href":"https:\/\/freizeit-technik.de\/pt-pt\/wp-json\/wp\/v2\/media?parent=14885"}],"wp:term":[{"taxonomy":"product_brand","embeddable":true,"href":"https:\/\/freizeit-technik.de\/pt-pt\/wp-json\/wp\/v2\/product_brand?post=14885"},{"taxonomy":"product_cat","embeddable":true,"href":"https:\/\/freizeit-technik.de\/pt-pt\/wp-json\/wp\/v2\/product_cat?post=14885"},{"taxonomy":"product_tag","embeddable":true,"href":"https:\/\/freizeit-technik.de\/pt-pt\/wp-json\/wp\/v2\/product_tag?post=14885"}],"curies":[{"name":"wp","href":"https:\/\/api.w.org\/{rel}","templated":true}]}}