{"id":14963,"date":"2026-03-30T12:34:16","date_gmt":"2026-03-30T10:34:16","guid":{"rendered":"https:\/\/freizeit-technik.de\/shop\/preco-especial-bolas-macias-de-60-mm-com-pele-protetora-pu-500-unidades-codigo-so-2\/"},"modified":"2026-04-30T09:24:58","modified_gmt":"2026-04-30T07:24:58","slug":"preco-especial-bolas-macias-de-60-mm-com-pele-protetora-pu-500-unidades-codigo-so-2","status":"publish","type":"product","link":"https:\/\/freizeit-technik.de\/pt-pt\/shop\/preco-especial-bolas-macias-de-60-mm-com-pele-protetora-pu-500-unidades-codigo-so-2\/","title":{"rendered":"Pre\u00e7o especial: Bolas macias de 60 mm, com pele protetora PU: 500 unidades, c\u00f3digo: SO-2"},"content":{"rendered":"","protected":false},"excerpt":{"rendered":"<p><strong>Mistura de cores. Sujidade m\u00ednima muito ocasional ou ligeira descolora\u00e7\u00e3o. Podem ser utilizadas sem restri\u00e7\u00f5es.<br \/>\nAs bolas de softball caracterizam-se por uma densidade elevada e, consequentemente, por carater\u00edsticas de voo muito boas.<\/strong><\/p>\n<p>A pele protetora exterior, lisa, \u00e9 resistente ao desgaste e contribui para a durabilidade acima da m\u00e9dia destas bolas de softball.<\/p>\n","protected":false},"featured_media":14964,"comment_status":"open","ping_status":"closed","template":"","meta":{"_acf_changed":false},"product_brand":[],"product_cat":[292,293],"product_tag":[],"class_list":{"0":"post-14963","1":"product","2":"type-product","3":"status-publish","4":"has-post-thumbnail","6":"product_cat-atirador-divertido","7":"product_cat-bolas-de-softbol","9":"first","10":"instock","11":"taxable","12":"shipping-taxable","13":"purchasable","14":"product-type-simple"},"acf":[],"_links":{"self":[{"href":"https:\/\/freizeit-technik.de\/pt-pt\/wp-json\/wp\/v2\/product\/14963","targetHints":{"allow":["GET"]}}],"collection":[{"href":"https:\/\/freizeit-technik.de\/pt-pt\/wp-json\/wp\/v2\/product"}],"about":[{"href":"https:\/\/freizeit-technik.de\/pt-pt\/wp-json\/wp\/v2\/types\/product"}],"replies":[{"embeddable":true,"href":"https:\/\/freizeit-technik.de\/pt-pt\/wp-json\/wp\/v2\/comments?post=14963"}],"wp:featuredmedia":[{"embeddable":true,"href":"https:\/\/freizeit-technik.de\/pt-pt\/wp-json\/wp\/v2\/media\/14964"}],"wp:attachment":[{"href":"https:\/\/freizeit-technik.de\/pt-pt\/wp-json\/wp\/v2\/media?parent=14963"}],"wp:term":[{"taxonomy":"product_brand","embeddable":true,"href":"https:\/\/freizeit-technik.de\/pt-pt\/wp-json\/wp\/v2\/product_brand?post=14963"},{"taxonomy":"product_cat","embeddable":true,"href":"https:\/\/freizeit-technik.de\/pt-pt\/wp-json\/wp\/v2\/product_cat?post=14963"},{"taxonomy":"product_tag","embeddable":true,"href":"https:\/\/freizeit-technik.de\/pt-pt\/wp-json\/wp\/v2\/product_tag?post=14963"}],"curies":[{"name":"wp","href":"https:\/\/api.w.org\/{rel}","templated":true}]}}