{"id":15911,"date":"2026-03-15T08:00:43","date_gmt":"2026-03-15T07:00:43","guid":{"rendered":"https:\/\/freizeit-technik.de\/shop\/mola-para-parque-de-trampolins-n-o-5c-175-mm-oe-33-mm\/"},"modified":"2026-05-05T11:27:26","modified_gmt":"2026-05-05T09:27:26","slug":"mola-para-parque-de-trampolins-n-o-5c-175-mm-oe-33-mm","status":"publish","type":"product","link":"https:\/\/freizeit-technik.de\/pt-pt\/shop\/mola-para-parque-de-trampolins-n-o-5c-175-mm-oe-33-mm\/","title":{"rendered":"Mola para parque de trampolins n.\u00ba 5c, 175 mm \u00d8 33 mm"},"content":{"rendered":"<p><strong>Comprimento: 175 mm<br \/>\nDi\u00e2metro: 33 mm<br \/>\nCategoria: Allround<br \/>\n<\/strong> Desempenho de lan\u00e7amento<strong>: +++<br \/>\nDureza: +++<\/strong><br \/>\n<strong>Peso ideal do utilizador \u00d8: 30 &#8211; 90kg<br \/>\n<\/strong>(capacidade de carga m\u00e1xima superior)<\/p>\n<p>&nbsp;<\/p>\n","protected":false},"excerpt":{"rendered":"<p>As nossas molas de trampolim n.\u00ba 5c s\u00e3o optimizadas para utiliza\u00e7\u00e3o em parques de trampolins.<br \/>\nCurtas e com um di\u00e2metro elevado, oferecem a possibilidade de utilizar almofadas de trampolim estreitas. Com o seu grande di\u00e2metro e a sua firmeza m\u00e9dia, s\u00e3o ideais para serem utilizadas em combina\u00e7\u00e3o com tecidos de tapetes de saltos de tipo 1 e 2. <\/p>\n<p>Uma unidade de envio cont\u00e9m 100 molas.<br \/>\nPara otimizar os custos de envio, introduz uma quantidade que seja <strong>divis\u00edvel por 100<\/strong>.<\/p>\n<p><strong>Processo de encomenda<\/strong><br \/>\nPrimeiro, seleciona uma categoria de pre\u00e7o com base no n\u00famero total de molas de trampolim necess\u00e1rias para este tipo de mola.<br \/>\nDepois, introduz o n\u00famero exato de molas que pretende.<br \/>\nO n\u00famero de molas introduzido deve estar dentro do intervalo da categoria de pre\u00e7o selecionada.<\/p>\n","protected":false},"featured_media":15938,"comment_status":"open","ping_status":"closed","template":"","meta":{"_acf_changed":false},"product_brand":[],"product_cat":[285,197],"product_tag":[],"class_list":{"0":"post-15911","1":"product","2":"type-product","3":"status-publish","4":"has-post-thumbnail","6":"product_cat-molas-de-trampolim","7":"product_cat-parque-de-trampolins-e-instalacoes-de-trampolins","9":"first","10":"instock","11":"taxable","12":"shipping-taxable","13":"purchasable","14":"product-type-variable"},"acf":[],"_links":{"self":[{"href":"https:\/\/freizeit-technik.de\/pt-pt\/wp-json\/wp\/v2\/product\/15911","targetHints":{"allow":["GET"]}}],"collection":[{"href":"https:\/\/freizeit-technik.de\/pt-pt\/wp-json\/wp\/v2\/product"}],"about":[{"href":"https:\/\/freizeit-technik.de\/pt-pt\/wp-json\/wp\/v2\/types\/product"}],"replies":[{"embeddable":true,"href":"https:\/\/freizeit-technik.de\/pt-pt\/wp-json\/wp\/v2\/comments?post=15911"}],"wp:featuredmedia":[{"embeddable":true,"href":"https:\/\/freizeit-technik.de\/pt-pt\/wp-json\/wp\/v2\/media\/15938"}],"wp:attachment":[{"href":"https:\/\/freizeit-technik.de\/pt-pt\/wp-json\/wp\/v2\/media?parent=15911"}],"wp:term":[{"taxonomy":"product_brand","embeddable":true,"href":"https:\/\/freizeit-technik.de\/pt-pt\/wp-json\/wp\/v2\/product_brand?post=15911"},{"taxonomy":"product_cat","embeddable":true,"href":"https:\/\/freizeit-technik.de\/pt-pt\/wp-json\/wp\/v2\/product_cat?post=15911"},{"taxonomy":"product_tag","embeddable":true,"href":"https:\/\/freizeit-technik.de\/pt-pt\/wp-json\/wp\/v2\/product_tag?post=15911"}],"curies":[{"name":"wp","href":"https:\/\/api.w.org\/{rel}","templated":true}]}}