{"id":15955,"date":"2026-03-15T08:58:59","date_gmt":"2026-03-15T07:58:59","guid":{"rendered":"https:\/\/freizeit-technik.de\/shop\/mola-para-trampolim-allround-n-o-4-215-mm-oe-31-mm\/"},"modified":"2026-05-05T11:27:26","modified_gmt":"2026-05-05T09:27:26","slug":"mola-para-trampolim-allround-n-o-4-215-mm-oe-31-mm","status":"publish","type":"product","link":"https:\/\/freizeit-technik.de\/pt-pt\/shop\/mola-para-trampolim-allround-n-o-4-215-mm-oe-31-mm\/","title":{"rendered":"Mola para trampolim &#8220;Allround&#8221; n.\u00ba 4, 215 mm \u00d8 31 mm"},"content":{"rendered":"<p><strong>Comprimento: 215 mm<br \/>\nDi\u00e2metro: 31 mm<br \/>\nCategoria: Allround<br \/>\n<\/strong> Desempenho de lan\u00e7amento<strong>: ++<br \/>\nDureza: ++++<\/strong><br \/>\n<strong>Peso ideal do utilizador \u00d8: 30 &#8211; 90kg<br \/>\n<\/strong>(capacidade de carga m\u00e1xima superior)<\/p>\n","protected":false},"excerpt":{"rendered":"<p>As nossas molas de trampolim n.\u00ba 4 tendem a ser ligeiramente mais duras.<br \/>\nAdequadas para sistemas de trampolim de v\u00e1rios fabricantes.<br \/>\nS\u00e3o uma boa alternativa, geralmente mais robusta, \u00e0s molas originais, que s\u00e3o utilizadas em muitos trampolins de jardim de 12&#8243; e 14&#8243; (por exemplo, Proline, Jumpfree, Jumpking).<\/p>\n<p>Uma unidade de envio cont\u00e9m 100 molas.<br \/>\nPara otimizar os custos de envio, introduza uma quantidade que seja <strong>divis\u00edvel por 100<\/strong>.<\/p>\n<p><strong>Processo de encomenda<\/strong><br \/>\nPrimeiro, seleciona uma categoria de pre\u00e7o com base no n\u00famero total de molas de trampolim necess\u00e1rias para este tipo de mola.<br \/>\nDepois, introduz a quantidade exacta de molas que pretende.<br \/>\nO n\u00famero de molas introduzido deve estar dentro do intervalo da categoria de pre\u00e7o selecionada.<\/p>\n","protected":false},"featured_media":15987,"comment_status":"open","ping_status":"closed","template":"","meta":{"_acf_changed":false},"product_brand":[],"product_cat":[221,285,197,228],"product_tag":[],"class_list":{"0":"post-15955","1":"product","2":"type-product","3":"status-publish","4":"has-post-thumbnail","6":"product_cat-instalacoes-de-trampolins-de-bungee","7":"product_cat-molas-de-trampolim","8":"product_cat-parque-de-trampolins-e-instalacoes-de-trampolins","9":"product_cat-trampolins-laterais","11":"first","12":"instock","13":"taxable","14":"shipping-taxable","15":"purchasable","16":"product-type-variable"},"acf":[],"_links":{"self":[{"href":"https:\/\/freizeit-technik.de\/pt-pt\/wp-json\/wp\/v2\/product\/15955","targetHints":{"allow":["GET"]}}],"collection":[{"href":"https:\/\/freizeit-technik.de\/pt-pt\/wp-json\/wp\/v2\/product"}],"about":[{"href":"https:\/\/freizeit-technik.de\/pt-pt\/wp-json\/wp\/v2\/types\/product"}],"replies":[{"embeddable":true,"href":"https:\/\/freizeit-technik.de\/pt-pt\/wp-json\/wp\/v2\/comments?post=15955"}],"wp:featuredmedia":[{"embeddable":true,"href":"https:\/\/freizeit-technik.de\/pt-pt\/wp-json\/wp\/v2\/media\/15987"}],"wp:attachment":[{"href":"https:\/\/freizeit-technik.de\/pt-pt\/wp-json\/wp\/v2\/media?parent=15955"}],"wp:term":[{"taxonomy":"product_brand","embeddable":true,"href":"https:\/\/freizeit-technik.de\/pt-pt\/wp-json\/wp\/v2\/product_brand?post=15955"},{"taxonomy":"product_cat","embeddable":true,"href":"https:\/\/freizeit-technik.de\/pt-pt\/wp-json\/wp\/v2\/product_cat?post=15955"},{"taxonomy":"product_tag","embeddable":true,"href":"https:\/\/freizeit-technik.de\/pt-pt\/wp-json\/wp\/v2\/product_tag?post=15955"}],"curies":[{"name":"wp","href":"https:\/\/api.w.org\/{rel}","templated":true}]}}