{"id":16152,"date":"2026-03-14T10:02:05","date_gmt":"2026-03-14T09:02:05","guid":{"rendered":"https:\/\/freizeit-technik.de\/shop\/nova-promocao-para-os-operadores-de-parques-de-trampolins-amostra-de-tapete-de-saltos-a-um-preco-especial-de-lancamento\/"},"modified":"2026-05-05T11:27:47","modified_gmt":"2026-05-05T09:27:47","slug":"nova-promocao-para-os-operadores-de-parques-de-trampolins-amostra-de-tapete-de-saltos-a-um-preco-especial-de-lancamento","status":"publish","type":"product","link":"https:\/\/freizeit-technik.de\/pt-pt\/shop\/nova-promocao-para-os-operadores-de-parques-de-trampolins-amostra-de-tapete-de-saltos-a-um-preco-especial-de-lancamento\/","title":{"rendered":"Nova promo\u00e7\u00e3o para os operadores de parques de trampolins: amostra de tapete de saltos a um pre\u00e7o especial de lan\u00e7amento!"},"content":{"rendered":"<p><b>Tapete de saltos em PP ou PVC, incluindo:<br \/>\nAvental de seguran\u00e7a<br \/>\nEstrutura tecida colorida<br \/>\nRede de seguran\u00e7a adicional redundante<\/b><\/p>\n<p><img loading=\"lazy\" decoding=\"async\" class=\"size-full wp-image-682 alignleft\" src=\"https:\/\/freizeit-technik.de\/wp-content\/uploads\/2017\/03\/Q_deutschland-1.gif\" alt=\"\" width=\"64\" height=\"64\"><\/p>\n","protected":false},"excerpt":{"rendered":"<p>Convence-te da nossa qualidade com um tapete de saltos de amostra feito \u00e0 medida.<br \/>\nFornecido na \u00edntegra, incluindo avental de seguran\u00e7a, estrutura de cintas coloridas e rede de seguran\u00e7a redundante do nosso fabricante de redes de saltos.<\/p>\n<p><strong>Requisitos de participa\u00e7\u00e3o:<\/strong><\/p>\n<ol>\n<li>Explora um parque de trampolins com pelo menos 40 \u00e1reas de saltos.<\/li>\n<li>N\u00e3o \u00e9s um cliente existente nem foi instalado no teu sistema um tecido de saltar da nossa produ\u00e7\u00e3o at\u00e9 \u00e0 data. Por conseguinte, ainda n\u00e3o est\u00e1 familiarizado com os nossos produtos. <\/li>\n<\/ol>\n<p><strong>Procede:<\/strong><\/p>\n<ol>\n<li>Descobre as diferentes propriedades dos nossos tipos de tapetes de saltos na loja online e escolhe a qualidade e a cor.<\/li>\n<li>Seleciona uma cor para a moldura de fita tecida deste artigo promocional.<\/li>\n<li>Seleciona a quantidade &#8220;1&#8221;, adiciona-a ao cesto de compras com outros artigos, se necess\u00e1rio, e envia a encomenda. A promo\u00e7\u00e3o \u00e9 limitada a 1 tapete de saltos. <\/li>\n<li>Entraremos em contacto contigo para esclarecer as dimens\u00f5es. Envia-nos 2 fotografias da tua instala\u00e7\u00e3o de trampolins: uma vista geral que mostre todas as superf\u00edcies de salto e uma fotografia detalhada de uma \u00e1rea de salto. <\/li>\n<li>Receber\u00e1s o teu tapete de saltos personalizado.<\/li>\n<\/ol>\n<p>Receber\u00e1s um m\u00e1ximo de um tapete de saltos at\u00e9 um tamanho de 5m\u00b2 (por exemplo, 220 x 220cm) em tecido tipo 1 ou tipo 2 a um pre\u00e7o especial \u00fanico de apenas<\/p>\n<h4><span style=\"color: #333333;\">175 euros l\u00edquidos mais IVA e portes de envio <\/span><\/h4>\n<p>&nbsp;<\/p>\n<p><strong>Ao escolheres a tua cor, tem em aten\u00e7\u00e3o que, de acordo com a norma DIN EN ISO 23659, deve haver sempre uma diferen\u00e7a de cor claramente vis\u00edvel entre o estofo do trampolim e o tapete de saltos do trampolim. <\/strong><\/p>\n","protected":false},"featured_media":16181,"comment_status":"open","ping_status":"closed","template":"","meta":{"_acf_changed":false},"product_brand":[],"product_cat":[198],"product_tag":[],"class_list":{"0":"post-16152","1":"product","2":"type-product","3":"status-publish","4":"has-post-thumbnail","6":"product_cat-folhas-de-saltos-em-trampolim","8":"first","9":"instock","10":"taxable","11":"shipping-taxable","12":"purchasable","13":"product-type-variable"},"acf":[],"_links":{"self":[{"href":"https:\/\/freizeit-technik.de\/pt-pt\/wp-json\/wp\/v2\/product\/16152","targetHints":{"allow":["GET"]}}],"collection":[{"href":"https:\/\/freizeit-technik.de\/pt-pt\/wp-json\/wp\/v2\/product"}],"about":[{"href":"https:\/\/freizeit-technik.de\/pt-pt\/wp-json\/wp\/v2\/types\/product"}],"replies":[{"embeddable":true,"href":"https:\/\/freizeit-technik.de\/pt-pt\/wp-json\/wp\/v2\/comments?post=16152"}],"wp:featuredmedia":[{"embeddable":true,"href":"https:\/\/freizeit-technik.de\/pt-pt\/wp-json\/wp\/v2\/media\/16181"}],"wp:attachment":[{"href":"https:\/\/freizeit-technik.de\/pt-pt\/wp-json\/wp\/v2\/media?parent=16152"}],"wp:term":[{"taxonomy":"product_brand","embeddable":true,"href":"https:\/\/freizeit-technik.de\/pt-pt\/wp-json\/wp\/v2\/product_brand?post=16152"},{"taxonomy":"product_cat","embeddable":true,"href":"https:\/\/freizeit-technik.de\/pt-pt\/wp-json\/wp\/v2\/product_cat?post=16152"},{"taxonomy":"product_tag","embeddable":true,"href":"https:\/\/freizeit-technik.de\/pt-pt\/wp-json\/wp\/v2\/product_tag?post=16152"}],"curies":[{"name":"wp","href":"https:\/\/api.w.org\/{rel}","templated":true}]}}