{"id":16363,"date":"2025-12-26T18:40:43","date_gmt":"2025-12-26T17:40:43","guid":{"rendered":"https:\/\/freizeit-technik.de\/shop\/clipes-de-barra-para-estrutura-de-aco-sistema-jump-sports\/"},"modified":"2026-05-05T19:34:41","modified_gmt":"2026-05-05T17:34:41","slug":"clipes-de-barra-para-estrutura-de-aco-sistema-jump-sports","status":"publish","type":"product","link":"https:\/\/freizeit-technik.de\/pt-pt\/shop\/clipes-de-barra-para-estrutura-de-aco-sistema-jump-sports\/","title":{"rendered":"Clipes de barra para estrutura de a\u00e7o Sistema Jump Sports"},"content":{"rendered":"<p><b>Adequado para os suportes de mola do sistema de parque de trampolins Jump-Sports.<\/b><\/p>\n","protected":false},"excerpt":{"rendered":"<p>Os clipes de haste funcionam como espa\u00e7adores para manter as molas \u00e0 dist\u00e2ncia de outras pe\u00e7as met\u00e1licas de constru\u00e7\u00e3o. Em casos raros, tamb\u00e9m s\u00e3o utilizados como r\u00f3tulas de encaixe. <\/p>\n","protected":false},"featured_media":14506,"comment_status":"open","ping_status":"closed","template":"","meta":{"_acf_changed":false},"product_brand":[],"product_cat":[222,285,197],"product_tag":[],"class_list":{"0":"post-16363","1":"product","2":"type-product","3":"status-publish","4":"has-post-thumbnail","6":"product_cat-diversos","7":"product_cat-molas-de-trampolim","8":"product_cat-parque-de-trampolins-e-instalacoes-de-trampolins","10":"first","11":"instock","12":"taxable","13":"shipping-taxable","14":"purchasable","15":"product-type-simple"},"acf":[],"_links":{"self":[{"href":"https:\/\/freizeit-technik.de\/pt-pt\/wp-json\/wp\/v2\/product\/16363","targetHints":{"allow":["GET"]}}],"collection":[{"href":"https:\/\/freizeit-technik.de\/pt-pt\/wp-json\/wp\/v2\/product"}],"about":[{"href":"https:\/\/freizeit-technik.de\/pt-pt\/wp-json\/wp\/v2\/types\/product"}],"replies":[{"embeddable":true,"href":"https:\/\/freizeit-technik.de\/pt-pt\/wp-json\/wp\/v2\/comments?post=16363"}],"wp:featuredmedia":[{"embeddable":true,"href":"https:\/\/freizeit-technik.de\/pt-pt\/wp-json\/wp\/v2\/media\/14506"}],"wp:attachment":[{"href":"https:\/\/freizeit-technik.de\/pt-pt\/wp-json\/wp\/v2\/media?parent=16363"}],"wp:term":[{"taxonomy":"product_brand","embeddable":true,"href":"https:\/\/freizeit-technik.de\/pt-pt\/wp-json\/wp\/v2\/product_brand?post=16363"},{"taxonomy":"product_cat","embeddable":true,"href":"https:\/\/freizeit-technik.de\/pt-pt\/wp-json\/wp\/v2\/product_cat?post=16363"},{"taxonomy":"product_tag","embeddable":true,"href":"https:\/\/freizeit-technik.de\/pt-pt\/wp-json\/wp\/v2\/product_tag?post=16363"}],"curies":[{"name":"wp","href":"https:\/\/api.w.org\/{rel}","templated":true}]}}