{"id":16434,"date":"2026-02-12T19:30:32","date_gmt":"2026-02-12T18:30:32","guid":{"rendered":"https:\/\/freizeit-technik.de\/shop\/oferta-especial-almofada-de-estrutura-para-um-trampolim-proline-8-redondo-diametro-exterior-245cm-na-cor-verde-codifica-pr8-5\/"},"modified":"2026-05-05T19:35:21","modified_gmt":"2026-05-05T17:35:21","slug":"oferta-especial-almofada-de-estrutura-para-um-trampolim-proline-8-redondo-diametro-exterior-245cm-na-cor-verde-codifica-pr8-5","status":"publish","type":"product","link":"https:\/\/freizeit-technik.de\/pt-pt\/shop\/oferta-especial-almofada-de-estrutura-para-um-trampolim-proline-8-redondo-diametro-exterior-245cm-na-cor-verde-codifica-pr8-5\/","title":{"rendered":"Oferta especial: Almofada de estrutura para um trampolim Proline 8&#8243; redondo, di\u00e2metro exterior 245cm na cor verde. Codifica: PR8-5"},"content":{"rendered":"<p>Pe\u00e7a \u00fanica, como nova.<\/p>\n","protected":false},"excerpt":{"rendered":"<p>Pe\u00e7a \u00fanica, como nova.<\/p>\n","protected":false},"featured_media":16436,"comment_status":"open","ping_status":"closed","template":"","meta":{"_acf_changed":false},"product_brand":[],"product_cat":[221,228],"product_tag":[],"class_list":{"0":"post-16434","1":"product","2":"type-product","3":"status-publish","4":"has-post-thumbnail","6":"product_cat-instalacoes-de-trampolins-de-bungee","7":"product_cat-trampolins-laterais","9":"first","10":"instock","11":"taxable","12":"shipping-taxable","13":"purchasable","14":"product-type-simple"},"acf":[],"_links":{"self":[{"href":"https:\/\/freizeit-technik.de\/pt-pt\/wp-json\/wp\/v2\/product\/16434","targetHints":{"allow":["GET"]}}],"collection":[{"href":"https:\/\/freizeit-technik.de\/pt-pt\/wp-json\/wp\/v2\/product"}],"about":[{"href":"https:\/\/freizeit-technik.de\/pt-pt\/wp-json\/wp\/v2\/types\/product"}],"replies":[{"embeddable":true,"href":"https:\/\/freizeit-technik.de\/pt-pt\/wp-json\/wp\/v2\/comments?post=16434"}],"wp:featuredmedia":[{"embeddable":true,"href":"https:\/\/freizeit-technik.de\/pt-pt\/wp-json\/wp\/v2\/media\/16436"}],"wp:attachment":[{"href":"https:\/\/freizeit-technik.de\/pt-pt\/wp-json\/wp\/v2\/media?parent=16434"}],"wp:term":[{"taxonomy":"product_brand","embeddable":true,"href":"https:\/\/freizeit-technik.de\/pt-pt\/wp-json\/wp\/v2\/product_brand?post=16434"},{"taxonomy":"product_cat","embeddable":true,"href":"https:\/\/freizeit-technik.de\/pt-pt\/wp-json\/wp\/v2\/product_cat?post=16434"},{"taxonomy":"product_tag","embeddable":true,"href":"https:\/\/freizeit-technik.de\/pt-pt\/wp-json\/wp\/v2\/product_tag?post=16434"}],"curies":[{"name":"wp","href":"https:\/\/api.w.org\/{rel}","templated":true}]}}