{"id":16452,"date":"2026-02-09T19:07:54","date_gmt":"2026-02-09T18:07:54","guid":{"rendered":"https:\/\/freizeit-technik.de\/shop\/oferta-especial-almofada-de-estrutura-para-um-trampolim-proline-8-redondo-diametro-exterior-245cm-na-cor-verde-codifica-pr8-2\/"},"modified":"2026-05-05T19:35:32","modified_gmt":"2026-05-05T17:35:32","slug":"oferta-especial-almofada-de-estrutura-para-um-trampolim-proline-8-redondo-diametro-exterior-245cm-na-cor-verde-codifica-pr8-2","status":"publish","type":"product","link":"https:\/\/freizeit-technik.de\/pt-pt\/shop\/oferta-especial-almofada-de-estrutura-para-um-trampolim-proline-8-redondo-diametro-exterior-245cm-na-cor-verde-codifica-pr8-2\/","title":{"rendered":"Oferta especial: Almofada de estrutura para um trampolim Proline 8&#8243; redondo, di\u00e2metro exterior 245cm na cor verde. Codifica: PR8-2"},"content":{"rendered":"<p>A almofada da estrutura esteve no nosso showroom e tem pequenos danos. V\u00ea as fotografias.<br \/>\nN\u00e3o h\u00e1 qualquer preju\u00edzo funcional devido \u00e0 espuma de c\u00e9lulas fechadas. <\/p>\n","protected":false},"excerpt":{"rendered":"<p>pequenos danos, artigo de exposi\u00e7\u00e3o<\/p>\n","protected":false},"featured_media":16436,"comment_status":"open","ping_status":"closed","template":"","meta":{"_acf_changed":false},"product_brand":[],"product_cat":[221,228],"product_tag":[],"class_list":{"0":"post-16452","1":"product","2":"type-product","3":"status-publish","4":"has-post-thumbnail","6":"product_cat-instalacoes-de-trampolins-de-bungee","7":"product_cat-trampolins-laterais","9":"first","10":"instock","11":"taxable","12":"shipping-taxable","13":"purchasable","14":"product-type-simple"},"acf":[],"_links":{"self":[{"href":"https:\/\/freizeit-technik.de\/pt-pt\/wp-json\/wp\/v2\/product\/16452","targetHints":{"allow":["GET"]}}],"collection":[{"href":"https:\/\/freizeit-technik.de\/pt-pt\/wp-json\/wp\/v2\/product"}],"about":[{"href":"https:\/\/freizeit-technik.de\/pt-pt\/wp-json\/wp\/v2\/types\/product"}],"replies":[{"embeddable":true,"href":"https:\/\/freizeit-technik.de\/pt-pt\/wp-json\/wp\/v2\/comments?post=16452"}],"wp:featuredmedia":[{"embeddable":true,"href":"https:\/\/freizeit-technik.de\/pt-pt\/wp-json\/wp\/v2\/media\/16436"}],"wp:attachment":[{"href":"https:\/\/freizeit-technik.de\/pt-pt\/wp-json\/wp\/v2\/media?parent=16452"}],"wp:term":[{"taxonomy":"product_brand","embeddable":true,"href":"https:\/\/freizeit-technik.de\/pt-pt\/wp-json\/wp\/v2\/product_brand?post=16452"},{"taxonomy":"product_cat","embeddable":true,"href":"https:\/\/freizeit-technik.de\/pt-pt\/wp-json\/wp\/v2\/product_cat?post=16452"},{"taxonomy":"product_tag","embeddable":true,"href":"https:\/\/freizeit-technik.de\/pt-pt\/wp-json\/wp\/v2\/product_tag?post=16452"}],"curies":[{"name":"wp","href":"https:\/\/api.w.org\/{rel}","templated":true}]}}