{"id":16483,"date":"2026-02-07T19:26:28","date_gmt":"2026-02-07T18:26:28","guid":{"rendered":"https:\/\/freizeit-technik.de\/shop\/oferta-especial-almofada-de-estrutura-para-um-trampolim-proline-8-redondo-diametro-exterior-245cm-na-cor-verde-codifica-pr8-3\/"},"modified":"2026-05-05T19:35:50","modified_gmt":"2026-05-05T17:35:50","slug":"oferta-especial-almofada-de-estrutura-para-um-trampolim-proline-8-redondo-diametro-exterior-245cm-na-cor-verde-codifica-pr8-3","status":"publish","type":"product","link":"https:\/\/freizeit-technik.de\/pt-pt\/shop\/oferta-especial-almofada-de-estrutura-para-um-trampolim-proline-8-redondo-diametro-exterior-245cm-na-cor-verde-codifica-pr8-3\/","title":{"rendered":"Oferta especial: Almofada de estrutura para um trampolim Proline 8&#8243; redondo, di\u00e2metro exterior 245cm na cor verde. Codifica: PR8-3"},"content":{"rendered":"<p>Pe\u00e7a \u00fanica, como nova.<\/p>\n","protected":false},"excerpt":{"rendered":"<p>Pe\u00e7a \u00fanica, como nova.<\/p>\n","protected":false},"featured_media":16486,"comment_status":"open","ping_status":"closed","template":"","meta":{"_acf_changed":false},"product_brand":[],"product_cat":[221,228],"product_tag":[],"class_list":{"0":"post-16483","1":"product","2":"type-product","3":"status-publish","4":"has-post-thumbnail","6":"product_cat-instalacoes-de-trampolins-de-bungee","7":"product_cat-trampolins-laterais","9":"first","10":"instock","11":"taxable","12":"shipping-taxable","13":"purchasable","14":"product-type-simple"},"acf":[],"_links":{"self":[{"href":"https:\/\/freizeit-technik.de\/pt-pt\/wp-json\/wp\/v2\/product\/16483","targetHints":{"allow":["GET"]}}],"collection":[{"href":"https:\/\/freizeit-technik.de\/pt-pt\/wp-json\/wp\/v2\/product"}],"about":[{"href":"https:\/\/freizeit-technik.de\/pt-pt\/wp-json\/wp\/v2\/types\/product"}],"replies":[{"embeddable":true,"href":"https:\/\/freizeit-technik.de\/pt-pt\/wp-json\/wp\/v2\/comments?post=16483"}],"wp:featuredmedia":[{"embeddable":true,"href":"https:\/\/freizeit-technik.de\/pt-pt\/wp-json\/wp\/v2\/media\/16486"}],"wp:attachment":[{"href":"https:\/\/freizeit-technik.de\/pt-pt\/wp-json\/wp\/v2\/media?parent=16483"}],"wp:term":[{"taxonomy":"product_brand","embeddable":true,"href":"https:\/\/freizeit-technik.de\/pt-pt\/wp-json\/wp\/v2\/product_brand?post=16483"},{"taxonomy":"product_cat","embeddable":true,"href":"https:\/\/freizeit-technik.de\/pt-pt\/wp-json\/wp\/v2\/product_cat?post=16483"},{"taxonomy":"product_tag","embeddable":true,"href":"https:\/\/freizeit-technik.de\/pt-pt\/wp-json\/wp\/v2\/product_tag?post=16483"}],"curies":[{"name":"wp","href":"https:\/\/api.w.org\/{rel}","templated":true}]}}