{"id":16508,"date":"2026-02-03T19:53:53","date_gmt":"2026-02-03T18:53:53","guid":{"rendered":"https:\/\/freizeit-technik.de\/shop\/oferta-especial-4-x-almofadas-de-estrutura-para-um-trampolim-proline-12-redondo-diametro-exterior-365cm-na-cor-verde-codifica-pr12-4\/"},"modified":"2026-05-07T11:31:04","modified_gmt":"2026-05-07T09:31:04","slug":"oferta-especial-4-x-almofadas-de-estrutura-para-um-trampolim-proline-12-redondo-diametro-exterior-365cm-na-cor-verde-codifica-pr12-4","status":"publish","type":"product","link":"https:\/\/freizeit-technik.de\/pt-pt\/shop\/oferta-especial-4-x-almofadas-de-estrutura-para-um-trampolim-proline-12-redondo-diametro-exterior-365cm-na-cor-verde-codifica-pr12-4\/","title":{"rendered":"Oferta especial: 4 x almofadas de estrutura para um trampolim Proline 12&#8243; redondo, di\u00e2metro exterior 365cm na cor verde. Codifica: PR12-4"},"content":{"rendered":"<p>4 x almofadas de quadro Proline 12&#8243;, 365cm. Est\u00e1 como novo. Tamb\u00e9m adequado para os trampolins Jumpfree Exclusive 12&#8243;, Jumpfree Royal 12&#8243; e Jumpking Airborne 12&#8243;.  <\/p>\n<p>Est\u00e1 como novo &#8211; apenas retirado da embalagem original e reembalado.<\/p>\n","protected":false},"excerpt":{"rendered":"<p>4 x almofadas de quadro Proline 12&#8243;, 365cm. Est\u00e1 como novo. Tamb\u00e9m adequado para os trampolins Jumpfree Exclusive 12&#8243;, Jumpfree Royal 12&#8243; e Jumpking Airborne 12&#8243;. Est\u00e1 como novo &#8211; apenas retirado da embalagem original e reembalado.<\/p>\n","protected":false},"featured_media":16512,"comment_status":"open","ping_status":"closed","template":"","meta":{"_acf_changed":false},"product_brand":[],"product_cat":[221,228],"product_tag":[],"class_list":{"0":"post-16508","1":"product","2":"type-product","3":"status-publish","4":"has-post-thumbnail","6":"product_cat-instalacoes-de-trampolins-de-bungee","7":"product_cat-trampolins-laterais","9":"first","10":"instock","11":"taxable","12":"shipping-taxable","13":"purchasable","14":"product-type-simple"},"acf":[],"_links":{"self":[{"href":"https:\/\/freizeit-technik.de\/pt-pt\/wp-json\/wp\/v2\/product\/16508","targetHints":{"allow":["GET"]}}],"collection":[{"href":"https:\/\/freizeit-technik.de\/pt-pt\/wp-json\/wp\/v2\/product"}],"about":[{"href":"https:\/\/freizeit-technik.de\/pt-pt\/wp-json\/wp\/v2\/types\/product"}],"replies":[{"embeddable":true,"href":"https:\/\/freizeit-technik.de\/pt-pt\/wp-json\/wp\/v2\/comments?post=16508"}],"wp:featuredmedia":[{"embeddable":true,"href":"https:\/\/freizeit-technik.de\/pt-pt\/wp-json\/wp\/v2\/media\/16512"}],"wp:attachment":[{"href":"https:\/\/freizeit-technik.de\/pt-pt\/wp-json\/wp\/v2\/media?parent=16508"}],"wp:term":[{"taxonomy":"product_brand","embeddable":true,"href":"https:\/\/freizeit-technik.de\/pt-pt\/wp-json\/wp\/v2\/product_brand?post=16508"},{"taxonomy":"product_cat","embeddable":true,"href":"https:\/\/freizeit-technik.de\/pt-pt\/wp-json\/wp\/v2\/product_cat?post=16508"},{"taxonomy":"product_tag","embeddable":true,"href":"https:\/\/freizeit-technik.de\/pt-pt\/wp-json\/wp\/v2\/product_tag?post=16508"}],"curies":[{"name":"wp","href":"https:\/\/api.w.org\/{rel}","templated":true}]}}