{"id":16527,"date":"2026-02-03T19:52:00","date_gmt":"2026-02-03T18:52:00","guid":{"rendered":"https:\/\/freizeit-technik.de\/shop\/oferta-especial-tapete-de-salto-fabricado-nos-eua-para-proline-de-14-com-96-molas-codigo-96-1\/"},"modified":"2026-05-07T11:31:10","modified_gmt":"2026-05-07T09:31:10","slug":"oferta-especial-tapete-de-salto-fabricado-nos-eua-para-proline-de-14-com-96-molas-codigo-96-1","status":"publish","type":"product","link":"https:\/\/freizeit-technik.de\/pt-pt\/shop\/oferta-especial-tapete-de-salto-fabricado-nos-eua-para-proline-de-14-com-96-molas-codigo-96-1\/","title":{"rendered":"Oferta especial: tapete de salto fabricado nos EUA para Proline de 14&#8243; com 96 molas. C\u00f3digo: 96-1"},"content":{"rendered":"<p><span class=\"tx-ttproducts-pi1-wrap2\"><strong>Tamanho: para uma estrutura de 14&#8243; (427cm), na qual s\u00e3o utilizadas 96 molas de 215mm de comprimento (n\u00e3o tensionadas).<br \/>\nPeso: 5 kg<br \/>\nTamanho da embalagem: 47 x 40 x 12 cm<\/strong><strong><br \/>\n<\/strong><\/span><\/p>\n<p>&nbsp;<\/p>\n","protected":false},"excerpt":{"rendered":"<p><span class=\"tx-ttproducts-pi1-wrap2\"><strong>Tecido PP standard para arma\u00e7\u00e3o de 14&#8243; (427cm), no qual s\u00e3o utilizadas 96 molas de 215mm de comprimento (n\u00e3o tensionadas).<\/strong><\/span><br \/>\nAlta qualidade.<\/p>\n","protected":false},"featured_media":16530,"comment_status":"open","ping_status":"closed","template":"","meta":{"_acf_changed":false},"product_brand":[],"product_cat":[221,228],"product_tag":[],"class_list":{"0":"post-16527","1":"product","2":"type-product","3":"status-publish","4":"has-post-thumbnail","6":"product_cat-instalacoes-de-trampolins-de-bungee","7":"product_cat-trampolins-laterais","9":"first","10":"instock","11":"taxable","12":"shipping-taxable","13":"purchasable","14":"product-type-simple"},"acf":[],"_links":{"self":[{"href":"https:\/\/freizeit-technik.de\/pt-pt\/wp-json\/wp\/v2\/product\/16527","targetHints":{"allow":["GET"]}}],"collection":[{"href":"https:\/\/freizeit-technik.de\/pt-pt\/wp-json\/wp\/v2\/product"}],"about":[{"href":"https:\/\/freizeit-technik.de\/pt-pt\/wp-json\/wp\/v2\/types\/product"}],"replies":[{"embeddable":true,"href":"https:\/\/freizeit-technik.de\/pt-pt\/wp-json\/wp\/v2\/comments?post=16527"}],"wp:featuredmedia":[{"embeddable":true,"href":"https:\/\/freizeit-technik.de\/pt-pt\/wp-json\/wp\/v2\/media\/16530"}],"wp:attachment":[{"href":"https:\/\/freizeit-technik.de\/pt-pt\/wp-json\/wp\/v2\/media?parent=16527"}],"wp:term":[{"taxonomy":"product_brand","embeddable":true,"href":"https:\/\/freizeit-technik.de\/pt-pt\/wp-json\/wp\/v2\/product_brand?post=16527"},{"taxonomy":"product_cat","embeddable":true,"href":"https:\/\/freizeit-technik.de\/pt-pt\/wp-json\/wp\/v2\/product_cat?post=16527"},{"taxonomy":"product_tag","embeddable":true,"href":"https:\/\/freizeit-technik.de\/pt-pt\/wp-json\/wp\/v2\/product_tag?post=16527"}],"curies":[{"name":"wp","href":"https:\/\/api.w.org\/{rel}","templated":true}]}}