{"id":16549,"date":"2018-08-22T15:49:26","date_gmt":"2018-08-22T13:49:26","guid":{"rendered":"https:\/\/freizeit-technik.de\/shop\/insercao-para-estofos\/"},"modified":"2026-05-07T12:10:52","modified_gmt":"2026-05-07T10:10:52","slug":"insercao-para-estofos","status":"publish","type":"product","link":"https:\/\/freizeit-technik.de\/pt-pt\/shop\/insercao-para-estofos\/","title":{"rendered":"Inser\u00e7\u00e3o para estofos"},"content":{"rendered":"","protected":false},"excerpt":{"rendered":"<p>Inser\u00e7\u00e3o de almofada para pontos de passagem do sistema de almofada tipo 2 (parque de trampolins)<\/p>\n","protected":false},"featured_media":16550,"comment_status":"open","ping_status":"closed","template":"","meta":{"_acf_changed":false},"product_brand":[],"product_cat":[334],"product_tag":[],"class_list":{"0":"post-16549","1":"product","2":"type-product","3":"status-publish","4":"has-post-thumbnail","6":"product_cat-almofada-de-parque-de-trampolins-t2","8":"first","9":"instock","10":"taxable","11":"shipping-taxable","12":"purchasable","13":"product-type-variable","14":"has-default-attributes"},"acf":[],"_links":{"self":[{"href":"https:\/\/freizeit-technik.de\/pt-pt\/wp-json\/wp\/v2\/product\/16549","targetHints":{"allow":["GET"]}}],"collection":[{"href":"https:\/\/freizeit-technik.de\/pt-pt\/wp-json\/wp\/v2\/product"}],"about":[{"href":"https:\/\/freizeit-technik.de\/pt-pt\/wp-json\/wp\/v2\/types\/product"}],"replies":[{"embeddable":true,"href":"https:\/\/freizeit-technik.de\/pt-pt\/wp-json\/wp\/v2\/comments?post=16549"}],"wp:featuredmedia":[{"embeddable":true,"href":"https:\/\/freizeit-technik.de\/pt-pt\/wp-json\/wp\/v2\/media\/16550"}],"wp:attachment":[{"href":"https:\/\/freizeit-technik.de\/pt-pt\/wp-json\/wp\/v2\/media?parent=16549"}],"wp:term":[{"taxonomy":"product_brand","embeddable":true,"href":"https:\/\/freizeit-technik.de\/pt-pt\/wp-json\/wp\/v2\/product_brand?post=16549"},{"taxonomy":"product_cat","embeddable":true,"href":"https:\/\/freizeit-technik.de\/pt-pt\/wp-json\/wp\/v2\/product_cat?post=16549"},{"taxonomy":"product_tag","embeddable":true,"href":"https:\/\/freizeit-technik.de\/pt-pt\/wp-json\/wp\/v2\/product_tag?post=16549"}],"curies":[{"name":"wp","href":"https:\/\/api.w.org\/{rel}","templated":true}]}}