{"id":16568,"date":"2018-04-13T17:10:09","date_gmt":"2018-04-13T15:10:09","guid":{"rendered":"https:\/\/freizeit-technik.de\/shop\/reboque-de-carrocaria\/"},"modified":"2026-05-07T12:11:52","modified_gmt":"2026-05-07T10:11:52","slug":"reboque-de-carrocaria","status":"publish","type":"product","link":"https:\/\/freizeit-technik.de\/pt-pt\/shop\/reboque-de-carrocaria\/","title":{"rendered":"Reboque de carro\u00e7aria"},"content":{"rendered":"","protected":false},"excerpt":{"rendered":"<p>Carrinho de carro\u00e7aria para Eurobungy 4in1 ou 4Tramp Classic. Tamb\u00e9m \u00e9 necess\u00e1rio um <a href=\"https:\/\/freizeit-technik.de\/shop\/seilwinde-tea-he-200-fuer-unsere-profi-anlagen\/\">TEA HE200<\/a>, que n\u00e3o est\u00e1 inclu\u00eddo no \u00e2mbito da entrega. <\/p>\n","protected":false},"featured_media":16569,"comment_status":"open","ping_status":"closed","template":"","meta":{"_acf_changed":false},"product_brand":[],"product_cat":[337,221],"product_tag":[],"class_list":{"0":"post-16568","1":"product","2":"type-product","3":"status-publish","4":"has-post-thumbnail","6":"product_cat-diversos-2","7":"product_cat-instalacoes-de-trampolins-de-bungee","9":"first","10":"instock","11":"taxable","12":"shipping-taxable","13":"purchasable","14":"product-type-simple"},"acf":[],"_links":{"self":[{"href":"https:\/\/freizeit-technik.de\/pt-pt\/wp-json\/wp\/v2\/product\/16568","targetHints":{"allow":["GET"]}}],"collection":[{"href":"https:\/\/freizeit-technik.de\/pt-pt\/wp-json\/wp\/v2\/product"}],"about":[{"href":"https:\/\/freizeit-technik.de\/pt-pt\/wp-json\/wp\/v2\/types\/product"}],"replies":[{"embeddable":true,"href":"https:\/\/freizeit-technik.de\/pt-pt\/wp-json\/wp\/v2\/comments?post=16568"}],"wp:featuredmedia":[{"embeddable":true,"href":"https:\/\/freizeit-technik.de\/pt-pt\/wp-json\/wp\/v2\/media\/16569"}],"wp:attachment":[{"href":"https:\/\/freizeit-technik.de\/pt-pt\/wp-json\/wp\/v2\/media?parent=16568"}],"wp:term":[{"taxonomy":"product_brand","embeddable":true,"href":"https:\/\/freizeit-technik.de\/pt-pt\/wp-json\/wp\/v2\/product_brand?post=16568"},{"taxonomy":"product_cat","embeddable":true,"href":"https:\/\/freizeit-technik.de\/pt-pt\/wp-json\/wp\/v2\/product_cat?post=16568"},{"taxonomy":"product_tag","embeddable":true,"href":"https:\/\/freizeit-technik.de\/pt-pt\/wp-json\/wp\/v2\/product_tag?post=16568"}],"curies":[{"name":"wp","href":"https:\/\/api.w.org\/{rel}","templated":true}]}}