{"id":16639,"date":"2020-04-23T15:02:10","date_gmt":"2020-04-23T13:02:10","guid":{"rendered":"https:\/\/freizeit-technik.de\/shop\/12-jumpfree-royal-trampolim-de-jardim-370\/"},"modified":"2026-05-11T11:04:54","modified_gmt":"2026-05-11T09:04:54","slug":"12-jumpfree-royal-trampolim-de-jardim-370","status":"publish","type":"product","link":"https:\/\/freizeit-technik.de\/pt-pt\/shop\/12-jumpfree-royal-trampolim-de-jardim-370\/","title":{"rendered":"12&#8221; Jumpfree Royal trampolim de jardim (3,70)"},"content":{"rendered":"<p><span class=\"tx-ttproducts-pi1-wrap2\"><strong><img loading=\"lazy\" decoding=\"async\" src=\"http:\/\/shop.freizeit-technik.de\/images\/content\/tuevgs.jpg\" alt=\"\" width=\"70\" height=\"32\" align=\"absMiddle\"><\/strong><\/span><\/p>\n<p><strong>Di\u00e2metro: 3,70 m<br \/>\nPeso: 91 kg<br \/>\nPeso m\u00e1x. Peso do utilizador: 130 kg<br \/>\nEspessura do tubo: 2 mm<br \/>\nN\u00famero de molas: 80<br \/>\nCor da cobertura da estrutura: azul<br \/>\nEspessura da almofada: 30 mm<br \/>\nCertifica\u00e7\u00e3o: T\u00dcV\/GS<br \/>\nTamanho da embalagem: 150 x 55 x 43 cm <\/strong><\/p>\n<p><img loading=\"lazy\" decoding=\"async\" class=\"size-full wp-image-688 alignleft\" src=\"https:\/\/freizeit-technik.de\/wp-content\/uploads\/2017\/03\/Q_asia-1.gif\" alt=\"\" width=\"64\" height=\"64\"><img loading=\"lazy\" decoding=\"async\" class=\"size-full wp-image-694 alignleft\" src=\"https:\/\/freizeit-technik.de\/wp-content\/uploads\/2017\/03\/premium_line.gif\" alt=\"\" width=\"119\" height=\"64\"><\/p>\n<p>&nbsp;<\/p>\n","protected":false},"excerpt":{"rendered":"<p>Os trampolins da marca Jumpfree beneficiam das d\u00e9cadas de experi\u00eancia da lend\u00e1ria empresa antecessora Jumpking (EUA). Apenas os trampolins Jumpfree Exclusive ou Royal s\u00e3o utilizados nas nossas grandes instala\u00e7\u00f5es de trampolins de bungee utilizadas comercialmente. N\u00e3o sem raz\u00e3o!  <\/p>\n<p>Em termos de qualidade, os trampolins de jardim Jumpfree estabelecem o padr\u00e3o pelo qual todos os outros fabricantes de<br \/>\nt\u00eam de se medir.<br \/>\n<strong><u>Nota importante:<br \/>\n<\/u><\/strong>Os trampolins de jardim e os acess\u00f3rios Jumpfree Royal e Proline s\u00e3o classificados como &#8220;Linha Premium&#8221; quando utilizados em sistemas de trampolim com el\u00e1stico. A qualidade dos produtos \u00e9 elevada. No entanto, estes produtos s\u00e3o apenas adequados para utiliza\u00e7\u00e3o comercial em combina\u00e7\u00e3o com o sistema de el\u00e1stico e n\u00e3o substituem de forma alguma um sistema de trampolim profissional (por exemplo, Multitramp). Estes produtos n\u00e3o foram concebidos para este tipo de utiliza\u00e7\u00e3o!   <\/p>\n","protected":false},"featured_media":16644,"comment_status":"open","ping_status":"closed","template":"","meta":{"_acf_changed":false},"product_brand":[],"product_cat":[221,228],"product_tag":[],"class_list":{"0":"post-16639","1":"product","2":"type-product","3":"status-publish","4":"has-post-thumbnail","6":"product_cat-instalacoes-de-trampolins-de-bungee","7":"product_cat-trampolins-laterais","9":"first","10":"instock","11":"taxable","12":"shipping-taxable","13":"purchasable","14":"product-type-simple"},"acf":[],"_links":{"self":[{"href":"https:\/\/freizeit-technik.de\/pt-pt\/wp-json\/wp\/v2\/product\/16639","targetHints":{"allow":["GET"]}}],"collection":[{"href":"https:\/\/freizeit-technik.de\/pt-pt\/wp-json\/wp\/v2\/product"}],"about":[{"href":"https:\/\/freizeit-technik.de\/pt-pt\/wp-json\/wp\/v2\/types\/product"}],"replies":[{"embeddable":true,"href":"https:\/\/freizeit-technik.de\/pt-pt\/wp-json\/wp\/v2\/comments?post=16639"}],"wp:featuredmedia":[{"embeddable":true,"href":"https:\/\/freizeit-technik.de\/pt-pt\/wp-json\/wp\/v2\/media\/16644"}],"wp:attachment":[{"href":"https:\/\/freizeit-technik.de\/pt-pt\/wp-json\/wp\/v2\/media?parent=16639"}],"wp:term":[{"taxonomy":"product_brand","embeddable":true,"href":"https:\/\/freizeit-technik.de\/pt-pt\/wp-json\/wp\/v2\/product_brand?post=16639"},{"taxonomy":"product_cat","embeddable":true,"href":"https:\/\/freizeit-technik.de\/pt-pt\/wp-json\/wp\/v2\/product_cat?post=16639"},{"taxonomy":"product_tag","embeddable":true,"href":"https:\/\/freizeit-technik.de\/pt-pt\/wp-json\/wp\/v2\/product_tag?post=16639"}],"curies":[{"name":"wp","href":"https:\/\/api.w.org\/{rel}","templated":true}]}}